{"id":233970,"date":"2022-03-09T13:09:03","date_gmt":"2022-03-09T09:39:03","guid":{"rendered":"https:\/\/melalepersian.com\/product\/%d9%81%d8%b1%d9%87%d9%86%da%af-%d8%aa%d8%b5%d9%88%db%8c%d8%b1%db%8c-%d8%b2%d8%a8%d8%a7%d9%86-%d9%81%d8%a7%d8%b1%d8%b3%db%8c-%da%a9%d9%88%d8%af%da%a9%d8%a7%d9%86\/"},"modified":"2025-01-18T13:55:35","modified_gmt":"2025-01-18T10:25:35","slug":"culture-visuelle-persane-enfants","status":"publish","type":"product","link":"https:\/\/melalepersian.com\/fr\/product\/culture-visuelle-persane-enfants\/","title":{"rendered":"Culture visuelle persane (enfants)"},"content":{"rendered":"<p>L\u2019importance de l\u2019utilisation de la culture dans l\u2019apprentissage des langues est incontournable, mais la culture visuelle est plus importante pour les enfants. Apprendre une langue \u00e0 travers des images est tellement agr\u00e9able pour les enfants qu\u2019il facilite et stabilise l\u2019apprentissage. En raison de cette importance, nous avons pr\u00e9par\u00e9 la premi\u00e8re culture visuelle en langue persane pour les enfants non persanophones.<\/p><p><strong>Caract\u00e9ristiques de la culture visuelle persane (enfants):<\/strong><\/p><ul class=\"wp-block-list\">\r\n<li>Plus de 1000 mots \u00e0 haute fr\u00e9quence et utiles<\/li>\r\n<li>Belles images attrayantes<\/li>\r\n<li>Transcription phon\u00e9tique<\/li>\r\n<\/ul><p>&nbsp;<\/p><p><strong>Some audio and photos of our book:<\/strong><\/p><figure class=\"wp-block-gallery has-nested-images columns-default is-cropped wp-block-gallery-1 is-layout-flex wp-block-gallery-is-layout-flex\"><figure class=\"wp-block-image size-large\"><a href=\"https:\/\/melalepersian.com\/wp-content\/uploads\/2022\/03\/Persian-Picture-Dictionary-Page-81.jpg\"><img fetchpriority=\"high\" decoding=\"async\" width=\"600\" height=\"823\" data-id=\"234867\" class=\"wp-image-234867\" src=\"https:\/\/melalepersian.com\/wp-content\/uploads\/2022\/03\/Persian-Picture-Dictionary-Page-81.jpg\" alt=\"\" srcset=\"https:\/\/melalepersian.com\/fr\/wp-content\/uploads\/2022\/03\/Persian-Picture-Dictionary-Page-81.jpg 600w, https:\/\/melalepersian.com\/fr\/wp-content\/uploads\/2022\/03\/Persian-Picture-Dictionary-Page-81-219x300.jpg 219w, https:\/\/melalepersian.com\/fr\/wp-content\/uploads\/2022\/03\/Persian-Picture-Dictionary-Page-81-109x150.jpg 109w\" sizes=\"(max-width: 600px) 100vw, 600px\" \/><\/a>\r\n<figcaption>Animals<\/figcaption>\r\n<\/figure>\r\n\r\n<figure class=\"wp-block-image size-large\"><a href=\"https:\/\/melalepersian.com\/wp-content\/uploads\/2022\/03\/Persian-Picture-Dictionary-Page-64.jpg\"><img decoding=\"async\" width=\"600\" height=\"823\" data-id=\"234869\" class=\"wp-image-234869\" src=\"https:\/\/melalepersian.com\/wp-content\/uploads\/2022\/03\/Persian-Picture-Dictionary-Page-64.jpg\" alt=\"\" srcset=\"https:\/\/melalepersian.com\/fr\/wp-content\/uploads\/2022\/03\/Persian-Picture-Dictionary-Page-64.jpg 600w, https:\/\/melalepersian.com\/fr\/wp-content\/uploads\/2022\/03\/Persian-Picture-Dictionary-Page-64-219x300.jpg 219w, https:\/\/melalepersian.com\/fr\/wp-content\/uploads\/2022\/03\/Persian-Picture-Dictionary-Page-64-109x150.jpg 109w\" sizes=\"(max-width: 600px) 100vw, 600px\" \/><\/a>\r\n<figcaption>Foods<\/figcaption>\r\n<\/figure>\r\n\r\n<figure class=\"wp-block-image size-large\"><a href=\"https:\/\/melalepersian.com\/wp-content\/uploads\/2022\/03\/Persian-Picture-Dictionary-Page-144.jpg\"><img decoding=\"async\" width=\"600\" height=\"823\" data-id=\"234872\" class=\"wp-image-234872\" src=\"https:\/\/melalepersian.com\/wp-content\/uploads\/2022\/03\/Persian-Picture-Dictionary-Page-144.jpg\" alt=\"\" srcset=\"https:\/\/melalepersian.com\/fr\/wp-content\/uploads\/2022\/03\/Persian-Picture-Dictionary-Page-144.jpg 600w, https:\/\/melalepersian.com\/fr\/wp-content\/uploads\/2022\/03\/Persian-Picture-Dictionary-Page-144-219x300.jpg 219w, https:\/\/melalepersian.com\/fr\/wp-content\/uploads\/2022\/03\/Persian-Picture-Dictionary-Page-144-109x150.jpg 109w\" sizes=\"(max-width: 600px) 100vw, 600px\" \/><\/a>\r\n<figcaption>Sports<\/figcaption>\r\n<\/figure><\/figure><div class=\"wp-block-group is-horizontal is-content-justification-space-between is-nowrap is-layout-flex wp-container-core-group-is-layout-1 wp-block-group-is-layout-flex\"><figure class=\"wp-block-audio\"><audio src=\"https:\/\/melalepersian.com\/wp-content\/uploads\/2022\/03\/3.-sabzi-khordan.mp3\" controls=\"controls\"><\/audio>\r\n<figcaption>Sabzi Khordan<\/figcaption>\r\n<\/figure>\r\n\r\n<figure class=\"wp-block-audio\"><audio src=\"https:\/\/melalepersian.com\/wp-content\/uploads\/2023\/05\/8.-ash-reshte.mp3\" controls=\"controls\"><\/audio>\r\n<figcaption>Ash Reshte<\/figcaption>\r\n<\/figure>\r\n\r\n<figure class=\"wp-block-audio\"><audio src=\"https:\/\/melalepersian.com\/wp-content\/uploads\/2023\/05\/5.-badan-sazi.mp3\" controls=\"controls\"><\/audio>\r\n<figcaption>Badan Sazi<\/figcaption>\r\n<\/figure><\/div>","protected":false},"excerpt":{"rendered":"<p>L\u2019importance de l\u2019utilisation de la culture dans l\u2019apprentissage des langues est incontournable, mais la culture visuelle est plus importante pour les enfants. Apprendre une langue \u00e0 travers des images est tellement agr\u00e9able pour les enfants qu\u2019il facilite et stabilise l\u2019apprentissage. En raison de cette importance, nous avons pr\u00e9par\u00e9 la premi\u00e8re culture visuelle en langue persane [&hellip;]<\/p>\n","protected":false},"featured_media":237207,"comment_status":"open","ping_status":"closed","template":"","meta":{"_acf_changed":false},"product_brand":[],"product_cat":[792],"product_tag":[],"class_list":{"0":"post-233970","1":"product","2":"type-product","3":"status-publish","4":"has-post-thumbnail","6":"product_cat-enseignement-de-la-langue-persane-enfants","8":"first","9":"instock","10":"sale","11":"shipping-taxable","12":"purchasable","13":"product-type-simple"},"acf":[],"yoast_head":"<!-- This site is optimized with the Yoast SEO Premium plugin v23.8 (Yoast SEO v24.1) - https:\/\/yoast.com\/wordpress\/plugins\/seo\/ -->\n<title>Culture visuelle persane (enfants)<\/title>\n<meta name=\"robots\" content=\"index, follow, max-snippet:-1, max-image-preview:large, max-video-preview:-1\" \/>\n<link rel=\"canonical\" href=\"https:\/\/melalepersian.com\/fr\/product\/culture-visuelle-persane-enfants\/\" \/>\n<meta property=\"og:locale\" content=\"fr_FR\" \/>\n<meta property=\"og:type\" content=\"article\" \/>\n<meta property=\"og:title\" content=\"Culture visuelle persane (enfants)\" \/>\n<meta property=\"og:description\" content=\"L\u2019importance de l\u2019utilisation de la culture dans l\u2019apprentissage des langues est incontournable, mais la culture visuelle est plus importante pour les enfants. Apprendre une langue \u00e0 travers des images est tellement agr\u00e9able pour les enfants qu\u2019il facilite et stabilise l\u2019apprentissage. En raison de cette importance, nous avons pr\u00e9par\u00e9 la premi\u00e8re culture visuelle en langue persane [&hellip;]\" \/>\n<meta property=\"og:url\" content=\"https:\/\/melalepersian.com\/fr\/product\/culture-visuelle-persane-enfants\/\" \/>\n<meta property=\"og:site_name\" content=\"Centre \u00e9ducatif Nations Persanes - Centre de formation \u00e0 la culture et aux arts iraniens\" \/>\n<meta property=\"article:publisher\" content=\"https:\/\/www.facebook.com\/melalepersian\" \/>\n<meta property=\"article:modified_time\" content=\"2025-01-18T10:25:35+00:00\" \/>\n<meta property=\"og:image\" content=\"https:\/\/melalepersian.com\/fr\/wp-content\/uploads\/2022\/03\/ulture-visuelle-persane.jpg\" \/>\n\t<meta property=\"og:image:width\" content=\"1200\" \/>\n\t<meta property=\"og:image:height\" content=\"800\" \/>\n\t<meta property=\"og:image:type\" content=\"image\/jpeg\" \/>\n<meta name=\"twitter:card\" content=\"summary_large_image\" \/>\n<meta name=\"twitter:label1\" content=\"Prix\" \/>\n\t<meta name=\"twitter:data1\" content=\"&#036;39 Le prix initial \u00e9tait\u00a0: &#036;39.&#036;29Le prix actuel est\u00a0: &#036;29.\" \/>\n\t<meta name=\"twitter:label2\" content=\"Availability\" \/>\n\t<meta name=\"twitter:data2\" content=\"In stock\" \/>\n<script type=\"application\/ld+json\" class=\"yoast-schema-graph\">{\"@context\":\"https:\/\/schema.org\",\"@graph\":[{\"@type\":\"WebPage\",\"@id\":\"https:\/\/melalepersian.com\/fr\/product\/culture-visuelle-persane-enfants\/\",\"url\":\"https:\/\/melalepersian.com\/fr\/product\/culture-visuelle-persane-enfants\/\",\"name\":\"Culture visuelle persane (enfants)\",\"isPartOf\":{\"@id\":\"https:\/\/melalepersian.com\/fr\/#website\"},\"primaryImageOfPage\":{\"@id\":\"https:\/\/melalepersian.com\/fr\/product\/culture-visuelle-persane-enfants\/#primaryimage\"},\"image\":{\"@id\":\"https:\/\/melalepersian.com\/fr\/product\/culture-visuelle-persane-enfants\/#primaryimage\"},\"thumbnailUrl\":\"https:\/\/melalepersian.com\/fr\/wp-content\/uploads\/2022\/03\/ulture-visuelle-persane.jpg\",\"datePublished\":\"2022-03-09T09:39:03+00:00\",\"dateModified\":\"2025-01-18T10:25:35+00:00\",\"breadcrumb\":{\"@id\":\"https:\/\/melalepersian.com\/fr\/product\/culture-visuelle-persane-enfants\/#breadcrumb\"},\"inLanguage\":\"fr-FR\",\"potentialAction\":[{\"@type\":\"ReadAction\",\"target\":[\"https:\/\/melalepersian.com\/fr\/product\/culture-visuelle-persane-enfants\/\"]}]},{\"@type\":\"ImageObject\",\"inLanguage\":\"fr-FR\",\"@id\":\"https:\/\/melalepersian.com\/fr\/product\/culture-visuelle-persane-enfants\/#primaryimage\",\"url\":\"https:\/\/melalepersian.com\/fr\/wp-content\/uploads\/2022\/03\/ulture-visuelle-persane.jpg\",\"contentUrl\":\"https:\/\/melalepersian.com\/fr\/wp-content\/uploads\/2022\/03\/ulture-visuelle-persane.jpg\",\"width\":1200,\"height\":800},{\"@type\":\"BreadcrumbList\",\"@id\":\"https:\/\/melalepersian.com\/fr\/product\/culture-visuelle-persane-enfants\/#breadcrumb\",\"itemListElement\":[{\"@type\":\"ListItem\",\"position\":1,\"name\":\"\u062e\u0627\u0646\u0647\",\"item\":\"https:\/\/melalepersian.com\/fr\/\"},{\"@type\":\"ListItem\",\"position\":2,\"name\":\"Shop\",\"item\":\"https:\/\/melalepersian.com\/fr\/shop\/\"},{\"@type\":\"ListItem\",\"position\":3,\"name\":\"Culture visuelle persane (enfants)\"}]},{\"@type\":\"WebSite\",\"@id\":\"https:\/\/melalepersian.com\/fr\/#website\",\"url\":\"https:\/\/melalepersian.com\/fr\/\",\"name\":\"Centre \u00e9ducatif Nations Persanes - Centre de formation \u00e0 la culture et aux arts iraniens\",\"description\":\"Formation en litt\u00e9rature, langue, musique, architecture et tourisme de la terre d&#039;Iran\",\"publisher\":{\"@id\":\"https:\/\/melalepersian.com\/fr\/#organization\"},\"potentialAction\":[{\"@type\":\"SearchAction\",\"target\":{\"@type\":\"EntryPoint\",\"urlTemplate\":\"https:\/\/melalepersian.com\/fr\/?s={search_term_string}\"},\"query-input\":{\"@type\":\"PropertyValueSpecification\",\"valueRequired\":true,\"valueName\":\"search_term_string\"}}],\"inLanguage\":\"fr-FR\"},{\"@type\":\"Organization\",\"@id\":\"https:\/\/melalepersian.com\/fr\/#organization\",\"name\":\"Melale International Educational Complex\",\"url\":\"https:\/\/melalepersian.com\/fr\/\",\"logo\":{\"@type\":\"ImageObject\",\"inLanguage\":\"fr-FR\",\"@id\":\"https:\/\/melalepersian.com\/fr\/#\/schema\/logo\/image\/\",\"url\":\"https:\/\/melalepersian.com\/wp-content\/uploads\/2022\/02\/melalepersian-logo-500.svg\",\"contentUrl\":\"https:\/\/melalepersian.com\/wp-content\/uploads\/2022\/02\/melalepersian-logo-500.svg\",\"width\":676,\"height\":491,\"caption\":\"Melale International Educational Complex\"},\"image\":{\"@id\":\"https:\/\/melalepersian.com\/fr\/#\/schema\/logo\/image\/\"},\"sameAs\":[\"https:\/\/www.facebook.com\/melalepersian\",\"https:\/\/www.linkedin.com\/company\/melalepersian\/\",\"https:\/\/www.instagram.com\/melalepersian\/\"],\"description\":\"MelalePersian is the biggest online and offline shop for learning language, literature, architecture, and art of rich Persian heritage. With the aim of promoting and obtaining cultural interactions. The services have vast and divergence provided for interested individuals with considering to highest quality. This international, Iranian-French, company is trying to be the best representative of Iranian artistic works around the world.\",\"email\":\"info@melalepersian.com\",\"legalName\":\"MelalePersian\",\"foundingDate\":\"2020-07-23\",\"numberOfEmployees\":{\"@type\":\"QuantitativeValue\",\"minValue\":\"11\",\"maxValue\":\"50\"}}]}<\/script>\n<meta property=\"product:price:amount\" content=\"29\" \/>\n<meta property=\"product:price:currency\" content=\"USD\" \/>\n<meta property=\"og:availability\" content=\"instock\" \/>\n<meta property=\"product:availability\" content=\"instock\" \/>\n<meta property=\"product:condition\" content=\"new\" \/>\n<!-- \/ Yoast SEO Premium plugin. -->","yoast_head_json":{"title":"Culture visuelle persane (enfants)","robots":{"index":"index","follow":"follow","max-snippet":"max-snippet:-1","max-image-preview":"max-image-preview:large","max-video-preview":"max-video-preview:-1"},"canonical":"https:\/\/melalepersian.com\/fr\/product\/culture-visuelle-persane-enfants\/","og_locale":"fr_FR","og_type":"article","og_title":"Culture visuelle persane (enfants)","og_description":"L\u2019importance de l\u2019utilisation de la culture dans l\u2019apprentissage des langues est incontournable, mais la culture visuelle est plus importante pour les enfants. Apprendre une langue \u00e0 travers des images est tellement agr\u00e9able pour les enfants qu\u2019il facilite et stabilise l\u2019apprentissage. En raison de cette importance, nous avons pr\u00e9par\u00e9 la premi\u00e8re culture visuelle en langue persane [&hellip;]","og_url":"https:\/\/melalepersian.com\/fr\/product\/culture-visuelle-persane-enfants\/","og_site_name":"Centre \u00e9ducatif Nations Persanes - Centre de formation \u00e0 la culture et aux arts iraniens","article_publisher":"https:\/\/www.facebook.com\/melalepersian","article_modified_time":"2025-01-18T10:25:35+00:00","og_image":[{"width":1200,"height":800,"url":"https:\/\/melalepersian.com\/fr\/wp-content\/uploads\/2022\/03\/ulture-visuelle-persane.jpg","type":"image\/jpeg"}],"twitter_card":"summary_large_image","twitter_misc":{"Prix":"&#36;39 Le prix initial \u00e9tait\u00a0: &#036;39.&#36;29Le prix actuel est\u00a0: &#036;29.","Availability":"In stock"},"schema":{"@context":"https:\/\/schema.org","@graph":[{"@type":"WebPage","@id":"https:\/\/melalepersian.com\/fr\/product\/culture-visuelle-persane-enfants\/","url":"https:\/\/melalepersian.com\/fr\/product\/culture-visuelle-persane-enfants\/","name":"Culture visuelle persane (enfants)","isPartOf":{"@id":"https:\/\/melalepersian.com\/fr\/#website"},"primaryImageOfPage":{"@id":"https:\/\/melalepersian.com\/fr\/product\/culture-visuelle-persane-enfants\/#primaryimage"},"image":{"@id":"https:\/\/melalepersian.com\/fr\/product\/culture-visuelle-persane-enfants\/#primaryimage"},"thumbnailUrl":"https:\/\/melalepersian.com\/fr\/wp-content\/uploads\/2022\/03\/ulture-visuelle-persane.jpg","datePublished":"2022-03-09T09:39:03+00:00","dateModified":"2025-01-18T10:25:35+00:00","breadcrumb":{"@id":"https:\/\/melalepersian.com\/fr\/product\/culture-visuelle-persane-enfants\/#breadcrumb"},"inLanguage":"fr-FR","potentialAction":[{"@type":"ReadAction","target":["https:\/\/melalepersian.com\/fr\/product\/culture-visuelle-persane-enfants\/"]}]},{"@type":"ImageObject","inLanguage":"fr-FR","@id":"https:\/\/melalepersian.com\/fr\/product\/culture-visuelle-persane-enfants\/#primaryimage","url":"https:\/\/melalepersian.com\/fr\/wp-content\/uploads\/2022\/03\/ulture-visuelle-persane.jpg","contentUrl":"https:\/\/melalepersian.com\/fr\/wp-content\/uploads\/2022\/03\/ulture-visuelle-persane.jpg","width":1200,"height":800},{"@type":"BreadcrumbList","@id":"https:\/\/melalepersian.com\/fr\/product\/culture-visuelle-persane-enfants\/#breadcrumb","itemListElement":[{"@type":"ListItem","position":1,"name":"\u062e\u0627\u0646\u0647","item":"https:\/\/melalepersian.com\/fr\/"},{"@type":"ListItem","position":2,"name":"Shop","item":"https:\/\/melalepersian.com\/fr\/shop\/"},{"@type":"ListItem","position":3,"name":"Culture visuelle persane (enfants)"}]},{"@type":"WebSite","@id":"https:\/\/melalepersian.com\/fr\/#website","url":"https:\/\/melalepersian.com\/fr\/","name":"Centre \u00e9ducatif Nations Persanes - Centre de formation \u00e0 la culture et aux arts iraniens","description":"Formation en litt\u00e9rature, langue, musique, architecture et tourisme de la terre d&#039;Iran","publisher":{"@id":"https:\/\/melalepersian.com\/fr\/#organization"},"potentialAction":[{"@type":"SearchAction","target":{"@type":"EntryPoint","urlTemplate":"https:\/\/melalepersian.com\/fr\/?s={search_term_string}"},"query-input":{"@type":"PropertyValueSpecification","valueRequired":true,"valueName":"search_term_string"}}],"inLanguage":"fr-FR"},{"@type":"Organization","@id":"https:\/\/melalepersian.com\/fr\/#organization","name":"Melale International Educational Complex","url":"https:\/\/melalepersian.com\/fr\/","logo":{"@type":"ImageObject","inLanguage":"fr-FR","@id":"https:\/\/melalepersian.com\/fr\/#\/schema\/logo\/image\/","url":"https:\/\/melalepersian.com\/wp-content\/uploads\/2022\/02\/melalepersian-logo-500.svg","contentUrl":"https:\/\/melalepersian.com\/wp-content\/uploads\/2022\/02\/melalepersian-logo-500.svg","width":676,"height":491,"caption":"Melale International Educational Complex"},"image":{"@id":"https:\/\/melalepersian.com\/fr\/#\/schema\/logo\/image\/"},"sameAs":["https:\/\/www.facebook.com\/melalepersian","https:\/\/www.linkedin.com\/company\/melalepersian\/","https:\/\/www.instagram.com\/melalepersian\/"],"description":"MelalePersian is the biggest online and offline shop for learning language, literature, architecture, and art of rich Persian heritage. With the aim of promoting and obtaining cultural interactions. The services have vast and divergence provided for interested individuals with considering to highest quality. This international, Iranian-French, company is trying to be the best representative of Iranian artistic works around the world.","email":"info@melalepersian.com","legalName":"MelalePersian","foundingDate":"2020-07-23","numberOfEmployees":{"@type":"QuantitativeValue","minValue":"11","maxValue":"50"}}]},"product_price_amount":"29","product_price_currency":"USD","og_availability":"instock","product_availability":"instock","product_condition":"new"},"_links":{"self":[{"href":"https:\/\/melalepersian.com\/fr\/wp-json\/wp\/v2\/product\/233970","targetHints":{"allow":["GET"]}}],"collection":[{"href":"https:\/\/melalepersian.com\/fr\/wp-json\/wp\/v2\/product"}],"about":[{"href":"https:\/\/melalepersian.com\/fr\/wp-json\/wp\/v2\/types\/product"}],"replies":[{"embeddable":true,"href":"https:\/\/melalepersian.com\/fr\/wp-json\/wp\/v2\/comments?post=233970"}],"version-history":[{"count":1,"href":"https:\/\/melalepersian.com\/fr\/wp-json\/wp\/v2\/product\/233970\/revisions"}],"predecessor-version":[{"id":237208,"href":"https:\/\/melalepersian.com\/fr\/wp-json\/wp\/v2\/product\/233970\/revisions\/237208"}],"wp:featuredmedia":[{"embeddable":true,"href":"https:\/\/melalepersian.com\/fr\/wp-json\/wp\/v2\/media\/237207"}],"wp:attachment":[{"href":"https:\/\/melalepersian.com\/fr\/wp-json\/wp\/v2\/media?parent=233970"}],"wp:term":[{"taxonomy":"product_brand","embeddable":true,"href":"https:\/\/melalepersian.com\/fr\/wp-json\/wp\/v2\/product_brand?post=233970"},{"taxonomy":"product_cat","embeddable":true,"href":"https:\/\/melalepersian.com\/fr\/wp-json\/wp\/v2\/product_cat?post=233970"},{"taxonomy":"product_tag","embeddable":true,"href":"https:\/\/melalepersian.com\/fr\/wp-json\/wp\/v2\/product_tag?post=233970"}],"curies":[{"name":"wp","href":"https:\/\/api.w.org\/{rel}","templated":true}]}}