{"id":233629,"date":"2022-01-19T10:59:10","date_gmt":"2022-01-19T07:29:10","guid":{"rendered":"https:\/\/melalepersian.com\/product\/%d8%aa%d8%a7%d8%b1%db%8c%d8%ae-%d9%85%d9%88%d8%b3%db%8c%d9%82%db%8c-%d8%a7%db%8c%d8%b1%d8%a7%d9%86%db%8c\/"},"modified":"2023-02-13T08:36:28","modified_gmt":"2023-02-13T05:06:28","slug":"histoire-de-la-musique-iranienne","status":"publish","type":"product","link":"https:\/\/melalepersian.com\/fr\/product\/histoire-de-la-musique-iranienne\/","title":{"rendered":"Histoire de la musique iranienne (Depuis l&rsquo;Antiquit\u00e9 jusqu\u2019\u00e0 la R\u00e9volution islamique)"},"content":{"rendered":"<p>La connaissance de l&rsquo;histoire de la musique iranienne depuis l&rsquo;Antiquit\u00e9 jusqu&rsquo;\u00e0 nos jours permet de mieux conna\u00eetre sa place dans le monde entier et ouvre la voie pour la compr\u00e9hension de ses caract\u00e9ristiques musicales.<\/p><figure class=\"wp-block-embed is-type-video is-provider-youtube wp-block-embed-youtube wp-embed-aspect-16-9 wp-has-aspect-ratio\"><div class=\"wp-block-embed__wrapper\">\n<iframe title=\"\u062f\u0648\u0646\u0648\u0627\u0632\u06cc \u062a\u0627\u0631 \u0648 \u062f\u0627\u06cc\u0631\u0647 \u062f\u0631 \u0645\u0627\u06cc\u0647\u200c\u0654 \u0627\u0641\u0634\u0627\u0631\u06cc\" width=\"800\" height=\"450\" src=\"https:\/\/www.youtube.com\/embed\/TqpsFTmfM3Q?feature=oembed\" frameborder=\"0\" allow=\"accelerometer; autoplay; clipboard-write; encrypted-media; gyroscope; picture-in-picture; web-share\" referrerpolicy=\"strict-origin-when-cross-origin\" allowfullscreen><\/iframe>\n<\/div><\/figure><p>Ce cours de formation passe en revue les d\u00e9veloppements historiques les plus importants ainsi que leur impact sur la musique iranienne et d\u00e9crit l&rsquo;\u00e9volution de la musique dans l\u2019Iran comme suit:<\/p><ol class=\"wp-block-list\" type=\"A\"><li>Caract\u00e9ristiques musicales et celles de la performance \u00e0 chaque \u00e9poque<\/li><li>Contenu majeur des ballades et des chansons<\/li><li>Personnalit\u00e9s influentes de chaque p\u00e9riode et revue de leurs \u0153uvres marquantes<\/li><\/ol><p>Pour certaines p\u00e9riodes historiques sp\u00e9cifiques, des ateliers distincts seront organis\u00e9s en fonction des besoins et des chercheurs et experts concern\u00e9s y seront invit\u00e9s.<\/p><p>Les sessions de ce cours sont organis\u00e9es en <strong>28 heures<\/strong> et se pr\u00e9sentent comme suit:<\/p>[course_sections]","protected":false},"excerpt":{"rendered":"<p>La musique iranienne est l&rsquo;un des plus anciens tr\u00e9sors audio dans le monde, comme en t\u00e9moignent des documents historiques sur la richesse et l\u2019influence de cette musique sur les airs des autres territoires. Cependant, les p\u00e9rip\u00e9ties historiques du territoire de l\u2019Iran et les restrictions et les probl\u00e8mes qui ne cessent pas de s\u2019imposer depuis les si\u00e8cles derniers, ont cr\u00e9\u00e9 des ambigu\u00eft\u00e9s dans la reconnaissance de la relation entre les chansons actuelles et l&rsquo;h\u00e9ritage musical du pass\u00e9 lointain. Ce que l&rsquo;on appelle aujourd&rsquo;hui la musique iranienne est bas\u00e9 sur des m\u00e9lodies qui ont surv\u00e9cus \u00e0 l\u2019\u00e9poque Qadjar qui nous sont parvenues sous forme d&rsquo;un r\u00e9pertoire de musique iranien. Les d\u00e9veloppements culturels, sociaux et politiques contemporains ont laiss\u00e9 un impact significatif sur la mode de repr\u00e9sentation de ces m\u00e9lodies.<\/p>\n","protected":false},"featured_media":232478,"comment_status":"open","ping_status":"closed","template":"","meta":{"_acf_changed":false},"product_brand":[],"product_cat":[778],"product_tag":[],"class_list":{"0":"post-233629","1":"product","2":"type-product","3":"status-publish","4":"has-post-thumbnail","6":"product_cat-music","8":"first","9":"instock","10":"shipping-taxable","11":"product-type-simple"},"acf":[],"yoast_head":"<!-- This site is optimized with the Yoast SEO Premium plugin v23.8 (Yoast SEO v24.1) - https:\/\/yoast.com\/wordpress\/plugins\/seo\/ -->\n<title>Histoire de la musique iranienne (Depuis l&#039;Antiquit\u00e9 jusqu\u2019\u00e0 la R\u00e9volution islamique)<\/title>\n<meta name=\"robots\" content=\"index, follow, max-snippet:-1, max-image-preview:large, max-video-preview:-1\" \/>\n<link rel=\"canonical\" href=\"https:\/\/melalepersian.com\/fr\/product\/histoire-de-la-musique-iranienne\/\" \/>\n<meta property=\"og:locale\" content=\"fr_FR\" \/>\n<meta property=\"og:type\" content=\"article\" \/>\n<meta property=\"og:title\" content=\"Histoire de la musique iranienne (Depuis l&#039;Antiquit\u00e9 jusqu\u2019\u00e0 la R\u00e9volution islamique)\" \/>\n<meta property=\"og:description\" content=\"La musique iranienne est l&#039;un des plus anciens tr\u00e9sors audio dans le monde, comme en t\u00e9moignent des documents historiques sur la richesse et l\u2019influence de cette musique sur les airs des autres territoires. Cependant, les p\u00e9rip\u00e9ties historiques du territoire de l\u2019Iran et les restrictions et les probl\u00e8mes qui ne cessent pas de s\u2019imposer depuis les si\u00e8cles derniers, ont cr\u00e9\u00e9 des ambigu\u00eft\u00e9s dans la reconnaissance de la relation entre les chansons actuelles et l&#039;h\u00e9ritage musical du pass\u00e9 lointain. Ce que l&#039;on appelle aujourd&#039;hui la musique iranienne est bas\u00e9 sur des m\u00e9lodies qui ont surv\u00e9cus \u00e0 l\u2019\u00e9poque Qadjar qui nous sont parvenues sous forme d&#039;un r\u00e9pertoire de musique iranien. Les d\u00e9veloppements culturels, sociaux et politiques contemporains ont laiss\u00e9 un impact significatif sur la mode de repr\u00e9sentation de ces m\u00e9lodies.\" \/>\n<meta property=\"og:url\" content=\"https:\/\/melalepersian.com\/fr\/product\/histoire-de-la-musique-iranienne\/\" \/>\n<meta property=\"og:site_name\" content=\"Centre \u00e9ducatif Nations Persanes - Centre de formation \u00e0 la culture et aux arts iraniens\" \/>\n<meta property=\"article:publisher\" content=\"https:\/\/www.facebook.com\/melalepersian\" \/>\n<meta property=\"article:modified_time\" content=\"2023-02-13T05:06:28+00:00\" \/>\n<meta property=\"og:image\" content=\"https:\/\/melalepersian.com\/fr\/wp-content\/uploads\/2022\/01\/\u062a\u0627\u0631\u06cc\u062e-\u0645\u0648\u0633\u06cc\u0642\u06cc-\u0627\u06cc\u0631\u0627\u0646.webp\" \/>\n\t<meta property=\"og:image:width\" content=\"800\" \/>\n\t<meta property=\"og:image:height\" content=\"300\" \/>\n\t<meta property=\"og:image:type\" content=\"image\/webp\" \/>\n<meta name=\"twitter:card\" content=\"summary_large_image\" \/>\n<meta name=\"twitter:label1\" content=\"Prix\" \/>\n\t<meta name=\"twitter:data1\" content=\"\" \/>\n\t<meta name=\"twitter:label2\" content=\"Availability\" \/>\n\t<meta name=\"twitter:data2\" content=\"In stock\" \/>\n<script type=\"application\/ld+json\" class=\"yoast-schema-graph\">{\"@context\":\"https:\/\/schema.org\",\"@graph\":[{\"@type\":\"WebPage\",\"@id\":\"https:\/\/melalepersian.com\/fr\/product\/histoire-de-la-musique-iranienne\/\",\"url\":\"https:\/\/melalepersian.com\/fr\/product\/histoire-de-la-musique-iranienne\/\",\"name\":\"Histoire de la musique iranienne (Depuis l'Antiquit\u00e9 jusqu\u2019\u00e0 la R\u00e9volution islamique)\",\"isPartOf\":{\"@id\":\"https:\/\/melalepersian.com\/fr\/#website\"},\"primaryImageOfPage\":{\"@id\":\"https:\/\/melalepersian.com\/fr\/product\/histoire-de-la-musique-iranienne\/#primaryimage\"},\"image\":{\"@id\":\"https:\/\/melalepersian.com\/fr\/product\/histoire-de-la-musique-iranienne\/#primaryimage\"},\"thumbnailUrl\":\"https:\/\/melalepersian.com\/fr\/wp-content\/uploads\/2022\/01\/\u062a\u0627\u0631\u06cc\u062e-\u0645\u0648\u0633\u06cc\u0642\u06cc-\u0627\u06cc\u0631\u0627\u0646.webp\",\"datePublished\":\"2022-01-19T07:29:10+00:00\",\"dateModified\":\"2023-02-13T05:06:28+00:00\",\"breadcrumb\":{\"@id\":\"https:\/\/melalepersian.com\/fr\/product\/histoire-de-la-musique-iranienne\/#breadcrumb\"},\"inLanguage\":\"fr-FR\",\"potentialAction\":[{\"@type\":\"ReadAction\",\"target\":[\"https:\/\/melalepersian.com\/fr\/product\/histoire-de-la-musique-iranienne\/\"]}]},{\"@type\":\"ImageObject\",\"inLanguage\":\"fr-FR\",\"@id\":\"https:\/\/melalepersian.com\/fr\/product\/histoire-de-la-musique-iranienne\/#primaryimage\",\"url\":\"https:\/\/melalepersian.com\/fr\/wp-content\/uploads\/2022\/01\/\u062a\u0627\u0631\u06cc\u062e-\u0645\u0648\u0633\u06cc\u0642\u06cc-\u0627\u06cc\u0631\u0627\u0646.webp\",\"contentUrl\":\"https:\/\/melalepersian.com\/fr\/wp-content\/uploads\/2022\/01\/\u062a\u0627\u0631\u06cc\u062e-\u0645\u0648\u0633\u06cc\u0642\u06cc-\u0627\u06cc\u0631\u0627\u0646.webp\",\"width\":800,\"height\":300,\"caption\":\"\u062a\u0627\u0631\u06cc\u062e \u0645\u0648\u0633\u06cc\u0642\u06cc \u0627\u06cc\u0631\u0627\u0646\"},{\"@type\":\"BreadcrumbList\",\"@id\":\"https:\/\/melalepersian.com\/fr\/product\/histoire-de-la-musique-iranienne\/#breadcrumb\",\"itemListElement\":[{\"@type\":\"ListItem\",\"position\":1,\"name\":\"\u062e\u0627\u0646\u0647\",\"item\":\"https:\/\/melalepersian.com\/fr\/\"},{\"@type\":\"ListItem\",\"position\":2,\"name\":\"Shop\",\"item\":\"https:\/\/melalepersian.com\/fr\/shop\/\"},{\"@type\":\"ListItem\",\"position\":3,\"name\":\"Histoire de la musique iranienne (Depuis l&#8217;Antiquit\u00e9 jusqu\u2019\u00e0 la R\u00e9volution islamique)\"}]},{\"@type\":\"WebSite\",\"@id\":\"https:\/\/melalepersian.com\/fr\/#website\",\"url\":\"https:\/\/melalepersian.com\/fr\/\",\"name\":\"Centre \u00e9ducatif Nations Persanes - Centre de formation \u00e0 la culture et aux arts iraniens\",\"description\":\"Formation en litt\u00e9rature, langue, musique, architecture et tourisme de la terre d&#039;Iran\",\"publisher\":{\"@id\":\"https:\/\/melalepersian.com\/fr\/#organization\"},\"potentialAction\":[{\"@type\":\"SearchAction\",\"target\":{\"@type\":\"EntryPoint\",\"urlTemplate\":\"https:\/\/melalepersian.com\/fr\/?s={search_term_string}\"},\"query-input\":{\"@type\":\"PropertyValueSpecification\",\"valueRequired\":true,\"valueName\":\"search_term_string\"}}],\"inLanguage\":\"fr-FR\"},{\"@type\":\"Organization\",\"@id\":\"https:\/\/melalepersian.com\/fr\/#organization\",\"name\":\"Melale International Educational Complex\",\"url\":\"https:\/\/melalepersian.com\/fr\/\",\"logo\":{\"@type\":\"ImageObject\",\"inLanguage\":\"fr-FR\",\"@id\":\"https:\/\/melalepersian.com\/fr\/#\/schema\/logo\/image\/\",\"url\":\"https:\/\/melalepersian.com\/wp-content\/uploads\/2022\/02\/melalepersian-logo-500.svg\",\"contentUrl\":\"https:\/\/melalepersian.com\/wp-content\/uploads\/2022\/02\/melalepersian-logo-500.svg\",\"width\":676,\"height\":491,\"caption\":\"Melale International Educational Complex\"},\"image\":{\"@id\":\"https:\/\/melalepersian.com\/fr\/#\/schema\/logo\/image\/\"},\"sameAs\":[\"https:\/\/www.facebook.com\/melalepersian\",\"https:\/\/www.linkedin.com\/company\/melalepersian\/\",\"https:\/\/www.instagram.com\/melalepersian\/\"],\"description\":\"MelalePersian is the biggest online and offline shop for learning language, literature, architecture, and art of rich Persian heritage. With the aim of promoting and obtaining cultural interactions. The services have vast and divergence provided for interested individuals with considering to highest quality. This international, Iranian-French, company is trying to be the best representative of Iranian artistic works around the world.\",\"email\":\"info@melalepersian.com\",\"legalName\":\"MelalePersian\",\"foundingDate\":\"2020-07-23\",\"numberOfEmployees\":{\"@type\":\"QuantitativeValue\",\"minValue\":\"11\",\"maxValue\":\"50\"}}]}<\/script>\n<meta property=\"product:price:amount\" content=\"0\" \/>\n<meta property=\"product:price:currency\" content=\"USD\" \/>\n<meta property=\"og:availability\" content=\"instock\" \/>\n<meta property=\"product:availability\" content=\"instock\" \/>\n<meta property=\"product:condition\" content=\"new\" \/>\n<!-- \/ Yoast SEO Premium plugin. -->","yoast_head_json":{"title":"Histoire de la musique iranienne (Depuis l'Antiquit\u00e9 jusqu\u2019\u00e0 la R\u00e9volution islamique)","robots":{"index":"index","follow":"follow","max-snippet":"max-snippet:-1","max-image-preview":"max-image-preview:large","max-video-preview":"max-video-preview:-1"},"canonical":"https:\/\/melalepersian.com\/fr\/product\/histoire-de-la-musique-iranienne\/","og_locale":"fr_FR","og_type":"article","og_title":"Histoire de la musique iranienne (Depuis l'Antiquit\u00e9 jusqu\u2019\u00e0 la R\u00e9volution islamique)","og_description":"La musique iranienne est l'un des plus anciens tr\u00e9sors audio dans le monde, comme en t\u00e9moignent des documents historiques sur la richesse et l\u2019influence de cette musique sur les airs des autres territoires. Cependant, les p\u00e9rip\u00e9ties historiques du territoire de l\u2019Iran et les restrictions et les probl\u00e8mes qui ne cessent pas de s\u2019imposer depuis les si\u00e8cles derniers, ont cr\u00e9\u00e9 des ambigu\u00eft\u00e9s dans la reconnaissance de la relation entre les chansons actuelles et l'h\u00e9ritage musical du pass\u00e9 lointain. Ce que l'on appelle aujourd'hui la musique iranienne est bas\u00e9 sur des m\u00e9lodies qui ont surv\u00e9cus \u00e0 l\u2019\u00e9poque Qadjar qui nous sont parvenues sous forme d'un r\u00e9pertoire de musique iranien. Les d\u00e9veloppements culturels, sociaux et politiques contemporains ont laiss\u00e9 un impact significatif sur la mode de repr\u00e9sentation de ces m\u00e9lodies.","og_url":"https:\/\/melalepersian.com\/fr\/product\/histoire-de-la-musique-iranienne\/","og_site_name":"Centre \u00e9ducatif Nations Persanes - Centre de formation \u00e0 la culture et aux arts iraniens","article_publisher":"https:\/\/www.facebook.com\/melalepersian","article_modified_time":"2023-02-13T05:06:28+00:00","og_image":[{"width":800,"height":300,"url":"https:\/\/melalepersian.com\/fr\/wp-content\/uploads\/2022\/01\/\u062a\u0627\u0631\u06cc\u062e-\u0645\u0648\u0633\u06cc\u0642\u06cc-\u0627\u06cc\u0631\u0627\u0646.webp","type":"image\/webp"}],"twitter_card":"summary_large_image","twitter_misc":{"Prix":"","Availability":"In stock"},"schema":{"@context":"https:\/\/schema.org","@graph":[{"@type":"WebPage","@id":"https:\/\/melalepersian.com\/fr\/product\/histoire-de-la-musique-iranienne\/","url":"https:\/\/melalepersian.com\/fr\/product\/histoire-de-la-musique-iranienne\/","name":"Histoire de la musique iranienne (Depuis l'Antiquit\u00e9 jusqu\u2019\u00e0 la R\u00e9volution islamique)","isPartOf":{"@id":"https:\/\/melalepersian.com\/fr\/#website"},"primaryImageOfPage":{"@id":"https:\/\/melalepersian.com\/fr\/product\/histoire-de-la-musique-iranienne\/#primaryimage"},"image":{"@id":"https:\/\/melalepersian.com\/fr\/product\/histoire-de-la-musique-iranienne\/#primaryimage"},"thumbnailUrl":"https:\/\/melalepersian.com\/fr\/wp-content\/uploads\/2022\/01\/\u062a\u0627\u0631\u06cc\u062e-\u0645\u0648\u0633\u06cc\u0642\u06cc-\u0627\u06cc\u0631\u0627\u0646.webp","datePublished":"2022-01-19T07:29:10+00:00","dateModified":"2023-02-13T05:06:28+00:00","breadcrumb":{"@id":"https:\/\/melalepersian.com\/fr\/product\/histoire-de-la-musique-iranienne\/#breadcrumb"},"inLanguage":"fr-FR","potentialAction":[{"@type":"ReadAction","target":["https:\/\/melalepersian.com\/fr\/product\/histoire-de-la-musique-iranienne\/"]}]},{"@type":"ImageObject","inLanguage":"fr-FR","@id":"https:\/\/melalepersian.com\/fr\/product\/histoire-de-la-musique-iranienne\/#primaryimage","url":"https:\/\/melalepersian.com\/fr\/wp-content\/uploads\/2022\/01\/\u062a\u0627\u0631\u06cc\u062e-\u0645\u0648\u0633\u06cc\u0642\u06cc-\u0627\u06cc\u0631\u0627\u0646.webp","contentUrl":"https:\/\/melalepersian.com\/fr\/wp-content\/uploads\/2022\/01\/\u062a\u0627\u0631\u06cc\u062e-\u0645\u0648\u0633\u06cc\u0642\u06cc-\u0627\u06cc\u0631\u0627\u0646.webp","width":800,"height":300,"caption":"\u062a\u0627\u0631\u06cc\u062e \u0645\u0648\u0633\u06cc\u0642\u06cc \u0627\u06cc\u0631\u0627\u0646"},{"@type":"BreadcrumbList","@id":"https:\/\/melalepersian.com\/fr\/product\/histoire-de-la-musique-iranienne\/#breadcrumb","itemListElement":[{"@type":"ListItem","position":1,"name":"\u062e\u0627\u0646\u0647","item":"https:\/\/melalepersian.com\/fr\/"},{"@type":"ListItem","position":2,"name":"Shop","item":"https:\/\/melalepersian.com\/fr\/shop\/"},{"@type":"ListItem","position":3,"name":"Histoire de la musique iranienne (Depuis l&#8217;Antiquit\u00e9 jusqu\u2019\u00e0 la R\u00e9volution islamique)"}]},{"@type":"WebSite","@id":"https:\/\/melalepersian.com\/fr\/#website","url":"https:\/\/melalepersian.com\/fr\/","name":"Centre \u00e9ducatif Nations Persanes - Centre de formation \u00e0 la culture et aux arts iraniens","description":"Formation en litt\u00e9rature, langue, musique, architecture et tourisme de la terre d&#039;Iran","publisher":{"@id":"https:\/\/melalepersian.com\/fr\/#organization"},"potentialAction":[{"@type":"SearchAction","target":{"@type":"EntryPoint","urlTemplate":"https:\/\/melalepersian.com\/fr\/?s={search_term_string}"},"query-input":{"@type":"PropertyValueSpecification","valueRequired":true,"valueName":"search_term_string"}}],"inLanguage":"fr-FR"},{"@type":"Organization","@id":"https:\/\/melalepersian.com\/fr\/#organization","name":"Melale International Educational Complex","url":"https:\/\/melalepersian.com\/fr\/","logo":{"@type":"ImageObject","inLanguage":"fr-FR","@id":"https:\/\/melalepersian.com\/fr\/#\/schema\/logo\/image\/","url":"https:\/\/melalepersian.com\/wp-content\/uploads\/2022\/02\/melalepersian-logo-500.svg","contentUrl":"https:\/\/melalepersian.com\/wp-content\/uploads\/2022\/02\/melalepersian-logo-500.svg","width":676,"height":491,"caption":"Melale International Educational Complex"},"image":{"@id":"https:\/\/melalepersian.com\/fr\/#\/schema\/logo\/image\/"},"sameAs":["https:\/\/www.facebook.com\/melalepersian","https:\/\/www.linkedin.com\/company\/melalepersian\/","https:\/\/www.instagram.com\/melalepersian\/"],"description":"MelalePersian is the biggest online and offline shop for learning language, literature, architecture, and art of rich Persian heritage. With the aim of promoting and obtaining cultural interactions. The services have vast and divergence provided for interested individuals with considering to highest quality. This international, Iranian-French, company is trying to be the best representative of Iranian artistic works around the world.","email":"info@melalepersian.com","legalName":"MelalePersian","foundingDate":"2020-07-23","numberOfEmployees":{"@type":"QuantitativeValue","minValue":"11","maxValue":"50"}}]},"product_price_currency":"USD","og_availability":"instock","product_availability":"instock","product_condition":"new"},"_links":{"self":[{"href":"https:\/\/melalepersian.com\/fr\/wp-json\/wp\/v2\/product\/233629","targetHints":{"allow":["GET"]}}],"collection":[{"href":"https:\/\/melalepersian.com\/fr\/wp-json\/wp\/v2\/product"}],"about":[{"href":"https:\/\/melalepersian.com\/fr\/wp-json\/wp\/v2\/types\/product"}],"replies":[{"embeddable":true,"href":"https:\/\/melalepersian.com\/fr\/wp-json\/wp\/v2\/comments?post=233629"}],"version-history":[{"count":0,"href":"https:\/\/melalepersian.com\/fr\/wp-json\/wp\/v2\/product\/233629\/revisions"}],"wp:featuredmedia":[{"embeddable":true,"href":"https:\/\/melalepersian.com\/fr\/wp-json\/wp\/v2\/media\/232478"}],"wp:attachment":[{"href":"https:\/\/melalepersian.com\/fr\/wp-json\/wp\/v2\/media?parent=233629"}],"wp:term":[{"taxonomy":"product_brand","embeddable":true,"href":"https:\/\/melalepersian.com\/fr\/wp-json\/wp\/v2\/product_brand?post=233629"},{"taxonomy":"product_cat","embeddable":true,"href":"https:\/\/melalepersian.com\/fr\/wp-json\/wp\/v2\/product_cat?post=233629"},{"taxonomy":"product_tag","embeddable":true,"href":"https:\/\/melalepersian.com\/fr\/wp-json\/wp\/v2\/product_tag?post=233629"}],"curies":[{"name":"wp","href":"https:\/\/api.w.org\/{rel}","templated":true}]}}