{"id":233296,"date":"2022-02-01T11:12:00","date_gmt":"2022-02-16T08:44:00","guid":{"rendered":"https:\/\/melalepersian.com\/product\/pech-pech\/"},"modified":"2025-01-18T13:44:29","modified_gmt":"2025-01-18T10:14:29","slug":"pech-pech","status":"publish","type":"product","link":"https:\/\/melalepersian.com\/fr\/product\/pech-pech\/","title":{"rendered":"Pech Pech: Apprendre le persan &#8211; enfants (6-12 ans) &#8211; Cours d&rsquo;alphabet"},"content":{"rendered":"<p>Dans les cours hors ligne, intitul\u00e9s Petch-Petch, nous tentons d&rsquo;enseigner l&rsquo;alphabet persan aux enfants de 6 \u00e0 12 ans en profitant des enseignants exp\u00e9riment\u00e9s et de nouvelles technologies \u00e9ducatives. C\u2019est \u00e0 noter qu&rsquo;en raison des particularit\u00e9s de l&rsquo;alphabet persan, telles que l&rsquo;\u00e9criture de droite \u00e0 gauche et la connexion des lettres, nous avons envisag\u00e9 des cours sp\u00e9cialis\u00e9s en enseignement de l&rsquo;alphabet persan avant les cours pour les d\u00e9butants (A1-):<\/p><h3 class=\"wp-block-heading\">CECR (Cadre Europ\u00e9en Commun de R\u00e9f\u00e9rence)<\/h3><div class=\"su-tabs su-tabs-style-default su-tabs-mobile-stack\" data-active=\"1\" data-scroll-offset=\"0\" data-anchor-in-url=\"no\"><div class=\"su-tabs-nav\"><span class=\"\" data-url=\"\" data-target=\"blank\" tabindex=\"0\" role=\"button\">-A1<\/span><span class=\"\" data-url=\"\" data-target=\"blank\" tabindex=\"0\" role=\"button\">A1<\/span><span class=\"\" data-url=\"\" data-target=\"blank\" tabindex=\"0\" role=\"button\">A2<\/span><span class=\"\" data-url=\"\" data-target=\"blank\" tabindex=\"0\" role=\"button\">B1<\/span><span class=\"\" data-url=\"\" data-target=\"blank\" tabindex=\"0\" role=\"button\">B2<\/span><span class=\"\" data-url=\"\" data-target=\"blank\" tabindex=\"0\" role=\"button\">C1<\/span><span class=\"\" data-url=\"\" data-target=\"blank\" tabindex=\"0\" role=\"button\">C2<\/span><\/div><div class=\"su-tabs-panes\"><div class=\"su-tabs-pane su-u-clearfix su-u-trim\" data-title=\"-A1\">Niveau tout-d\u00e9butant (Alphabet) L&rsquo;apprenant sera capable de reconna\u00eetre les lettres persanes, \u00e9crire en persan de droite \u00e0 gauche, relier les lettres et lire et \u00e9crire des mots persans fr\u00e9quemment utilis\u00e9s.<\/div>\n<div class=\"su-tabs-pane su-u-clearfix su-u-trim\" data-title=\"A1\">Breakthrough or beginner<\/p>\n<ul>\n<li>Can understand and use familiar everyday expressions and very basic phrases aimed at the satisfaction of needs of a concrete type.<\/li>\n<li>Can introduce themselves and others and can ask and answer questions about personal details such as where they live, people they know, and things they have.<\/li>\n<li>Can interact in a simple way provided the other person talks slowly and clearly and is prepared to help.<\/li>\n<\/ul>\n<\/div>\n<div class=\"su-tabs-pane su-u-clearfix su-u-trim\" data-title=\"A2\">Waystage or elementary<\/p>\n<ul>\n<li>Can understand sentences and frequently used expressions related to areas of most immediate relevance (e.g. very basic personal and family information, shopping, local geography, employment).<\/li>\n<li>Can communicate in simple and routine tasks requiring a simple and direct exchange of information on familiar and routine matters<\/li>\n<li>Can describe in simple terms aspects of their background, immediate environment and matters in areas of immediate need.<\/li>\n<\/ul>\n<\/div>\n<div class=\"su-tabs-pane su-u-clearfix su-u-trim\" data-title=\"B1\">Threshold or intermediate<\/p>\n<ul>\n<li>Can understand the main points of clear standard input on familiar matters regularly encountered in work, school, leisure, etc.<\/li>\n<li>Can deal with most situations likely to arise while traveling in an area where the language is spoken.<\/li>\n<li>Can produce simple connected text on topics that are familiar or of personal interest.<\/li>\n<li>Can describe experiences and events, dreams, hopes and ambitions and briefly give reasons and explanations for opinions and plans.<\/li>\n<\/ul>\n<\/div>\n<div class=\"su-tabs-pane su-u-clearfix su-u-trim\" data-title=\"B2\">Vantage or upper intermediate<\/p>\n<ul>\n<li>Can understand the main ideas of complex text on both concrete and abstract topics, including technical discussions in their field of specialization.<\/li>\n<li>Can interact with a degree of fluency and spontaneity that makes regular interaction with native speakers quite possible without strain for either party.<\/li>\n<li>Can produce clear, detailed text on a wide range of subjects and explain a viewpoint on a topical issue giving the advantages and disadvantages of various options.<\/li>\n<\/ul>\n<\/div>\n<div class=\"su-tabs-pane su-u-clearfix su-u-trim\" data-title=\"C1\">Effective operational proficiency or advanced<\/p>\n<ul>\n<li>Can understand a wide range of demanding, longer clauses, and recognize implicit meaning.<\/li>\n<li>Can express ideas fluently and spontaneously without much obvious searching for expressions.<\/li>\n<li>Can use language flexibly and effectively for social, academic and professional purposes.<\/li>\n<li>Can produce clear, well-structured, detailed text on complex subjects, showing controlled use of organizational patterns, connectors and cohesive devices.<\/li>\n<\/ul>\n<\/div>\n<div class=\"su-tabs-pane su-u-clearfix su-u-trim\" data-title=\"C2\">Mastery or proficiency<\/p>\n<ul>\n<li>Can understand with ease virtually everything heard or read.<\/li>\n<li>Can summarize information from different spoken and written sources, reconstructing arguments and accounts in a coherent presentation.<\/li>\n<li>Can express themselves spontaneously, very fluently and precisely, differentiating finer shades of meaning even in the most complex situations.<\/li>\n<\/ul>\n<\/div><\/div><\/div><p>De plus, toutes les le\u00e7ons de ce cours sont accompagn\u00e9es de fichiers PDF facultatifs pour perfectionner les comp\u00e9tences en r\u00e9daction.<\/p><h3 class=\"wp-block-heading\">Sp\u00e9cialit\u00e9s de Petch-Petch:<\/h3><ul class=\"wp-block-list\">\r\n<li>Le premier cours de langue persane pour les enfants iraniens hors d\u2019Iran<\/li>\r\n<li>Conforme aux standards internationales d\u2019enseignement des langues \u00e9trang\u00e8res<\/li>\r\n<li>Enseignement de l\u2019alphabet avec les mots persan courants<\/li>\r\n<li>Accompagnement p\u00e9dagogique<\/li>\r\n<li>outien technique<\/li>\r\n<li>Perfectionnement des quatre comp\u00e9tences linguistiques (parler\/production orale, \u00e9couter\/compr\u00e9hension orale, lire\/compr\u00e9hension \u00e9crite et \u00e9crire\/production \u00e9crite)<\/li>\r\n<li>Pratique facultatif des comp\u00e9tences en r\u00e9daction (fichiers PDF)<\/li>\r\n<li>Nouvelle technologie \u00e9ducative<\/li>\r\n<li>Images et exercices attrayants<\/li>\r\n<\/ul>","protected":false},"excerpt":{"rendered":"<p>The offline courses are offered under the title of Pech Pech. Our aim is to employ the specialized Pech Pech courses, experienced instructors, and new educational technologies to teach the Persian alphabet to children aged 6 to 12.<\/p>\n<p>[if was_is_user_already_purchased]<\/p>\n<p><span style=\"color: #339966;\"><strong>En vous remerciant pour votre inscription et votre paiement, vous pouvez maintenant acc\u00e9der \u00e0 la formation par votre email et votre mot de passe via le lien suivante:<\/strong><\/span><\/p>\n<p><a href=\"https:\/\/apps.melalepersian.com\/\">Se connecter \u00e0 la plateforme des formations de M\u00e9lale <\/a><\/p>\n<p>[else]<br \/><span style=\"color: #ff0000;\">Veuillez vous r\u00e9f\u00e9rer \u00e0 cette page apr\u00e8s avoir achet\u00e9 cette formation. Vos informations de connexion seront affich\u00e9es dans cette section.<\/span><br \/>[\/if]<\/p>\n<p>&nbsp;<\/p>\n","protected":false},"featured_media":237205,"comment_status":"open","ping_status":"closed","template":"","meta":{"_acf_changed":false},"product_brand":[],"product_cat":[792],"product_tag":[],"class_list":{"0":"post-233296","1":"product","2":"type-product","3":"status-publish","4":"has-post-thumbnail","6":"product_cat-enseignement-de-la-langue-persane-enfants","8":"first","9":"outofstock","10":"sale","11":"shipping-taxable","12":"purchasable","13":"product-type-simple"},"acf":[],"yoast_head":"<!-- This site is optimized with the Yoast SEO Premium plugin v23.8 (Yoast SEO v24.1) - https:\/\/yoast.com\/wordpress\/plugins\/seo\/ -->\n<title>Pech Pech: Apprendre le persan - enfants (6-12 ans) - Cours d&#039;alphabet<\/title>\n<meta name=\"robots\" content=\"index, follow, max-snippet:-1, max-image-preview:large, max-video-preview:-1\" \/>\n<link rel=\"canonical\" href=\"https:\/\/melalepersian.com\/fr\/product\/pech-pech\/\" \/>\n<meta property=\"og:locale\" content=\"fr_FR\" \/>\n<meta property=\"og:type\" content=\"article\" \/>\n<meta property=\"og:title\" content=\"Pech Pech: Apprendre le persan - enfants (6-12 ans) - Cours d&#039;alphabet\" \/>\n<meta property=\"og:description\" content=\"The offline courses are offered under the title of Pech Pech. Our aim is to employ the specialized Pech Pech courses, experienced instructors, and new educational technologies to teach the Persian alphabet to children aged 6 to 12. [if was_is_user_already_purchased] En vous remerciant pour votre inscription et votre paiement, vous pouvez maintenant acc\u00e9der \u00e0 la formation par votre email et votre mot de passe via le lien suivante: Se connecter \u00e0 la plateforme des formations de M\u00e9lale  [else]Veuillez vous r\u00e9f\u00e9rer \u00e0 cette page apr\u00e8s avoir achet\u00e9 cette formation. Vos informations de connexion seront affich\u00e9es dans cette section.[\/if] &nbsp;\" \/>\n<meta property=\"og:url\" content=\"https:\/\/melalepersian.com\/fr\/product\/pech-pech\/\" \/>\n<meta property=\"og:site_name\" content=\"Centre \u00e9ducatif Nations Persanes - Centre de formation \u00e0 la culture et aux arts iraniens\" \/>\n<meta property=\"article:publisher\" content=\"https:\/\/www.facebook.com\/melalepersian\" \/>\n<meta property=\"article:modified_time\" content=\"2025-01-18T10:14:29+00:00\" \/>\n<meta property=\"og:image\" content=\"https:\/\/melalepersian.com\/fr\/wp-content\/uploads\/2022\/02\/french-alphabet.jpg\" \/>\n\t<meta property=\"og:image:width\" content=\"1200\" \/>\n\t<meta property=\"og:image:height\" content=\"800\" \/>\n\t<meta property=\"og:image:type\" content=\"image\/jpeg\" \/>\n<meta name=\"twitter:card\" content=\"summary_large_image\" \/>\n<meta name=\"twitter:label1\" content=\"Prix\" \/>\n\t<meta name=\"twitter:data1\" content=\"&#036;70 Le prix initial \u00e9tait\u00a0: &#036;70.&#036;45Le prix actuel est\u00a0: &#036;45.\" \/>\n\t<meta name=\"twitter:label2\" content=\"Availability\" \/>\n\t<meta name=\"twitter:data2\" content=\"Out of stock\" \/>\n<script type=\"application\/ld+json\" class=\"yoast-schema-graph\">{\"@context\":\"https:\/\/schema.org\",\"@graph\":[{\"@type\":\"WebPage\",\"@id\":\"https:\/\/melalepersian.com\/fr\/product\/pech-pech\/\",\"url\":\"https:\/\/melalepersian.com\/fr\/product\/pech-pech\/\",\"name\":\"Pech Pech: Apprendre le persan - enfants (6-12 ans) - Cours d'alphabet\",\"isPartOf\":{\"@id\":\"https:\/\/melalepersian.com\/fr\/#website\"},\"primaryImageOfPage\":{\"@id\":\"https:\/\/melalepersian.com\/fr\/product\/pech-pech\/#primaryimage\"},\"image\":{\"@id\":\"https:\/\/melalepersian.com\/fr\/product\/pech-pech\/#primaryimage\"},\"thumbnailUrl\":\"https:\/\/melalepersian.com\/fr\/wp-content\/uploads\/2022\/02\/french-alphabet.jpg\",\"datePublished\":\"2022-02-16T08:44:00+00:00\",\"dateModified\":\"2025-01-18T10:14:29+00:00\",\"breadcrumb\":{\"@id\":\"https:\/\/melalepersian.com\/fr\/product\/pech-pech\/#breadcrumb\"},\"inLanguage\":\"fr-FR\",\"potentialAction\":[{\"@type\":\"ReadAction\",\"target\":[\"https:\/\/melalepersian.com\/fr\/product\/pech-pech\/\"]}]},{\"@type\":\"ImageObject\",\"inLanguage\":\"fr-FR\",\"@id\":\"https:\/\/melalepersian.com\/fr\/product\/pech-pech\/#primaryimage\",\"url\":\"https:\/\/melalepersian.com\/fr\/wp-content\/uploads\/2022\/02\/french-alphabet.jpg\",\"contentUrl\":\"https:\/\/melalepersian.com\/fr\/wp-content\/uploads\/2022\/02\/french-alphabet.jpg\",\"width\":1200,\"height\":800},{\"@type\":\"BreadcrumbList\",\"@id\":\"https:\/\/melalepersian.com\/fr\/product\/pech-pech\/#breadcrumb\",\"itemListElement\":[{\"@type\":\"ListItem\",\"position\":1,\"name\":\"\u062e\u0627\u0646\u0647\",\"item\":\"https:\/\/melalepersian.com\/fr\/\"},{\"@type\":\"ListItem\",\"position\":2,\"name\":\"Shop\",\"item\":\"https:\/\/melalepersian.com\/fr\/shop\/\"},{\"@type\":\"ListItem\",\"position\":3,\"name\":\"Pech Pech: Apprendre le persan &#8211; enfants (6-12 ans) &#8211; Cours d&#8217;alphabet\"}]},{\"@type\":\"WebSite\",\"@id\":\"https:\/\/melalepersian.com\/fr\/#website\",\"url\":\"https:\/\/melalepersian.com\/fr\/\",\"name\":\"Centre \u00e9ducatif Nations Persanes - Centre de formation \u00e0 la culture et aux arts iraniens\",\"description\":\"Formation en litt\u00e9rature, langue, musique, architecture et tourisme de la terre d&#039;Iran\",\"publisher\":{\"@id\":\"https:\/\/melalepersian.com\/fr\/#organization\"},\"potentialAction\":[{\"@type\":\"SearchAction\",\"target\":{\"@type\":\"EntryPoint\",\"urlTemplate\":\"https:\/\/melalepersian.com\/fr\/?s={search_term_string}\"},\"query-input\":{\"@type\":\"PropertyValueSpecification\",\"valueRequired\":true,\"valueName\":\"search_term_string\"}}],\"inLanguage\":\"fr-FR\"},{\"@type\":\"Organization\",\"@id\":\"https:\/\/melalepersian.com\/fr\/#organization\",\"name\":\"Melale International Educational Complex\",\"url\":\"https:\/\/melalepersian.com\/fr\/\",\"logo\":{\"@type\":\"ImageObject\",\"inLanguage\":\"fr-FR\",\"@id\":\"https:\/\/melalepersian.com\/fr\/#\/schema\/logo\/image\/\",\"url\":\"https:\/\/melalepersian.com\/wp-content\/uploads\/2022\/02\/melalepersian-logo-500.svg\",\"contentUrl\":\"https:\/\/melalepersian.com\/wp-content\/uploads\/2022\/02\/melalepersian-logo-500.svg\",\"width\":676,\"height\":491,\"caption\":\"Melale International Educational Complex\"},\"image\":{\"@id\":\"https:\/\/melalepersian.com\/fr\/#\/schema\/logo\/image\/\"},\"sameAs\":[\"https:\/\/www.facebook.com\/melalepersian\",\"https:\/\/www.linkedin.com\/company\/melalepersian\/\",\"https:\/\/www.instagram.com\/melalepersian\/\"],\"description\":\"MelalePersian is the biggest online and offline shop for learning language, literature, architecture, and art of rich Persian heritage. With the aim of promoting and obtaining cultural interactions. The services have vast and divergence provided for interested individuals with considering to highest quality. This international, Iranian-French, company is trying to be the best representative of Iranian artistic works around the world.\",\"email\":\"info@melalepersian.com\",\"legalName\":\"MelalePersian\",\"foundingDate\":\"2020-07-23\",\"numberOfEmployees\":{\"@type\":\"QuantitativeValue\",\"minValue\":\"11\",\"maxValue\":\"50\"}}]}<\/script>\n<meta property=\"product:price:amount\" content=\"45\" \/>\n<meta property=\"product:price:currency\" content=\"USD\" \/>\n<meta property=\"og:availability\" content=\"out of stock\" \/>\n<meta property=\"product:availability\" content=\"out of stock\" \/>\n<meta property=\"product:condition\" content=\"new\" \/>\n<!-- \/ Yoast SEO Premium plugin. -->","yoast_head_json":{"title":"Pech Pech: Apprendre le persan - enfants (6-12 ans) - Cours d'alphabet","robots":{"index":"index","follow":"follow","max-snippet":"max-snippet:-1","max-image-preview":"max-image-preview:large","max-video-preview":"max-video-preview:-1"},"canonical":"https:\/\/melalepersian.com\/fr\/product\/pech-pech\/","og_locale":"fr_FR","og_type":"article","og_title":"Pech Pech: Apprendre le persan - enfants (6-12 ans) - Cours d'alphabet","og_description":"The offline courses are offered under the title of Pech Pech. Our aim is to employ the specialized Pech Pech courses, experienced instructors, and new educational technologies to teach the Persian alphabet to children aged 6 to 12. [if was_is_user_already_purchased] En vous remerciant pour votre inscription et votre paiement, vous pouvez maintenant acc\u00e9der \u00e0 la formation par votre email et votre mot de passe via le lien suivante: Se connecter \u00e0 la plateforme des formations de M\u00e9lale  [else]Veuillez vous r\u00e9f\u00e9rer \u00e0 cette page apr\u00e8s avoir achet\u00e9 cette formation. Vos informations de connexion seront affich\u00e9es dans cette section.[\/if] &nbsp;","og_url":"https:\/\/melalepersian.com\/fr\/product\/pech-pech\/","og_site_name":"Centre \u00e9ducatif Nations Persanes - Centre de formation \u00e0 la culture et aux arts iraniens","article_publisher":"https:\/\/www.facebook.com\/melalepersian","article_modified_time":"2025-01-18T10:14:29+00:00","og_image":[{"width":1200,"height":800,"url":"https:\/\/melalepersian.com\/fr\/wp-content\/uploads\/2022\/02\/french-alphabet.jpg","type":"image\/jpeg"}],"twitter_card":"summary_large_image","twitter_misc":{"Prix":"&#36;70 Le prix initial \u00e9tait\u00a0: &#036;70.&#36;45Le prix actuel est\u00a0: &#036;45.","Availability":"Out of stock"},"schema":{"@context":"https:\/\/schema.org","@graph":[{"@type":"WebPage","@id":"https:\/\/melalepersian.com\/fr\/product\/pech-pech\/","url":"https:\/\/melalepersian.com\/fr\/product\/pech-pech\/","name":"Pech Pech: Apprendre le persan - enfants (6-12 ans) - Cours d'alphabet","isPartOf":{"@id":"https:\/\/melalepersian.com\/fr\/#website"},"primaryImageOfPage":{"@id":"https:\/\/melalepersian.com\/fr\/product\/pech-pech\/#primaryimage"},"image":{"@id":"https:\/\/melalepersian.com\/fr\/product\/pech-pech\/#primaryimage"},"thumbnailUrl":"https:\/\/melalepersian.com\/fr\/wp-content\/uploads\/2022\/02\/french-alphabet.jpg","datePublished":"2022-02-16T08:44:00+00:00","dateModified":"2025-01-18T10:14:29+00:00","breadcrumb":{"@id":"https:\/\/melalepersian.com\/fr\/product\/pech-pech\/#breadcrumb"},"inLanguage":"fr-FR","potentialAction":[{"@type":"ReadAction","target":["https:\/\/melalepersian.com\/fr\/product\/pech-pech\/"]}]},{"@type":"ImageObject","inLanguage":"fr-FR","@id":"https:\/\/melalepersian.com\/fr\/product\/pech-pech\/#primaryimage","url":"https:\/\/melalepersian.com\/fr\/wp-content\/uploads\/2022\/02\/french-alphabet.jpg","contentUrl":"https:\/\/melalepersian.com\/fr\/wp-content\/uploads\/2022\/02\/french-alphabet.jpg","width":1200,"height":800},{"@type":"BreadcrumbList","@id":"https:\/\/melalepersian.com\/fr\/product\/pech-pech\/#breadcrumb","itemListElement":[{"@type":"ListItem","position":1,"name":"\u062e\u0627\u0646\u0647","item":"https:\/\/melalepersian.com\/fr\/"},{"@type":"ListItem","position":2,"name":"Shop","item":"https:\/\/melalepersian.com\/fr\/shop\/"},{"@type":"ListItem","position":3,"name":"Pech Pech: Apprendre le persan &#8211; enfants (6-12 ans) &#8211; Cours d&#8217;alphabet"}]},{"@type":"WebSite","@id":"https:\/\/melalepersian.com\/fr\/#website","url":"https:\/\/melalepersian.com\/fr\/","name":"Centre \u00e9ducatif Nations Persanes - Centre de formation \u00e0 la culture et aux arts iraniens","description":"Formation en litt\u00e9rature, langue, musique, architecture et tourisme de la terre d&#039;Iran","publisher":{"@id":"https:\/\/melalepersian.com\/fr\/#organization"},"potentialAction":[{"@type":"SearchAction","target":{"@type":"EntryPoint","urlTemplate":"https:\/\/melalepersian.com\/fr\/?s={search_term_string}"},"query-input":{"@type":"PropertyValueSpecification","valueRequired":true,"valueName":"search_term_string"}}],"inLanguage":"fr-FR"},{"@type":"Organization","@id":"https:\/\/melalepersian.com\/fr\/#organization","name":"Melale International Educational Complex","url":"https:\/\/melalepersian.com\/fr\/","logo":{"@type":"ImageObject","inLanguage":"fr-FR","@id":"https:\/\/melalepersian.com\/fr\/#\/schema\/logo\/image\/","url":"https:\/\/melalepersian.com\/wp-content\/uploads\/2022\/02\/melalepersian-logo-500.svg","contentUrl":"https:\/\/melalepersian.com\/wp-content\/uploads\/2022\/02\/melalepersian-logo-500.svg","width":676,"height":491,"caption":"Melale International Educational Complex"},"image":{"@id":"https:\/\/melalepersian.com\/fr\/#\/schema\/logo\/image\/"},"sameAs":["https:\/\/www.facebook.com\/melalepersian","https:\/\/www.linkedin.com\/company\/melalepersian\/","https:\/\/www.instagram.com\/melalepersian\/"],"description":"MelalePersian is the biggest online and offline shop for learning language, literature, architecture, and art of rich Persian heritage. With the aim of promoting and obtaining cultural interactions. The services have vast and divergence provided for interested individuals with considering to highest quality. This international, Iranian-French, company is trying to be the best representative of Iranian artistic works around the world.","email":"info@melalepersian.com","legalName":"MelalePersian","foundingDate":"2020-07-23","numberOfEmployees":{"@type":"QuantitativeValue","minValue":"11","maxValue":"50"}}]},"product_price_amount":"45","product_price_currency":"USD","og_availability":"out of stock","product_availability":"out of stock","product_condition":"new"},"_links":{"self":[{"href":"https:\/\/melalepersian.com\/fr\/wp-json\/wp\/v2\/product\/233296","targetHints":{"allow":["GET"]}}],"collection":[{"href":"https:\/\/melalepersian.com\/fr\/wp-json\/wp\/v2\/product"}],"about":[{"href":"https:\/\/melalepersian.com\/fr\/wp-json\/wp\/v2\/types\/product"}],"replies":[{"embeddable":true,"href":"https:\/\/melalepersian.com\/fr\/wp-json\/wp\/v2\/comments?post=233296"}],"version-history":[{"count":1,"href":"https:\/\/melalepersian.com\/fr\/wp-json\/wp\/v2\/product\/233296\/revisions"}],"predecessor-version":[{"id":237206,"href":"https:\/\/melalepersian.com\/fr\/wp-json\/wp\/v2\/product\/233296\/revisions\/237206"}],"wp:featuredmedia":[{"embeddable":true,"href":"https:\/\/melalepersian.com\/fr\/wp-json\/wp\/v2\/media\/237205"}],"wp:attachment":[{"href":"https:\/\/melalepersian.com\/fr\/wp-json\/wp\/v2\/media?parent=233296"}],"wp:term":[{"taxonomy":"product_brand","embeddable":true,"href":"https:\/\/melalepersian.com\/fr\/wp-json\/wp\/v2\/product_brand?post=233296"},{"taxonomy":"product_cat","embeddable":true,"href":"https:\/\/melalepersian.com\/fr\/wp-json\/wp\/v2\/product_cat?post=233296"},{"taxonomy":"product_tag","embeddable":true,"href":"https:\/\/melalepersian.com\/fr\/wp-json\/wp\/v2\/product_tag?post=233296"}],"curies":[{"name":"wp","href":"https:\/\/api.w.org\/{rel}","templated":true}]}}