{"id":232946,"date":"2022-01-04T12:28:01","date_gmt":"2022-01-04T08:58:01","guid":{"rendered":"https:\/\/melalepersian.com\/product\/%d9%81%d8%b1%d9%85-%d8%b4%d9%86%d8%a7%d8%b3%db%8c-%d9%85%d9%88%d8%b3%db%8c%d9%82%db%8c-%d8%af%d8%b3%d8%aa%da%af%d8%a7%d9%87%db%8c-%d8%a7%db%8c%d8%b1%d8%a7%d9%86-2\/"},"modified":"2022-03-06T13:50:25","modified_gmt":"2022-03-06T10:20:25","slug":"morphologie-de-la-musique-instrumentale-iranienne","status":"publish","type":"product","link":"https:\/\/melalepersian.com\/fr\/product\/morphologie-de-la-musique-instrumentale-iranienne\/","title":{"rendered":"Morphologie de la musique instrumentale iranienne"},"content":{"rendered":"<p>Le contenu de l&rsquo;art est l\u2019\u00e2me qui se place dans un corps propre. L&rsquo;histoire de l&rsquo;art r\u00e9cite les diverses formes d\u2019arts aux diff\u00e9rents pays. Dans l&rsquo;art de la musique de tous les pays, les chansons sont compos\u00e9es des certaines structures appel\u00e9es \u00ab formes \u00bb. Chaque forme de musique a des caract\u00e9ristiques musicales sur la base desquelles les compositeurs cr\u00e9ent de l&rsquo;art. Ils choisissent les formes en fonction de leurs id\u00e9es artistiques. La popularit\u00e9 et la promotion de toute forme de musique d\u00e9pendent des conditions sociales et culturelles de l&rsquo;\u00e9poque et du lieu de la population. C&rsquo;est pourquoi certaines formes de l&rsquo;histoire des musiques du monde ont \u00e9t\u00e9 plus populaires \u00e0 certaines p\u00e9riodes, comme l&rsquo;importance de la forme symphonique \u00e0 l&rsquo;\u00e8re de la musique classique europ\u00e9enne.<\/p><p>La musique instrumentale iranienne a \u00e9galement des formes bien connues dans son style d&rsquo;interpr\u00e9tation traditionnel, dans lequel d&rsquo;\u00e9minents compositeurs iraniens ont r\u00e9alis\u00e9 de nombreuses \u0153uvres.<\/p><p>Dans ce cours, on se familiarisera avec les formes de musique instrumentale iranienne et on examinera :<br>A) Contexte, d\u00e9nomination et caract\u00e9ristiques musicales et de performance<br>B) Place de chaque forme dans le programme de musique iranienne<br>C) Les compositeurs les plus importants et les interpr\u00e9tations d&rsquo;\u0153uvres exceptionnelles<\/p><p>Les s\u00e9ances de ce cours sont \u00e0 11h 30 et selon:<\/p>[course_sections]","protected":false},"excerpt":{"rendered":"<p>Le contenu de l&rsquo;art est l\u2019\u00e2me qui se place dans un corps propre. L&rsquo;histoire de l&rsquo;art r\u00e9cite les diverses formes d\u2019arts aux diff\u00e9rents pays. Dans l&rsquo;art de la musique de tous les pays, les chansons sont compos\u00e9es des certaines structures appel\u00e9es \u00ab formes \u00bb.<\/p>\n","protected":false},"featured_media":232875,"comment_status":"open","ping_status":"closed","template":"","meta":{"_acf_changed":false},"product_brand":[],"product_cat":[778],"product_tag":[],"class_list":{"0":"post-232946","1":"product","2":"type-product","3":"status-publish","4":"has-post-thumbnail","6":"product_cat-music","8":"first","9":"instock","10":"shipping-taxable","11":"product-type-simple"},"acf":[],"yoast_head":"<!-- This site is optimized with the Yoast SEO Premium plugin v23.8 (Yoast SEO v24.1) - https:\/\/yoast.com\/wordpress\/plugins\/seo\/ -->\n<title>Morphologie de la musique instrumentale iranienne<\/title>\n<meta name=\"robots\" content=\"index, follow, max-snippet:-1, max-image-preview:large, max-video-preview:-1\" \/>\n<link rel=\"canonical\" href=\"https:\/\/melalepersian.com\/fr\/product\/morphologie-de-la-musique-instrumentale-iranienne\/\" \/>\n<meta property=\"og:locale\" content=\"fr_FR\" \/>\n<meta property=\"og:type\" content=\"article\" \/>\n<meta property=\"og:title\" content=\"Morphologie de la musique instrumentale iranienne\" \/>\n<meta property=\"og:description\" content=\"Le contenu de l&#039;art est l\u2019\u00e2me qui se place dans un corps propre. L&#039;histoire de l&#039;art r\u00e9cite les diverses formes d\u2019arts aux diff\u00e9rents pays. Dans l&#039;art de la musique de tous les pays, les chansons sont compos\u00e9es des certaines structures appel\u00e9es \u00ab formes \u00bb.\" \/>\n<meta property=\"og:url\" content=\"https:\/\/melalepersian.com\/fr\/product\/morphologie-de-la-musique-instrumentale-iranienne\/\" \/>\n<meta property=\"og:site_name\" content=\"Centre \u00e9ducatif Nations Persanes - Centre de formation \u00e0 la culture et aux arts iraniens\" \/>\n<meta property=\"article:publisher\" content=\"https:\/\/www.facebook.com\/melalepersian\" \/>\n<meta property=\"article:modified_time\" content=\"2022-03-06T10:20:25+00:00\" \/>\n<meta property=\"og:image\" content=\"https:\/\/melalepersian.com\/fr\/wp-content\/uploads\/2022\/01\/\u0641\u0631\u0645-\u0634\u0646\u0627\u0633\u06cc-\u0645\u0648\u0633\u06cc\u0642\u06cc-\u0627\u06cc\u0631\u0627\u0646\u06cc.webp\" \/>\n\t<meta property=\"og:image:width\" content=\"800\" \/>\n\t<meta property=\"og:image:height\" content=\"301\" \/>\n\t<meta property=\"og:image:type\" content=\"image\/webp\" \/>\n<meta name=\"twitter:card\" content=\"summary_large_image\" \/>\n<meta name=\"twitter:label1\" content=\"Prix\" \/>\n\t<meta name=\"twitter:data1\" content=\"\" \/>\n\t<meta name=\"twitter:label2\" content=\"Availability\" \/>\n\t<meta name=\"twitter:data2\" content=\"In stock\" \/>\n<script type=\"application\/ld+json\" class=\"yoast-schema-graph\">{\"@context\":\"https:\/\/schema.org\",\"@graph\":[{\"@type\":\"WebPage\",\"@id\":\"https:\/\/melalepersian.com\/fr\/product\/morphologie-de-la-musique-instrumentale-iranienne\/\",\"url\":\"https:\/\/melalepersian.com\/fr\/product\/morphologie-de-la-musique-instrumentale-iranienne\/\",\"name\":\"Morphologie de la musique instrumentale iranienne\",\"isPartOf\":{\"@id\":\"https:\/\/melalepersian.com\/fr\/#website\"},\"primaryImageOfPage\":{\"@id\":\"https:\/\/melalepersian.com\/fr\/product\/morphologie-de-la-musique-instrumentale-iranienne\/#primaryimage\"},\"image\":{\"@id\":\"https:\/\/melalepersian.com\/fr\/product\/morphologie-de-la-musique-instrumentale-iranienne\/#primaryimage\"},\"thumbnailUrl\":\"https:\/\/melalepersian.com\/fr\/wp-content\/uploads\/2022\/01\/\u0641\u0631\u0645-\u0634\u0646\u0627\u0633\u06cc-\u0645\u0648\u0633\u06cc\u0642\u06cc-\u0627\u06cc\u0631\u0627\u0646\u06cc.webp\",\"datePublished\":\"2022-01-04T08:58:01+00:00\",\"dateModified\":\"2022-03-06T10:20:25+00:00\",\"breadcrumb\":{\"@id\":\"https:\/\/melalepersian.com\/fr\/product\/morphologie-de-la-musique-instrumentale-iranienne\/#breadcrumb\"},\"inLanguage\":\"fr-FR\",\"potentialAction\":[{\"@type\":\"ReadAction\",\"target\":[\"https:\/\/melalepersian.com\/fr\/product\/morphologie-de-la-musique-instrumentale-iranienne\/\"]}]},{\"@type\":\"ImageObject\",\"inLanguage\":\"fr-FR\",\"@id\":\"https:\/\/melalepersian.com\/fr\/product\/morphologie-de-la-musique-instrumentale-iranienne\/#primaryimage\",\"url\":\"https:\/\/melalepersian.com\/fr\/wp-content\/uploads\/2022\/01\/\u0641\u0631\u0645-\u0634\u0646\u0627\u0633\u06cc-\u0645\u0648\u0633\u06cc\u0642\u06cc-\u0627\u06cc\u0631\u0627\u0646\u06cc.webp\",\"contentUrl\":\"https:\/\/melalepersian.com\/fr\/wp-content\/uploads\/2022\/01\/\u0641\u0631\u0645-\u0634\u0646\u0627\u0633\u06cc-\u0645\u0648\u0633\u06cc\u0642\u06cc-\u0627\u06cc\u0631\u0627\u0646\u06cc.webp\",\"width\":800,\"height\":301,\"caption\":\"\u0641\u0631\u0645\u200c\u0634\u0646\u0627\u0633\u06cc \u0645\u0648\u0633\u06cc\u0642\u06cc \u0627\u06cc\u0631\u0627\u0646\u06cc\"},{\"@type\":\"BreadcrumbList\",\"@id\":\"https:\/\/melalepersian.com\/fr\/product\/morphologie-de-la-musique-instrumentale-iranienne\/#breadcrumb\",\"itemListElement\":[{\"@type\":\"ListItem\",\"position\":1,\"name\":\"\u062e\u0627\u0646\u0647\",\"item\":\"https:\/\/melalepersian.com\/fr\/\"},{\"@type\":\"ListItem\",\"position\":2,\"name\":\"Shop\",\"item\":\"https:\/\/melalepersian.com\/fr\/shop\/\"},{\"@type\":\"ListItem\",\"position\":3,\"name\":\"Morphologie de la musique instrumentale iranienne\"}]},{\"@type\":\"WebSite\",\"@id\":\"https:\/\/melalepersian.com\/fr\/#website\",\"url\":\"https:\/\/melalepersian.com\/fr\/\",\"name\":\"Centre \u00e9ducatif Nations Persanes - Centre de formation \u00e0 la culture et aux arts iraniens\",\"description\":\"Formation en litt\u00e9rature, langue, musique, architecture et tourisme de la terre d&#039;Iran\",\"publisher\":{\"@id\":\"https:\/\/melalepersian.com\/fr\/#organization\"},\"potentialAction\":[{\"@type\":\"SearchAction\",\"target\":{\"@type\":\"EntryPoint\",\"urlTemplate\":\"https:\/\/melalepersian.com\/fr\/?s={search_term_string}\"},\"query-input\":{\"@type\":\"PropertyValueSpecification\",\"valueRequired\":true,\"valueName\":\"search_term_string\"}}],\"inLanguage\":\"fr-FR\"},{\"@type\":\"Organization\",\"@id\":\"https:\/\/melalepersian.com\/fr\/#organization\",\"name\":\"Melale International Educational Complex\",\"url\":\"https:\/\/melalepersian.com\/fr\/\",\"logo\":{\"@type\":\"ImageObject\",\"inLanguage\":\"fr-FR\",\"@id\":\"https:\/\/melalepersian.com\/fr\/#\/schema\/logo\/image\/\",\"url\":\"https:\/\/melalepersian.com\/wp-content\/uploads\/2022\/02\/melalepersian-logo-500.svg\",\"contentUrl\":\"https:\/\/melalepersian.com\/wp-content\/uploads\/2022\/02\/melalepersian-logo-500.svg\",\"width\":676,\"height\":491,\"caption\":\"Melale International Educational Complex\"},\"image\":{\"@id\":\"https:\/\/melalepersian.com\/fr\/#\/schema\/logo\/image\/\"},\"sameAs\":[\"https:\/\/www.facebook.com\/melalepersian\",\"https:\/\/www.linkedin.com\/company\/melalepersian\/\",\"https:\/\/www.instagram.com\/melalepersian\/\"],\"description\":\"MelalePersian is the biggest online and offline shop for learning language, literature, architecture, and art of rich Persian heritage. With the aim of promoting and obtaining cultural interactions. The services have vast and divergence provided for interested individuals with considering to highest quality. This international, Iranian-French, company is trying to be the best representative of Iranian artistic works around the world.\",\"email\":\"info@melalepersian.com\",\"legalName\":\"MelalePersian\",\"foundingDate\":\"2020-07-23\",\"numberOfEmployees\":{\"@type\":\"QuantitativeValue\",\"minValue\":\"11\",\"maxValue\":\"50\"}}]}<\/script>\n<meta property=\"product:price:amount\" content=\"0\" \/>\n<meta property=\"product:price:currency\" content=\"USD\" \/>\n<meta property=\"og:availability\" content=\"instock\" \/>\n<meta property=\"product:availability\" content=\"instock\" \/>\n<meta property=\"product:condition\" content=\"new\" \/>\n<!-- \/ Yoast SEO Premium plugin. -->","yoast_head_json":{"title":"Morphologie de la musique instrumentale iranienne","robots":{"index":"index","follow":"follow","max-snippet":"max-snippet:-1","max-image-preview":"max-image-preview:large","max-video-preview":"max-video-preview:-1"},"canonical":"https:\/\/melalepersian.com\/fr\/product\/morphologie-de-la-musique-instrumentale-iranienne\/","og_locale":"fr_FR","og_type":"article","og_title":"Morphologie de la musique instrumentale iranienne","og_description":"Le contenu de l'art est l\u2019\u00e2me qui se place dans un corps propre. L'histoire de l'art r\u00e9cite les diverses formes d\u2019arts aux diff\u00e9rents pays. Dans l'art de la musique de tous les pays, les chansons sont compos\u00e9es des certaines structures appel\u00e9es \u00ab formes \u00bb.","og_url":"https:\/\/melalepersian.com\/fr\/product\/morphologie-de-la-musique-instrumentale-iranienne\/","og_site_name":"Centre \u00e9ducatif Nations Persanes - Centre de formation \u00e0 la culture et aux arts iraniens","article_publisher":"https:\/\/www.facebook.com\/melalepersian","article_modified_time":"2022-03-06T10:20:25+00:00","og_image":[{"width":800,"height":301,"url":"https:\/\/melalepersian.com\/fr\/wp-content\/uploads\/2022\/01\/\u0641\u0631\u0645-\u0634\u0646\u0627\u0633\u06cc-\u0645\u0648\u0633\u06cc\u0642\u06cc-\u0627\u06cc\u0631\u0627\u0646\u06cc.webp","type":"image\/webp"}],"twitter_card":"summary_large_image","twitter_misc":{"Prix":"","Availability":"In stock"},"schema":{"@context":"https:\/\/schema.org","@graph":[{"@type":"WebPage","@id":"https:\/\/melalepersian.com\/fr\/product\/morphologie-de-la-musique-instrumentale-iranienne\/","url":"https:\/\/melalepersian.com\/fr\/product\/morphologie-de-la-musique-instrumentale-iranienne\/","name":"Morphologie de la musique instrumentale iranienne","isPartOf":{"@id":"https:\/\/melalepersian.com\/fr\/#website"},"primaryImageOfPage":{"@id":"https:\/\/melalepersian.com\/fr\/product\/morphologie-de-la-musique-instrumentale-iranienne\/#primaryimage"},"image":{"@id":"https:\/\/melalepersian.com\/fr\/product\/morphologie-de-la-musique-instrumentale-iranienne\/#primaryimage"},"thumbnailUrl":"https:\/\/melalepersian.com\/fr\/wp-content\/uploads\/2022\/01\/\u0641\u0631\u0645-\u0634\u0646\u0627\u0633\u06cc-\u0645\u0648\u0633\u06cc\u0642\u06cc-\u0627\u06cc\u0631\u0627\u0646\u06cc.webp","datePublished":"2022-01-04T08:58:01+00:00","dateModified":"2022-03-06T10:20:25+00:00","breadcrumb":{"@id":"https:\/\/melalepersian.com\/fr\/product\/morphologie-de-la-musique-instrumentale-iranienne\/#breadcrumb"},"inLanguage":"fr-FR","potentialAction":[{"@type":"ReadAction","target":["https:\/\/melalepersian.com\/fr\/product\/morphologie-de-la-musique-instrumentale-iranienne\/"]}]},{"@type":"ImageObject","inLanguage":"fr-FR","@id":"https:\/\/melalepersian.com\/fr\/product\/morphologie-de-la-musique-instrumentale-iranienne\/#primaryimage","url":"https:\/\/melalepersian.com\/fr\/wp-content\/uploads\/2022\/01\/\u0641\u0631\u0645-\u0634\u0646\u0627\u0633\u06cc-\u0645\u0648\u0633\u06cc\u0642\u06cc-\u0627\u06cc\u0631\u0627\u0646\u06cc.webp","contentUrl":"https:\/\/melalepersian.com\/fr\/wp-content\/uploads\/2022\/01\/\u0641\u0631\u0645-\u0634\u0646\u0627\u0633\u06cc-\u0645\u0648\u0633\u06cc\u0642\u06cc-\u0627\u06cc\u0631\u0627\u0646\u06cc.webp","width":800,"height":301,"caption":"\u0641\u0631\u0645\u200c\u0634\u0646\u0627\u0633\u06cc \u0645\u0648\u0633\u06cc\u0642\u06cc \u0627\u06cc\u0631\u0627\u0646\u06cc"},{"@type":"BreadcrumbList","@id":"https:\/\/melalepersian.com\/fr\/product\/morphologie-de-la-musique-instrumentale-iranienne\/#breadcrumb","itemListElement":[{"@type":"ListItem","position":1,"name":"\u062e\u0627\u0646\u0647","item":"https:\/\/melalepersian.com\/fr\/"},{"@type":"ListItem","position":2,"name":"Shop","item":"https:\/\/melalepersian.com\/fr\/shop\/"},{"@type":"ListItem","position":3,"name":"Morphologie de la musique instrumentale iranienne"}]},{"@type":"WebSite","@id":"https:\/\/melalepersian.com\/fr\/#website","url":"https:\/\/melalepersian.com\/fr\/","name":"Centre \u00e9ducatif Nations Persanes - Centre de formation \u00e0 la culture et aux arts iraniens","description":"Formation en litt\u00e9rature, langue, musique, architecture et tourisme de la terre d&#039;Iran","publisher":{"@id":"https:\/\/melalepersian.com\/fr\/#organization"},"potentialAction":[{"@type":"SearchAction","target":{"@type":"EntryPoint","urlTemplate":"https:\/\/melalepersian.com\/fr\/?s={search_term_string}"},"query-input":{"@type":"PropertyValueSpecification","valueRequired":true,"valueName":"search_term_string"}}],"inLanguage":"fr-FR"},{"@type":"Organization","@id":"https:\/\/melalepersian.com\/fr\/#organization","name":"Melale International Educational Complex","url":"https:\/\/melalepersian.com\/fr\/","logo":{"@type":"ImageObject","inLanguage":"fr-FR","@id":"https:\/\/melalepersian.com\/fr\/#\/schema\/logo\/image\/","url":"https:\/\/melalepersian.com\/wp-content\/uploads\/2022\/02\/melalepersian-logo-500.svg","contentUrl":"https:\/\/melalepersian.com\/wp-content\/uploads\/2022\/02\/melalepersian-logo-500.svg","width":676,"height":491,"caption":"Melale International Educational Complex"},"image":{"@id":"https:\/\/melalepersian.com\/fr\/#\/schema\/logo\/image\/"},"sameAs":["https:\/\/www.facebook.com\/melalepersian","https:\/\/www.linkedin.com\/company\/melalepersian\/","https:\/\/www.instagram.com\/melalepersian\/"],"description":"MelalePersian is the biggest online and offline shop for learning language, literature, architecture, and art of rich Persian heritage. With the aim of promoting and obtaining cultural interactions. The services have vast and divergence provided for interested individuals with considering to highest quality. This international, Iranian-French, company is trying to be the best representative of Iranian artistic works around the world.","email":"info@melalepersian.com","legalName":"MelalePersian","foundingDate":"2020-07-23","numberOfEmployees":{"@type":"QuantitativeValue","minValue":"11","maxValue":"50"}}]},"product_price_currency":"USD","og_availability":"instock","product_availability":"instock","product_condition":"new"},"_links":{"self":[{"href":"https:\/\/melalepersian.com\/fr\/wp-json\/wp\/v2\/product\/232946","targetHints":{"allow":["GET"]}}],"collection":[{"href":"https:\/\/melalepersian.com\/fr\/wp-json\/wp\/v2\/product"}],"about":[{"href":"https:\/\/melalepersian.com\/fr\/wp-json\/wp\/v2\/types\/product"}],"replies":[{"embeddable":true,"href":"https:\/\/melalepersian.com\/fr\/wp-json\/wp\/v2\/comments?post=232946"}],"version-history":[{"count":0,"href":"https:\/\/melalepersian.com\/fr\/wp-json\/wp\/v2\/product\/232946\/revisions"}],"wp:featuredmedia":[{"embeddable":true,"href":"https:\/\/melalepersian.com\/fr\/wp-json\/wp\/v2\/media\/232875"}],"wp:attachment":[{"href":"https:\/\/melalepersian.com\/fr\/wp-json\/wp\/v2\/media?parent=232946"}],"wp:term":[{"taxonomy":"product_brand","embeddable":true,"href":"https:\/\/melalepersian.com\/fr\/wp-json\/wp\/v2\/product_brand?post=232946"},{"taxonomy":"product_cat","embeddable":true,"href":"https:\/\/melalepersian.com\/fr\/wp-json\/wp\/v2\/product_cat?post=232946"},{"taxonomy":"product_tag","embeddable":true,"href":"https:\/\/melalepersian.com\/fr\/wp-json\/wp\/v2\/product_tag?post=232946"}],"curies":[{"name":"wp","href":"https:\/\/api.w.org\/{rel}","templated":true}]}}