{"id":232712,"date":"2022-01-15T08:45:23","date_gmt":"2022-01-15T05:22:00","guid":{"rendered":"https:\/\/melalepersian.com\/?post_type=product&#038;p=232712"},"modified":"2022-04-11T12:36:57","modified_gmt":"2022-04-11T08:06:57","slug":"architecture-et-urbanisme-de-lecole-dispahan","status":"publish","type":"product","link":"https:\/\/melalepersian.com\/fr\/product\/architecture-et-urbanisme-de-lecole-dispahan\/","title":{"rendered":"Architecture et urbanisme de l&rsquo;\u00e9cole d&rsquo;Ispahan"},"content":{"rendered":"<p>M\u00e9thode d&rsquo;enseignement:<\/p>\n<ul>\n<li>Vid\u00e9o de pr\u00e9sentation ainsi que des photos, des cartes et des sch\u00e9mas d&rsquo;architecture.<\/li>\n<\/ul>\n<p>A qui s&rsquo;adresse ce cours?<\/p>\n<ul>\n<li>Disciplines architecture, restauration, g\u00e9nie urbain<\/li>\n<li>Tous ceux qui s&rsquo;int\u00e9ressent au domaine de la philosophie de l&rsquo;architecture<\/li>\n<li>Artistes et amateurs d&rsquo;arts visuels<\/li>\n<li>Chercheurs d&rsquo;art et d&rsquo;architecture \u00e0 l&rsquo;\u00e9poque islamique<\/li>\n<\/ul>\n","protected":false},"excerpt":{"rendered":"<p data-rich-text-format-boundary=\"true\">Dans ces cours, d&rsquo;abord les d\u00e9veloppements architecturaux de l&rsquo;Iran du VIIe au XVIIe si\u00e8cle sont bri\u00e8vement pr\u00e9sent\u00e9s, ensuite l&rsquo;\u00e9cole d&rsquo;architecture et d&rsquo;urbanisme d&rsquo;Ispahan, qui a commenc\u00e9 sous la domination Safavide et a atteint son apog\u00e9e aux XVIIe et XVIIIe si\u00e8cles. L&rsquo;\u00e9cole d&rsquo;Ispahan en architecture et urbanisme \u00e9tait le r\u00e9sultat des exp\u00e9riences de toutes les p\u00e9riodes pr\u00e9c\u00e9dentes et a atteint le sommet de la prosp\u00e9rit\u00e9 et de la cr\u00e9ativit\u00e9. Dans ce cours, une tentative est faite pour traiter divers aspects de la pens\u00e9e dans l&rsquo;architecture et l&rsquo;urbanisme de cette p\u00e9riode qui est examin\u00e9e dans les b\u00e2timents et les sites historiques.<\/p>\n","protected":false},"featured_media":229625,"comment_status":"open","ping_status":"closed","template":"","meta":{"_acf_changed":false},"product_brand":[],"product_cat":[776],"product_tag":[],"class_list":{"0":"post-232712","1":"product","2":"type-product","3":"status-publish","4":"has-post-thumbnail","6":"product_cat-architecture","8":"first","9":"instock","10":"shipping-taxable","11":"product-type-simple"},"acf":[],"yoast_head":"<!-- This site is optimized with the Yoast SEO Premium plugin v23.8 (Yoast SEO v24.1) - https:\/\/yoast.com\/wordpress\/plugins\/seo\/ -->\n<title>Architecture et urbanisme de l&#039;\u00e9cole d&#039;Ispahan<\/title>\n<meta name=\"robots\" content=\"index, follow, max-snippet:-1, max-image-preview:large, max-video-preview:-1\" \/>\n<link rel=\"canonical\" href=\"https:\/\/melalepersian.com\/fr\/product\/architecture-et-urbanisme-de-lecole-dispahan\/\" \/>\n<meta property=\"og:locale\" content=\"fr_FR\" \/>\n<meta property=\"og:type\" content=\"article\" \/>\n<meta property=\"og:title\" content=\"Architecture et urbanisme de l&#039;\u00e9cole d&#039;Ispahan\" \/>\n<meta property=\"og:description\" content=\"Dans ces cours, d&#039;abord les d\u00e9veloppements architecturaux de l&#039;Iran du VIIe au XVIIe si\u00e8cle sont bri\u00e8vement pr\u00e9sent\u00e9s, ensuite l&#039;\u00e9cole d&#039;architecture et d&#039;urbanisme d&#039;Ispahan, qui a commenc\u00e9 sous la domination Safavide et a atteint son apog\u00e9e aux XVIIe et XVIIIe si\u00e8cles. L&#039;\u00e9cole d&#039;Ispahan en architecture et urbanisme \u00e9tait le r\u00e9sultat des exp\u00e9riences de toutes les p\u00e9riodes pr\u00e9c\u00e9dentes et a atteint le sommet de la prosp\u00e9rit\u00e9 et de la cr\u00e9ativit\u00e9. Dans ce cours, une tentative est faite pour traiter divers aspects de la pens\u00e9e dans l&#039;architecture et l&#039;urbanisme de cette p\u00e9riode qui est examin\u00e9e dans les b\u00e2timents et les sites historiques.\" \/>\n<meta property=\"og:url\" content=\"https:\/\/melalepersian.com\/fr\/product\/architecture-et-urbanisme-de-lecole-dispahan\/\" \/>\n<meta property=\"og:site_name\" content=\"Centre \u00e9ducatif Nations Persanes - Centre de formation \u00e0 la culture et aux arts iraniens\" \/>\n<meta property=\"article:publisher\" content=\"https:\/\/www.facebook.com\/melalepersian\" \/>\n<meta property=\"article:modified_time\" content=\"2022-04-11T08:06:57+00:00\" \/>\n<meta property=\"og:image\" content=\"https:\/\/melalepersian.com\/fr\/wp-content\/uploads\/2021\/06\/isfahan-architecture.jpg\" \/>\n\t<meta property=\"og:image:width\" content=\"800\" \/>\n\t<meta property=\"og:image:height\" content=\"300\" \/>\n\t<meta property=\"og:image:type\" content=\"image\/jpeg\" \/>\n<meta name=\"twitter:card\" content=\"summary_large_image\" \/>\n<meta name=\"twitter:label1\" content=\"Prix\" \/>\n\t<meta name=\"twitter:data1\" content=\"\" \/>\n\t<meta name=\"twitter:label2\" content=\"Availability\" \/>\n\t<meta name=\"twitter:data2\" content=\"In stock\" \/>\n<script type=\"application\/ld+json\" class=\"yoast-schema-graph\">{\"@context\":\"https:\/\/schema.org\",\"@graph\":[{\"@type\":\"WebPage\",\"@id\":\"https:\/\/melalepersian.com\/fr\/product\/architecture-et-urbanisme-de-lecole-dispahan\/\",\"url\":\"https:\/\/melalepersian.com\/fr\/product\/architecture-et-urbanisme-de-lecole-dispahan\/\",\"name\":\"Architecture et urbanisme de l'\u00e9cole d'Ispahan\",\"isPartOf\":{\"@id\":\"https:\/\/melalepersian.com\/fr\/#website\"},\"primaryImageOfPage\":{\"@id\":\"https:\/\/melalepersian.com\/fr\/product\/architecture-et-urbanisme-de-lecole-dispahan\/#primaryimage\"},\"image\":{\"@id\":\"https:\/\/melalepersian.com\/fr\/product\/architecture-et-urbanisme-de-lecole-dispahan\/#primaryimage\"},\"thumbnailUrl\":\"https:\/\/melalepersian.com\/fr\/wp-content\/uploads\/2021\/06\/isfahan-architecture.jpg\",\"datePublished\":\"2022-01-15T05:22:00+00:00\",\"dateModified\":\"2022-04-11T08:06:57+00:00\",\"breadcrumb\":{\"@id\":\"https:\/\/melalepersian.com\/fr\/product\/architecture-et-urbanisme-de-lecole-dispahan\/#breadcrumb\"},\"inLanguage\":\"fr-FR\",\"potentialAction\":[{\"@type\":\"ReadAction\",\"target\":[\"https:\/\/melalepersian.com\/fr\/product\/architecture-et-urbanisme-de-lecole-dispahan\/\"]}]},{\"@type\":\"ImageObject\",\"inLanguage\":\"fr-FR\",\"@id\":\"https:\/\/melalepersian.com\/fr\/product\/architecture-et-urbanisme-de-lecole-dispahan\/#primaryimage\",\"url\":\"https:\/\/melalepersian.com\/fr\/wp-content\/uploads\/2021\/06\/isfahan-architecture.jpg\",\"contentUrl\":\"https:\/\/melalepersian.com\/fr\/wp-content\/uploads\/2021\/06\/isfahan-architecture.jpg\",\"width\":800,\"height\":300,\"caption\":\"\u0645\u0639\u0645\u0627\u0631\u06cc \u0627\u0635\u0641\u0647\u0627\u0646\"},{\"@type\":\"BreadcrumbList\",\"@id\":\"https:\/\/melalepersian.com\/fr\/product\/architecture-et-urbanisme-de-lecole-dispahan\/#breadcrumb\",\"itemListElement\":[{\"@type\":\"ListItem\",\"position\":1,\"name\":\"\u062e\u0627\u0646\u0647\",\"item\":\"https:\/\/melalepersian.com\/fr\/\"},{\"@type\":\"ListItem\",\"position\":2,\"name\":\"Shop\",\"item\":\"https:\/\/melalepersian.com\/fr\/shop\/\"},{\"@type\":\"ListItem\",\"position\":3,\"name\":\"Architecture et urbanisme de l&#8217;\u00e9cole d&#8217;Ispahan\"}]},{\"@type\":\"WebSite\",\"@id\":\"https:\/\/melalepersian.com\/fr\/#website\",\"url\":\"https:\/\/melalepersian.com\/fr\/\",\"name\":\"Centre \u00e9ducatif Nations Persanes - Centre de formation \u00e0 la culture et aux arts iraniens\",\"description\":\"Formation en litt\u00e9rature, langue, musique, architecture et tourisme de la terre d&#039;Iran\",\"publisher\":{\"@id\":\"https:\/\/melalepersian.com\/fr\/#organization\"},\"potentialAction\":[{\"@type\":\"SearchAction\",\"target\":{\"@type\":\"EntryPoint\",\"urlTemplate\":\"https:\/\/melalepersian.com\/fr\/?s={search_term_string}\"},\"query-input\":{\"@type\":\"PropertyValueSpecification\",\"valueRequired\":true,\"valueName\":\"search_term_string\"}}],\"inLanguage\":\"fr-FR\"},{\"@type\":\"Organization\",\"@id\":\"https:\/\/melalepersian.com\/fr\/#organization\",\"name\":\"Melale International Educational Complex\",\"url\":\"https:\/\/melalepersian.com\/fr\/\",\"logo\":{\"@type\":\"ImageObject\",\"inLanguage\":\"fr-FR\",\"@id\":\"https:\/\/melalepersian.com\/fr\/#\/schema\/logo\/image\/\",\"url\":\"https:\/\/melalepersian.com\/wp-content\/uploads\/2022\/02\/melalepersian-logo-500.svg\",\"contentUrl\":\"https:\/\/melalepersian.com\/wp-content\/uploads\/2022\/02\/melalepersian-logo-500.svg\",\"width\":676,\"height\":491,\"caption\":\"Melale International Educational Complex\"},\"image\":{\"@id\":\"https:\/\/melalepersian.com\/fr\/#\/schema\/logo\/image\/\"},\"sameAs\":[\"https:\/\/www.facebook.com\/melalepersian\",\"https:\/\/www.linkedin.com\/company\/melalepersian\/\",\"https:\/\/www.instagram.com\/melalepersian\/\"],\"description\":\"MelalePersian is the biggest online and offline shop for learning language, literature, architecture, and art of rich Persian heritage. With the aim of promoting and obtaining cultural interactions. The services have vast and divergence provided for interested individuals with considering to highest quality. This international, Iranian-French, company is trying to be the best representative of Iranian artistic works around the world.\",\"email\":\"info@melalepersian.com\",\"legalName\":\"MelalePersian\",\"foundingDate\":\"2020-07-23\",\"numberOfEmployees\":{\"@type\":\"QuantitativeValue\",\"minValue\":\"11\",\"maxValue\":\"50\"}}]}<\/script>\n<meta property=\"product:price:amount\" content=\"0\" \/>\n<meta property=\"product:price:currency\" content=\"USD\" \/>\n<meta property=\"og:availability\" content=\"instock\" \/>\n<meta property=\"product:availability\" content=\"instock\" \/>\n<meta property=\"product:condition\" content=\"new\" \/>\n<!-- \/ Yoast SEO Premium plugin. -->","yoast_head_json":{"title":"Architecture et urbanisme de l'\u00e9cole d'Ispahan","robots":{"index":"index","follow":"follow","max-snippet":"max-snippet:-1","max-image-preview":"max-image-preview:large","max-video-preview":"max-video-preview:-1"},"canonical":"https:\/\/melalepersian.com\/fr\/product\/architecture-et-urbanisme-de-lecole-dispahan\/","og_locale":"fr_FR","og_type":"article","og_title":"Architecture et urbanisme de l'\u00e9cole d'Ispahan","og_description":"Dans ces cours, d'abord les d\u00e9veloppements architecturaux de l'Iran du VIIe au XVIIe si\u00e8cle sont bri\u00e8vement pr\u00e9sent\u00e9s, ensuite l'\u00e9cole d'architecture et d'urbanisme d'Ispahan, qui a commenc\u00e9 sous la domination Safavide et a atteint son apog\u00e9e aux XVIIe et XVIIIe si\u00e8cles. L'\u00e9cole d'Ispahan en architecture et urbanisme \u00e9tait le r\u00e9sultat des exp\u00e9riences de toutes les p\u00e9riodes pr\u00e9c\u00e9dentes et a atteint le sommet de la prosp\u00e9rit\u00e9 et de la cr\u00e9ativit\u00e9. Dans ce cours, une tentative est faite pour traiter divers aspects de la pens\u00e9e dans l'architecture et l'urbanisme de cette p\u00e9riode qui est examin\u00e9e dans les b\u00e2timents et les sites historiques.","og_url":"https:\/\/melalepersian.com\/fr\/product\/architecture-et-urbanisme-de-lecole-dispahan\/","og_site_name":"Centre \u00e9ducatif Nations Persanes - Centre de formation \u00e0 la culture et aux arts iraniens","article_publisher":"https:\/\/www.facebook.com\/melalepersian","article_modified_time":"2022-04-11T08:06:57+00:00","og_image":[{"width":800,"height":300,"url":"https:\/\/melalepersian.com\/fr\/wp-content\/uploads\/2021\/06\/isfahan-architecture.jpg","type":"image\/jpeg"}],"twitter_card":"summary_large_image","twitter_misc":{"Prix":"","Availability":"In stock"},"schema":{"@context":"https:\/\/schema.org","@graph":[{"@type":"WebPage","@id":"https:\/\/melalepersian.com\/fr\/product\/architecture-et-urbanisme-de-lecole-dispahan\/","url":"https:\/\/melalepersian.com\/fr\/product\/architecture-et-urbanisme-de-lecole-dispahan\/","name":"Architecture et urbanisme de l'\u00e9cole d'Ispahan","isPartOf":{"@id":"https:\/\/melalepersian.com\/fr\/#website"},"primaryImageOfPage":{"@id":"https:\/\/melalepersian.com\/fr\/product\/architecture-et-urbanisme-de-lecole-dispahan\/#primaryimage"},"image":{"@id":"https:\/\/melalepersian.com\/fr\/product\/architecture-et-urbanisme-de-lecole-dispahan\/#primaryimage"},"thumbnailUrl":"https:\/\/melalepersian.com\/fr\/wp-content\/uploads\/2021\/06\/isfahan-architecture.jpg","datePublished":"2022-01-15T05:22:00+00:00","dateModified":"2022-04-11T08:06:57+00:00","breadcrumb":{"@id":"https:\/\/melalepersian.com\/fr\/product\/architecture-et-urbanisme-de-lecole-dispahan\/#breadcrumb"},"inLanguage":"fr-FR","potentialAction":[{"@type":"ReadAction","target":["https:\/\/melalepersian.com\/fr\/product\/architecture-et-urbanisme-de-lecole-dispahan\/"]}]},{"@type":"ImageObject","inLanguage":"fr-FR","@id":"https:\/\/melalepersian.com\/fr\/product\/architecture-et-urbanisme-de-lecole-dispahan\/#primaryimage","url":"https:\/\/melalepersian.com\/fr\/wp-content\/uploads\/2021\/06\/isfahan-architecture.jpg","contentUrl":"https:\/\/melalepersian.com\/fr\/wp-content\/uploads\/2021\/06\/isfahan-architecture.jpg","width":800,"height":300,"caption":"\u0645\u0639\u0645\u0627\u0631\u06cc \u0627\u0635\u0641\u0647\u0627\u0646"},{"@type":"BreadcrumbList","@id":"https:\/\/melalepersian.com\/fr\/product\/architecture-et-urbanisme-de-lecole-dispahan\/#breadcrumb","itemListElement":[{"@type":"ListItem","position":1,"name":"\u062e\u0627\u0646\u0647","item":"https:\/\/melalepersian.com\/fr\/"},{"@type":"ListItem","position":2,"name":"Shop","item":"https:\/\/melalepersian.com\/fr\/shop\/"},{"@type":"ListItem","position":3,"name":"Architecture et urbanisme de l&#8217;\u00e9cole d&#8217;Ispahan"}]},{"@type":"WebSite","@id":"https:\/\/melalepersian.com\/fr\/#website","url":"https:\/\/melalepersian.com\/fr\/","name":"Centre \u00e9ducatif Nations Persanes - Centre de formation \u00e0 la culture et aux arts iraniens","description":"Formation en litt\u00e9rature, langue, musique, architecture et tourisme de la terre d&#039;Iran","publisher":{"@id":"https:\/\/melalepersian.com\/fr\/#organization"},"potentialAction":[{"@type":"SearchAction","target":{"@type":"EntryPoint","urlTemplate":"https:\/\/melalepersian.com\/fr\/?s={search_term_string}"},"query-input":{"@type":"PropertyValueSpecification","valueRequired":true,"valueName":"search_term_string"}}],"inLanguage":"fr-FR"},{"@type":"Organization","@id":"https:\/\/melalepersian.com\/fr\/#organization","name":"Melale International Educational Complex","url":"https:\/\/melalepersian.com\/fr\/","logo":{"@type":"ImageObject","inLanguage":"fr-FR","@id":"https:\/\/melalepersian.com\/fr\/#\/schema\/logo\/image\/","url":"https:\/\/melalepersian.com\/wp-content\/uploads\/2022\/02\/melalepersian-logo-500.svg","contentUrl":"https:\/\/melalepersian.com\/wp-content\/uploads\/2022\/02\/melalepersian-logo-500.svg","width":676,"height":491,"caption":"Melale International Educational Complex"},"image":{"@id":"https:\/\/melalepersian.com\/fr\/#\/schema\/logo\/image\/"},"sameAs":["https:\/\/www.facebook.com\/melalepersian","https:\/\/www.linkedin.com\/company\/melalepersian\/","https:\/\/www.instagram.com\/melalepersian\/"],"description":"MelalePersian is the biggest online and offline shop for learning language, literature, architecture, and art of rich Persian heritage. With the aim of promoting and obtaining cultural interactions. The services have vast and divergence provided for interested individuals with considering to highest quality. This international, Iranian-French, company is trying to be the best representative of Iranian artistic works around the world.","email":"info@melalepersian.com","legalName":"MelalePersian","foundingDate":"2020-07-23","numberOfEmployees":{"@type":"QuantitativeValue","minValue":"11","maxValue":"50"}}]},"product_price_currency":"USD","og_availability":"instock","product_availability":"instock","product_condition":"new"},"_links":{"self":[{"href":"https:\/\/melalepersian.com\/fr\/wp-json\/wp\/v2\/product\/232712","targetHints":{"allow":["GET"]}}],"collection":[{"href":"https:\/\/melalepersian.com\/fr\/wp-json\/wp\/v2\/product"}],"about":[{"href":"https:\/\/melalepersian.com\/fr\/wp-json\/wp\/v2\/types\/product"}],"replies":[{"embeddable":true,"href":"https:\/\/melalepersian.com\/fr\/wp-json\/wp\/v2\/comments?post=232712"}],"version-history":[{"count":0,"href":"https:\/\/melalepersian.com\/fr\/wp-json\/wp\/v2\/product\/232712\/revisions"}],"wp:featuredmedia":[{"embeddable":true,"href":"https:\/\/melalepersian.com\/fr\/wp-json\/wp\/v2\/media\/229625"}],"wp:attachment":[{"href":"https:\/\/melalepersian.com\/fr\/wp-json\/wp\/v2\/media?parent=232712"}],"wp:term":[{"taxonomy":"product_brand","embeddable":true,"href":"https:\/\/melalepersian.com\/fr\/wp-json\/wp\/v2\/product_brand?post=232712"},{"taxonomy":"product_cat","embeddable":true,"href":"https:\/\/melalepersian.com\/fr\/wp-json\/wp\/v2\/product_cat?post=232712"},{"taxonomy":"product_tag","embeddable":true,"href":"https:\/\/melalepersian.com\/fr\/wp-json\/wp\/v2\/product_tag?post=232712"}],"curies":[{"name":"wp","href":"https:\/\/api.w.org\/{rel}","templated":true}]}}