{"id":232702,"date":"2022-01-13T13:53:35","date_gmt":"2022-01-13T10:23:38","guid":{"rendered":"https:\/\/melalepersian.com\/?post_type=product&#038;p=232702"},"modified":"2022-04-11T12:42:32","modified_gmt":"2022-04-11T08:12:32","slug":"architecture-iranienne-ancienne","status":"publish","type":"product","link":"https:\/\/melalepersian.com\/fr\/product\/architecture-iranienne-ancienne\/","title":{"rendered":"Architecture iranienne ancienne (persane et parthe)"},"content":{"rendered":"<p>M\u00e9thode d&rsquo;enseignement:<\/p><ul class=\"wp-block-list\"><li>Vid\u00e9o de pr\u00e9sentation ainsi que des photos, des cartes et des sch\u00e9mas d&rsquo;architecture.<\/li><\/ul><p>A qui s&rsquo;adresse ce cours?<\/p><ul class=\"wp-block-list\"><li>Disciplines architecture, restauration, g\u00e9nie urbain<\/li><li>Tous ceux qui s&rsquo;int\u00e9ressent \u00e0 l&rsquo;histoire de l&rsquo;architecture iranienne ancienne<\/li><\/ul>","protected":false},"excerpt":{"rendered":"<p>Dans ces cours, apr\u00e8s avoir d\u00e9couvert le courant historique de l&rsquo;architecture iranienne depuis le d\u00e9but jusqu&rsquo;\u00e0 l&rsquo;invasion arabe de l&rsquo;Iran, ainsi que l&rsquo;introduction des aspects techniques et de la m\u00e9thode de construction en termes d&rsquo;esth\u00e9tique, des \u0153uvres significatives en d\u00e9finissant un chemin dans la g\u00e9ographie architecturale iranienne seront pr\u00e9sent\u00e9s. On essaie d\u2019acqu\u00e9rir une nouvelle compr\u00e9hension des aspects de la pens\u00e9e architecturale de cette p\u00e9riode historique en Iran et \u00eatre conscient de l&rsquo;impact de l&rsquo;architecture mondiale sur ce parcours historique brillant.<\/p>\n","protected":false},"featured_media":229618,"comment_status":"open","ping_status":"closed","template":"","meta":{"_acf_changed":false},"product_brand":[],"product_cat":[776],"product_tag":[],"class_list":{"0":"post-232702","1":"product","2":"type-product","3":"status-publish","4":"has-post-thumbnail","6":"product_cat-architecture","8":"first","9":"instock","10":"shipping-taxable","11":"product-type-simple"},"acf":[],"yoast_head":"<!-- This site is optimized with the Yoast SEO Premium plugin v23.8 (Yoast SEO v24.1) - https:\/\/yoast.com\/wordpress\/plugins\/seo\/ -->\n<title>Architecture iranienne ancienne (persane et parthe)<\/title>\n<meta name=\"robots\" content=\"index, follow, max-snippet:-1, max-image-preview:large, max-video-preview:-1\" \/>\n<link rel=\"canonical\" href=\"https:\/\/melalepersian.com\/fr\/product\/architecture-iranienne-ancienne\/\" \/>\n<meta property=\"og:locale\" content=\"fr_FR\" \/>\n<meta property=\"og:type\" content=\"article\" \/>\n<meta property=\"og:title\" content=\"Architecture iranienne ancienne (persane et parthe)\" \/>\n<meta property=\"og:description\" content=\"Dans ces cours, apr\u00e8s avoir d\u00e9couvert le courant historique de l&#039;architecture iranienne depuis le d\u00e9but jusqu&#039;\u00e0 l&#039;invasion arabe de l&#039;Iran, ainsi que l&#039;introduction des aspects techniques et de la m\u00e9thode de construction en termes d&#039;esth\u00e9tique, des \u0153uvres significatives en d\u00e9finissant un chemin dans la g\u00e9ographie architecturale iranienne seront pr\u00e9sent\u00e9s. On essaie d\u2019acqu\u00e9rir une nouvelle compr\u00e9hension des aspects de la pens\u00e9e architecturale de cette p\u00e9riode historique en Iran et \u00eatre conscient de l&#039;impact de l&#039;architecture mondiale sur ce parcours historique brillant.\" \/>\n<meta property=\"og:url\" content=\"https:\/\/melalepersian.com\/fr\/product\/architecture-iranienne-ancienne\/\" \/>\n<meta property=\"og:site_name\" content=\"Centre \u00e9ducatif Nations Persanes - Centre de formation \u00e0 la culture et aux arts iraniens\" \/>\n<meta property=\"article:publisher\" content=\"https:\/\/www.facebook.com\/melalepersian\" \/>\n<meta property=\"article:modified_time\" content=\"2022-04-11T08:12:32+00:00\" \/>\n<meta property=\"og:image\" content=\"https:\/\/melalepersian.com\/fr\/wp-content\/uploads\/2021\/07\/takhte-jamshid.jpg\" \/>\n\t<meta property=\"og:image:width\" content=\"800\" \/>\n\t<meta property=\"og:image:height\" content=\"300\" \/>\n\t<meta property=\"og:image:type\" content=\"image\/jpeg\" \/>\n<meta name=\"twitter:card\" content=\"summary_large_image\" \/>\n<meta name=\"twitter:label1\" content=\"Prix\" \/>\n\t<meta name=\"twitter:data1\" content=\"\" \/>\n\t<meta name=\"twitter:label2\" content=\"Availability\" \/>\n\t<meta name=\"twitter:data2\" content=\"In stock\" \/>\n<script type=\"application\/ld+json\" class=\"yoast-schema-graph\">{\"@context\":\"https:\/\/schema.org\",\"@graph\":[{\"@type\":\"WebPage\",\"@id\":\"https:\/\/melalepersian.com\/fr\/product\/architecture-iranienne-ancienne\/\",\"url\":\"https:\/\/melalepersian.com\/fr\/product\/architecture-iranienne-ancienne\/\",\"name\":\"Architecture iranienne ancienne (persane et parthe)\",\"isPartOf\":{\"@id\":\"https:\/\/melalepersian.com\/fr\/#website\"},\"primaryImageOfPage\":{\"@id\":\"https:\/\/melalepersian.com\/fr\/product\/architecture-iranienne-ancienne\/#primaryimage\"},\"image\":{\"@id\":\"https:\/\/melalepersian.com\/fr\/product\/architecture-iranienne-ancienne\/#primaryimage\"},\"thumbnailUrl\":\"https:\/\/melalepersian.com\/fr\/wp-content\/uploads\/2021\/07\/takhte-jamshid.jpg\",\"datePublished\":\"2022-01-13T10:23:38+00:00\",\"dateModified\":\"2022-04-11T08:12:32+00:00\",\"breadcrumb\":{\"@id\":\"https:\/\/melalepersian.com\/fr\/product\/architecture-iranienne-ancienne\/#breadcrumb\"},\"inLanguage\":\"fr-FR\",\"potentialAction\":[{\"@type\":\"ReadAction\",\"target\":[\"https:\/\/melalepersian.com\/fr\/product\/architecture-iranienne-ancienne\/\"]}]},{\"@type\":\"ImageObject\",\"inLanguage\":\"fr-FR\",\"@id\":\"https:\/\/melalepersian.com\/fr\/product\/architecture-iranienne-ancienne\/#primaryimage\",\"url\":\"https:\/\/melalepersian.com\/fr\/wp-content\/uploads\/2021\/07\/takhte-jamshid.jpg\",\"contentUrl\":\"https:\/\/melalepersian.com\/fr\/wp-content\/uploads\/2021\/07\/takhte-jamshid.jpg\",\"width\":800,\"height\":300,\"caption\":\"\u062a\u062e\u062a-\u062c\u0645\u0634\u06cc\u062f\"},{\"@type\":\"BreadcrumbList\",\"@id\":\"https:\/\/melalepersian.com\/fr\/product\/architecture-iranienne-ancienne\/#breadcrumb\",\"itemListElement\":[{\"@type\":\"ListItem\",\"position\":1,\"name\":\"\u062e\u0627\u0646\u0647\",\"item\":\"https:\/\/melalepersian.com\/fr\/\"},{\"@type\":\"ListItem\",\"position\":2,\"name\":\"Shop\",\"item\":\"https:\/\/melalepersian.com\/fr\/shop\/\"},{\"@type\":\"ListItem\",\"position\":3,\"name\":\"Architecture iranienne ancienne (persane et parthe)\"}]},{\"@type\":\"WebSite\",\"@id\":\"https:\/\/melalepersian.com\/fr\/#website\",\"url\":\"https:\/\/melalepersian.com\/fr\/\",\"name\":\"Centre \u00e9ducatif Nations Persanes - Centre de formation \u00e0 la culture et aux arts iraniens\",\"description\":\"Formation en litt\u00e9rature, langue, musique, architecture et tourisme de la terre d&#039;Iran\",\"publisher\":{\"@id\":\"https:\/\/melalepersian.com\/fr\/#organization\"},\"potentialAction\":[{\"@type\":\"SearchAction\",\"target\":{\"@type\":\"EntryPoint\",\"urlTemplate\":\"https:\/\/melalepersian.com\/fr\/?s={search_term_string}\"},\"query-input\":{\"@type\":\"PropertyValueSpecification\",\"valueRequired\":true,\"valueName\":\"search_term_string\"}}],\"inLanguage\":\"fr-FR\"},{\"@type\":\"Organization\",\"@id\":\"https:\/\/melalepersian.com\/fr\/#organization\",\"name\":\"Melale International Educational Complex\",\"url\":\"https:\/\/melalepersian.com\/fr\/\",\"logo\":{\"@type\":\"ImageObject\",\"inLanguage\":\"fr-FR\",\"@id\":\"https:\/\/melalepersian.com\/fr\/#\/schema\/logo\/image\/\",\"url\":\"https:\/\/melalepersian.com\/wp-content\/uploads\/2022\/02\/melalepersian-logo-500.svg\",\"contentUrl\":\"https:\/\/melalepersian.com\/wp-content\/uploads\/2022\/02\/melalepersian-logo-500.svg\",\"width\":676,\"height\":491,\"caption\":\"Melale International Educational Complex\"},\"image\":{\"@id\":\"https:\/\/melalepersian.com\/fr\/#\/schema\/logo\/image\/\"},\"sameAs\":[\"https:\/\/www.facebook.com\/melalepersian\",\"https:\/\/www.linkedin.com\/company\/melalepersian\/\",\"https:\/\/www.instagram.com\/melalepersian\/\"],\"description\":\"MelalePersian is the biggest online and offline shop for learning language, literature, architecture, and art of rich Persian heritage. With the aim of promoting and obtaining cultural interactions. The services have vast and divergence provided for interested individuals with considering to highest quality. This international, Iranian-French, company is trying to be the best representative of Iranian artistic works around the world.\",\"email\":\"info@melalepersian.com\",\"legalName\":\"MelalePersian\",\"foundingDate\":\"2020-07-23\",\"numberOfEmployees\":{\"@type\":\"QuantitativeValue\",\"minValue\":\"11\",\"maxValue\":\"50\"}}]}<\/script>\n<meta property=\"product:price:amount\" content=\"0\" \/>\n<meta property=\"product:price:currency\" content=\"USD\" \/>\n<meta property=\"og:availability\" content=\"instock\" \/>\n<meta property=\"product:availability\" content=\"instock\" \/>\n<meta property=\"product:condition\" content=\"new\" \/>\n<!-- \/ Yoast SEO Premium plugin. -->","yoast_head_json":{"title":"Architecture iranienne ancienne (persane et parthe)","robots":{"index":"index","follow":"follow","max-snippet":"max-snippet:-1","max-image-preview":"max-image-preview:large","max-video-preview":"max-video-preview:-1"},"canonical":"https:\/\/melalepersian.com\/fr\/product\/architecture-iranienne-ancienne\/","og_locale":"fr_FR","og_type":"article","og_title":"Architecture iranienne ancienne (persane et parthe)","og_description":"Dans ces cours, apr\u00e8s avoir d\u00e9couvert le courant historique de l'architecture iranienne depuis le d\u00e9but jusqu'\u00e0 l'invasion arabe de l'Iran, ainsi que l'introduction des aspects techniques et de la m\u00e9thode de construction en termes d'esth\u00e9tique, des \u0153uvres significatives en d\u00e9finissant un chemin dans la g\u00e9ographie architecturale iranienne seront pr\u00e9sent\u00e9s. On essaie d\u2019acqu\u00e9rir une nouvelle compr\u00e9hension des aspects de la pens\u00e9e architecturale de cette p\u00e9riode historique en Iran et \u00eatre conscient de l'impact de l'architecture mondiale sur ce parcours historique brillant.","og_url":"https:\/\/melalepersian.com\/fr\/product\/architecture-iranienne-ancienne\/","og_site_name":"Centre \u00e9ducatif Nations Persanes - Centre de formation \u00e0 la culture et aux arts iraniens","article_publisher":"https:\/\/www.facebook.com\/melalepersian","article_modified_time":"2022-04-11T08:12:32+00:00","og_image":[{"width":800,"height":300,"url":"https:\/\/melalepersian.com\/fr\/wp-content\/uploads\/2021\/07\/takhte-jamshid.jpg","type":"image\/jpeg"}],"twitter_card":"summary_large_image","twitter_misc":{"Prix":"","Availability":"In stock"},"schema":{"@context":"https:\/\/schema.org","@graph":[{"@type":"WebPage","@id":"https:\/\/melalepersian.com\/fr\/product\/architecture-iranienne-ancienne\/","url":"https:\/\/melalepersian.com\/fr\/product\/architecture-iranienne-ancienne\/","name":"Architecture iranienne ancienne (persane et parthe)","isPartOf":{"@id":"https:\/\/melalepersian.com\/fr\/#website"},"primaryImageOfPage":{"@id":"https:\/\/melalepersian.com\/fr\/product\/architecture-iranienne-ancienne\/#primaryimage"},"image":{"@id":"https:\/\/melalepersian.com\/fr\/product\/architecture-iranienne-ancienne\/#primaryimage"},"thumbnailUrl":"https:\/\/melalepersian.com\/fr\/wp-content\/uploads\/2021\/07\/takhte-jamshid.jpg","datePublished":"2022-01-13T10:23:38+00:00","dateModified":"2022-04-11T08:12:32+00:00","breadcrumb":{"@id":"https:\/\/melalepersian.com\/fr\/product\/architecture-iranienne-ancienne\/#breadcrumb"},"inLanguage":"fr-FR","potentialAction":[{"@type":"ReadAction","target":["https:\/\/melalepersian.com\/fr\/product\/architecture-iranienne-ancienne\/"]}]},{"@type":"ImageObject","inLanguage":"fr-FR","@id":"https:\/\/melalepersian.com\/fr\/product\/architecture-iranienne-ancienne\/#primaryimage","url":"https:\/\/melalepersian.com\/fr\/wp-content\/uploads\/2021\/07\/takhte-jamshid.jpg","contentUrl":"https:\/\/melalepersian.com\/fr\/wp-content\/uploads\/2021\/07\/takhte-jamshid.jpg","width":800,"height":300,"caption":"\u062a\u062e\u062a-\u062c\u0645\u0634\u06cc\u062f"},{"@type":"BreadcrumbList","@id":"https:\/\/melalepersian.com\/fr\/product\/architecture-iranienne-ancienne\/#breadcrumb","itemListElement":[{"@type":"ListItem","position":1,"name":"\u062e\u0627\u0646\u0647","item":"https:\/\/melalepersian.com\/fr\/"},{"@type":"ListItem","position":2,"name":"Shop","item":"https:\/\/melalepersian.com\/fr\/shop\/"},{"@type":"ListItem","position":3,"name":"Architecture iranienne ancienne (persane et parthe)"}]},{"@type":"WebSite","@id":"https:\/\/melalepersian.com\/fr\/#website","url":"https:\/\/melalepersian.com\/fr\/","name":"Centre \u00e9ducatif Nations Persanes - Centre de formation \u00e0 la culture et aux arts iraniens","description":"Formation en litt\u00e9rature, langue, musique, architecture et tourisme de la terre d&#039;Iran","publisher":{"@id":"https:\/\/melalepersian.com\/fr\/#organization"},"potentialAction":[{"@type":"SearchAction","target":{"@type":"EntryPoint","urlTemplate":"https:\/\/melalepersian.com\/fr\/?s={search_term_string}"},"query-input":{"@type":"PropertyValueSpecification","valueRequired":true,"valueName":"search_term_string"}}],"inLanguage":"fr-FR"},{"@type":"Organization","@id":"https:\/\/melalepersian.com\/fr\/#organization","name":"Melale International Educational Complex","url":"https:\/\/melalepersian.com\/fr\/","logo":{"@type":"ImageObject","inLanguage":"fr-FR","@id":"https:\/\/melalepersian.com\/fr\/#\/schema\/logo\/image\/","url":"https:\/\/melalepersian.com\/wp-content\/uploads\/2022\/02\/melalepersian-logo-500.svg","contentUrl":"https:\/\/melalepersian.com\/wp-content\/uploads\/2022\/02\/melalepersian-logo-500.svg","width":676,"height":491,"caption":"Melale International Educational Complex"},"image":{"@id":"https:\/\/melalepersian.com\/fr\/#\/schema\/logo\/image\/"},"sameAs":["https:\/\/www.facebook.com\/melalepersian","https:\/\/www.linkedin.com\/company\/melalepersian\/","https:\/\/www.instagram.com\/melalepersian\/"],"description":"MelalePersian is the biggest online and offline shop for learning language, literature, architecture, and art of rich Persian heritage. With the aim of promoting and obtaining cultural interactions. The services have vast and divergence provided for interested individuals with considering to highest quality. This international, Iranian-French, company is trying to be the best representative of Iranian artistic works around the world.","email":"info@melalepersian.com","legalName":"MelalePersian","foundingDate":"2020-07-23","numberOfEmployees":{"@type":"QuantitativeValue","minValue":"11","maxValue":"50"}}]},"product_price_currency":"USD","og_availability":"instock","product_availability":"instock","product_condition":"new"},"_links":{"self":[{"href":"https:\/\/melalepersian.com\/fr\/wp-json\/wp\/v2\/product\/232702","targetHints":{"allow":["GET"]}}],"collection":[{"href":"https:\/\/melalepersian.com\/fr\/wp-json\/wp\/v2\/product"}],"about":[{"href":"https:\/\/melalepersian.com\/fr\/wp-json\/wp\/v2\/types\/product"}],"replies":[{"embeddable":true,"href":"https:\/\/melalepersian.com\/fr\/wp-json\/wp\/v2\/comments?post=232702"}],"version-history":[{"count":0,"href":"https:\/\/melalepersian.com\/fr\/wp-json\/wp\/v2\/product\/232702\/revisions"}],"wp:featuredmedia":[{"embeddable":true,"href":"https:\/\/melalepersian.com\/fr\/wp-json\/wp\/v2\/media\/229618"}],"wp:attachment":[{"href":"https:\/\/melalepersian.com\/fr\/wp-json\/wp\/v2\/media?parent=232702"}],"wp:term":[{"taxonomy":"product_brand","embeddable":true,"href":"https:\/\/melalepersian.com\/fr\/wp-json\/wp\/v2\/product_brand?post=232702"},{"taxonomy":"product_cat","embeddable":true,"href":"https:\/\/melalepersian.com\/fr\/wp-json\/wp\/v2\/product_cat?post=232702"},{"taxonomy":"product_tag","embeddable":true,"href":"https:\/\/melalepersian.com\/fr\/wp-json\/wp\/v2\/product_tag?post=232702"}],"curies":[{"name":"wp","href":"https:\/\/api.w.org\/{rel}","templated":true}]}}