{"id":232688,"date":"2022-01-15T09:04:40","date_gmt":"2022-01-15T05:34:40","guid":{"rendered":"https:\/\/melalepersian.com\/?post_type=product&#038;p=232688"},"modified":"2023-02-13T09:32:46","modified_gmt":"2023-02-13T06:02:46","slug":"organologie-de-la-musique-classique-iranienne","status":"publish","type":"product","link":"https:\/\/melalepersian.com\/fr\/product\/organologie-de-la-musique-classique-iranienne\/","title":{"rendered":"Organologie de la musique classique iranienne (Dastg\u00e2hi)"},"content":{"rendered":"<figure class=\"wp-block-embed aligncenter is-type-video is-provider-youtube wp-block-embed-youtube wp-embed-aspect-16-9 wp-has-aspect-ratio\"><div class=\"wp-block-embed__wrapper\">\n<iframe title=\"\u0645\u0639\u0631\u0641\u06cc \u0645\u062e\u062a\u0635\u0631 \u0628\u0631\u062e\u06cc \u0627\u0632 \u0633\u0627\u0632\u0647\u0627\u06cc \u0645\u0648\u0633\u06cc\u0642\u06cc \u062f\u0633\u062a\u06af\u0627\u0647\u06cc \u0627\u06cc\u0631\u0627\u0646 \u062a\u0648\u0633\u0637 \u062c\u0645\u0634\u06cc\u062f \u0634\u0645\u06cc\u0631\u0627\u0646\u06cc\" width=\"800\" height=\"450\" src=\"https:\/\/www.youtube.com\/embed\/nPY9Z8m9Co0?feature=oembed\" frameborder=\"0\" allow=\"accelerometer; autoplay; clipboard-write; encrypted-media; gyroscope; picture-in-picture; web-share\" referrerpolicy=\"strict-origin-when-cross-origin\" allowfullscreen><\/iframe>\n<\/div><\/figure><p>Ce cours est d\u00e9di\u00e9 \u00e0 la connaissance des instruments de musique classique &nbsp;iranienne (Dastg\u00e2hi) et d\u00e9crit les \u00e9l\u00e9ments suivants concernant chaque instrument:<\/p><ul class=\"wp-block-list\"><li>A) Contexte historique, motifs de l\u2019appellation et noms communs de chaque instrument de musique<\/li><li>B) Instrument \u00e0 jouer, composants et leur r\u00f4le et fonction, mati\u00e8res principales utilis\u00e9es dans la structure de l\u2019instrument<\/li><li>C) Gamme audio (gamme de sons de la note la plus haute \u00e0 la note la plus basse)<\/li><li>D) Caract\u00e9ristiques sensorielles et caract\u00e8re sonore de l&rsquo;instrument<\/li><li>E) Installations audio et techniques et restrictions dans la performance<\/li><li>F) Caract\u00e9ristiques de l\u2019instrument pour jeu de soliste ou dans un groupe de musique, combinaisons sonores appropri\u00e9es avec d&rsquo;autres instruments<\/li><li>G) Diffusion dans les pays voisins ou les versions similaires dans d&rsquo;autres pays<\/li><li>H) Grands ma\u00eetres, m\u00e9thodes de jouer et principales m\u00e9thodes d&rsquo;enseignement<\/li><li>I) Ecouter et voir des performances dans les diff\u00e9rentes m\u00e9thodes<\/li><\/ul><p>Les s\u00e9ances de ce cours sont:<\/p>[course_sections]<p><\/p>","protected":false},"excerpt":{"rendered":"<p>L\u2019interpr\u00e9tation originale de la musique classique iranienne (Dastg\u00e2hi) se fait par des instruments reconnus chez tous les Iraniens, qui ne se limitent pas \u00e0 la culture audio d&rsquo;une r\u00e9gion sp\u00e9cifique. Ces instruments disposent des \u00e9quipements sonores n\u00e9cessaires pour interpr\u00e9ter les subtilit\u00e9s de la musique iranienne. Bien que certains d&rsquo;entre eux soient communs dans les pays voisins avec quelques diff\u00e9rences, selon des documents historiques ils ont une identit\u00e9 iranienne.<\/p>\n","protected":false},"featured_media":231385,"comment_status":"open","ping_status":"closed","template":"","meta":{"_acf_changed":false},"product_brand":[],"product_cat":[778],"product_tag":[],"class_list":{"0":"post-232688","1":"product","2":"type-product","3":"status-publish","4":"has-post-thumbnail","6":"product_cat-music","8":"first","9":"instock","10":"shipping-taxable","11":"product-type-simple"},"acf":[],"yoast_head":"<!-- This site is optimized with the Yoast SEO Premium plugin v23.8 (Yoast SEO v24.1) - https:\/\/yoast.com\/wordpress\/plugins\/seo\/ -->\n<title>Organologie de la musique classique iranienne (Dastg\u00e2hi)<\/title>\n<meta name=\"robots\" content=\"index, follow, max-snippet:-1, max-image-preview:large, max-video-preview:-1\" \/>\n<link rel=\"canonical\" href=\"https:\/\/melalepersian.com\/fr\/product\/organologie-de-la-musique-classique-iranienne\/\" \/>\n<meta property=\"og:locale\" content=\"fr_FR\" \/>\n<meta property=\"og:type\" content=\"article\" \/>\n<meta property=\"og:title\" content=\"Organologie de la musique classique iranienne (Dastg\u00e2hi)\" \/>\n<meta property=\"og:description\" content=\"L\u2019interpr\u00e9tation originale de la musique classique iranienne (Dastg\u00e2hi) se fait par des instruments reconnus chez tous les Iraniens, qui ne se limitent pas \u00e0 la culture audio d&#039;une r\u00e9gion sp\u00e9cifique. Ces instruments disposent des \u00e9quipements sonores n\u00e9cessaires pour interpr\u00e9ter les subtilit\u00e9s de la musique iranienne. Bien que certains d&#039;entre eux soient communs dans les pays voisins avec quelques diff\u00e9rences, selon des documents historiques ils ont une identit\u00e9 iranienne.\" \/>\n<meta property=\"og:url\" content=\"https:\/\/melalepersian.com\/fr\/product\/organologie-de-la-musique-classique-iranienne\/\" \/>\n<meta property=\"og:site_name\" content=\"Centre \u00e9ducatif Nations Persanes - Centre de formation \u00e0 la culture et aux arts iraniens\" \/>\n<meta property=\"article:publisher\" content=\"https:\/\/www.facebook.com\/melalepersian\" \/>\n<meta property=\"article:modified_time\" content=\"2023-02-13T06:02:46+00:00\" \/>\n<meta property=\"og:image\" content=\"https:\/\/melalepersian.com\/fr\/wp-content\/uploads\/2021\/12\/\u06af\u0631\u0648\u0647-\u0633\u0627\u0632\u0647\u0627\u06cc-\u0633\u0646\u062a\u06cc-\u0645\u0631\u06a9\u0632-\u062d\u0641\u0638-\u0648-\u0627\u0634\u0627\u0639\u0647-\u0645\u0648\u0633\u06cc\u0642\u06cc-\u0627\u06cc\u0631\u0627\u0646\u06cc-\u062f\u0647\u0647-\u067e\u0646\u062c\u0627\u0647-\u062e\u0648\u0631\u0634\u06cc\u062f\u06cc.webp\" \/>\n\t<meta property=\"og:image:width\" content=\"960\" \/>\n\t<meta property=\"og:image:height\" content=\"360\" \/>\n\t<meta property=\"og:image:type\" content=\"image\/webp\" \/>\n<meta name=\"twitter:card\" content=\"summary_large_image\" \/>\n<meta name=\"twitter:label1\" content=\"Prix\" \/>\n\t<meta name=\"twitter:data1\" content=\"\" \/>\n\t<meta name=\"twitter:label2\" content=\"Availability\" \/>\n\t<meta name=\"twitter:data2\" content=\"In stock\" \/>\n<script type=\"application\/ld+json\" class=\"yoast-schema-graph\">{\"@context\":\"https:\/\/schema.org\",\"@graph\":[{\"@type\":\"WebPage\",\"@id\":\"https:\/\/melalepersian.com\/fr\/product\/organologie-de-la-musique-classique-iranienne\/\",\"url\":\"https:\/\/melalepersian.com\/fr\/product\/organologie-de-la-musique-classique-iranienne\/\",\"name\":\"Organologie de la musique classique iranienne (Dastg\u00e2hi)\",\"isPartOf\":{\"@id\":\"https:\/\/melalepersian.com\/fr\/#website\"},\"primaryImageOfPage\":{\"@id\":\"https:\/\/melalepersian.com\/fr\/product\/organologie-de-la-musique-classique-iranienne\/#primaryimage\"},\"image\":{\"@id\":\"https:\/\/melalepersian.com\/fr\/product\/organologie-de-la-musique-classique-iranienne\/#primaryimage\"},\"thumbnailUrl\":\"https:\/\/melalepersian.com\/fr\/wp-content\/uploads\/2021\/12\/\u06af\u0631\u0648\u0647-\u0633\u0627\u0632\u0647\u0627\u06cc-\u0633\u0646\u062a\u06cc-\u0645\u0631\u06a9\u0632-\u062d\u0641\u0638-\u0648-\u0627\u0634\u0627\u0639\u0647-\u0645\u0648\u0633\u06cc\u0642\u06cc-\u0627\u06cc\u0631\u0627\u0646\u06cc-\u062f\u0647\u0647-\u067e\u0646\u062c\u0627\u0647-\u062e\u0648\u0631\u0634\u06cc\u062f\u06cc.webp\",\"datePublished\":\"2022-01-15T05:34:40+00:00\",\"dateModified\":\"2023-02-13T06:02:46+00:00\",\"breadcrumb\":{\"@id\":\"https:\/\/melalepersian.com\/fr\/product\/organologie-de-la-musique-classique-iranienne\/#breadcrumb\"},\"inLanguage\":\"fr-FR\",\"potentialAction\":[{\"@type\":\"ReadAction\",\"target\":[\"https:\/\/melalepersian.com\/fr\/product\/organologie-de-la-musique-classique-iranienne\/\"]}]},{\"@type\":\"ImageObject\",\"inLanguage\":\"fr-FR\",\"@id\":\"https:\/\/melalepersian.com\/fr\/product\/organologie-de-la-musique-classique-iranienne\/#primaryimage\",\"url\":\"https:\/\/melalepersian.com\/fr\/wp-content\/uploads\/2021\/12\/\u06af\u0631\u0648\u0647-\u0633\u0627\u0632\u0647\u0627\u06cc-\u0633\u0646\u062a\u06cc-\u0645\u0631\u06a9\u0632-\u062d\u0641\u0638-\u0648-\u0627\u0634\u0627\u0639\u0647-\u0645\u0648\u0633\u06cc\u0642\u06cc-\u0627\u06cc\u0631\u0627\u0646\u06cc-\u062f\u0647\u0647-\u067e\u0646\u062c\u0627\u0647-\u062e\u0648\u0631\u0634\u06cc\u062f\u06cc.webp\",\"contentUrl\":\"https:\/\/melalepersian.com\/fr\/wp-content\/uploads\/2021\/12\/\u06af\u0631\u0648\u0647-\u0633\u0627\u0632\u0647\u0627\u06cc-\u0633\u0646\u062a\u06cc-\u0645\u0631\u06a9\u0632-\u062d\u0641\u0638-\u0648-\u0627\u0634\u0627\u0639\u0647-\u0645\u0648\u0633\u06cc\u0642\u06cc-\u0627\u06cc\u0631\u0627\u0646\u06cc-\u062f\u0647\u0647-\u067e\u0646\u062c\u0627\u0647-\u062e\u0648\u0631\u0634\u06cc\u062f\u06cc.webp\",\"width\":960,\"height\":360,\"caption\":\"\u06af\u0631\u0648\u0647 \u0633\u0627\u0632\u0647\u0627\u06cc \u0633\u0646\u062a\u06cc \u0645\u0631\u06a9\u0632 \u062d\u0641\u0638 \u0648 \u0627\u0634\u0627\u0639\u0647 \u0645\u0648\u0633\u06cc\u0642\u06cc \u0627\u06cc\u0631\u0627\u0646\u06cc (\u062f\u0647\u0647 \u067e\u0646\u062c\u0627\u0647 \u062e\u0648\u0631\u0634\u06cc\u062f\u06cc ) \u0628\u0647 \u062e\u0648\u0627\u0646\u0646\u062f\u06af\u06cc \u067e\u0631\u06cc\u0633\u0627 \u0648 \u0633\u0631\u067e\u0631\u0633\u062a\u06cc \u0631\u0636\u0627 \u0634\u0641\u06cc\u0639\u06cc\u0627\u0646\"},{\"@type\":\"BreadcrumbList\",\"@id\":\"https:\/\/melalepersian.com\/fr\/product\/organologie-de-la-musique-classique-iranienne\/#breadcrumb\",\"itemListElement\":[{\"@type\":\"ListItem\",\"position\":1,\"name\":\"\u062e\u0627\u0646\u0647\",\"item\":\"https:\/\/melalepersian.com\/fr\/\"},{\"@type\":\"ListItem\",\"position\":2,\"name\":\"Shop\",\"item\":\"https:\/\/melalepersian.com\/fr\/shop\/\"},{\"@type\":\"ListItem\",\"position\":3,\"name\":\"Organologie de la musique classique iranienne (Dastg\u00e2hi)\"}]},{\"@type\":\"WebSite\",\"@id\":\"https:\/\/melalepersian.com\/fr\/#website\",\"url\":\"https:\/\/melalepersian.com\/fr\/\",\"name\":\"Centre \u00e9ducatif Nations Persanes - Centre de formation \u00e0 la culture et aux arts iraniens\",\"description\":\"Formation en litt\u00e9rature, langue, musique, architecture et tourisme de la terre d&#039;Iran\",\"publisher\":{\"@id\":\"https:\/\/melalepersian.com\/fr\/#organization\"},\"potentialAction\":[{\"@type\":\"SearchAction\",\"target\":{\"@type\":\"EntryPoint\",\"urlTemplate\":\"https:\/\/melalepersian.com\/fr\/?s={search_term_string}\"},\"query-input\":{\"@type\":\"PropertyValueSpecification\",\"valueRequired\":true,\"valueName\":\"search_term_string\"}}],\"inLanguage\":\"fr-FR\"},{\"@type\":\"Organization\",\"@id\":\"https:\/\/melalepersian.com\/fr\/#organization\",\"name\":\"Melale International Educational Complex\",\"url\":\"https:\/\/melalepersian.com\/fr\/\",\"logo\":{\"@type\":\"ImageObject\",\"inLanguage\":\"fr-FR\",\"@id\":\"https:\/\/melalepersian.com\/fr\/#\/schema\/logo\/image\/\",\"url\":\"https:\/\/melalepersian.com\/wp-content\/uploads\/2022\/02\/melalepersian-logo-500.svg\",\"contentUrl\":\"https:\/\/melalepersian.com\/wp-content\/uploads\/2022\/02\/melalepersian-logo-500.svg\",\"width\":676,\"height\":491,\"caption\":\"Melale International Educational Complex\"},\"image\":{\"@id\":\"https:\/\/melalepersian.com\/fr\/#\/schema\/logo\/image\/\"},\"sameAs\":[\"https:\/\/www.facebook.com\/melalepersian\",\"https:\/\/www.linkedin.com\/company\/melalepersian\/\",\"https:\/\/www.instagram.com\/melalepersian\/\"],\"description\":\"MelalePersian is the biggest online and offline shop for learning language, literature, architecture, and art of rich Persian heritage. With the aim of promoting and obtaining cultural interactions. The services have vast and divergence provided for interested individuals with considering to highest quality. This international, Iranian-French, company is trying to be the best representative of Iranian artistic works around the world.\",\"email\":\"info@melalepersian.com\",\"legalName\":\"MelalePersian\",\"foundingDate\":\"2020-07-23\",\"numberOfEmployees\":{\"@type\":\"QuantitativeValue\",\"minValue\":\"11\",\"maxValue\":\"50\"}}]}<\/script>\n<meta property=\"product:price:amount\" content=\"0\" \/>\n<meta property=\"product:price:currency\" content=\"USD\" \/>\n<meta property=\"og:availability\" content=\"instock\" \/>\n<meta property=\"product:availability\" content=\"instock\" \/>\n<meta property=\"product:condition\" content=\"new\" \/>\n<!-- \/ Yoast SEO Premium plugin. -->","yoast_head_json":{"title":"Organologie de la musique classique iranienne (Dastg\u00e2hi)","robots":{"index":"index","follow":"follow","max-snippet":"max-snippet:-1","max-image-preview":"max-image-preview:large","max-video-preview":"max-video-preview:-1"},"canonical":"https:\/\/melalepersian.com\/fr\/product\/organologie-de-la-musique-classique-iranienne\/","og_locale":"fr_FR","og_type":"article","og_title":"Organologie de la musique classique iranienne (Dastg\u00e2hi)","og_description":"L\u2019interpr\u00e9tation originale de la musique classique iranienne (Dastg\u00e2hi) se fait par des instruments reconnus chez tous les Iraniens, qui ne se limitent pas \u00e0 la culture audio d'une r\u00e9gion sp\u00e9cifique. Ces instruments disposent des \u00e9quipements sonores n\u00e9cessaires pour interpr\u00e9ter les subtilit\u00e9s de la musique iranienne. Bien que certains d'entre eux soient communs dans les pays voisins avec quelques diff\u00e9rences, selon des documents historiques ils ont une identit\u00e9 iranienne.","og_url":"https:\/\/melalepersian.com\/fr\/product\/organologie-de-la-musique-classique-iranienne\/","og_site_name":"Centre \u00e9ducatif Nations Persanes - Centre de formation \u00e0 la culture et aux arts iraniens","article_publisher":"https:\/\/www.facebook.com\/melalepersian","article_modified_time":"2023-02-13T06:02:46+00:00","og_image":[{"width":960,"height":360,"url":"https:\/\/melalepersian.com\/fr\/wp-content\/uploads\/2021\/12\/\u06af\u0631\u0648\u0647-\u0633\u0627\u0632\u0647\u0627\u06cc-\u0633\u0646\u062a\u06cc-\u0645\u0631\u06a9\u0632-\u062d\u0641\u0638-\u0648-\u0627\u0634\u0627\u0639\u0647-\u0645\u0648\u0633\u06cc\u0642\u06cc-\u0627\u06cc\u0631\u0627\u0646\u06cc-\u062f\u0647\u0647-\u067e\u0646\u062c\u0627\u0647-\u062e\u0648\u0631\u0634\u06cc\u062f\u06cc.webp","type":"image\/webp"}],"twitter_card":"summary_large_image","twitter_misc":{"Prix":"","Availability":"In stock"},"schema":{"@context":"https:\/\/schema.org","@graph":[{"@type":"WebPage","@id":"https:\/\/melalepersian.com\/fr\/product\/organologie-de-la-musique-classique-iranienne\/","url":"https:\/\/melalepersian.com\/fr\/product\/organologie-de-la-musique-classique-iranienne\/","name":"Organologie de la musique classique iranienne (Dastg\u00e2hi)","isPartOf":{"@id":"https:\/\/melalepersian.com\/fr\/#website"},"primaryImageOfPage":{"@id":"https:\/\/melalepersian.com\/fr\/product\/organologie-de-la-musique-classique-iranienne\/#primaryimage"},"image":{"@id":"https:\/\/melalepersian.com\/fr\/product\/organologie-de-la-musique-classique-iranienne\/#primaryimage"},"thumbnailUrl":"https:\/\/melalepersian.com\/fr\/wp-content\/uploads\/2021\/12\/\u06af\u0631\u0648\u0647-\u0633\u0627\u0632\u0647\u0627\u06cc-\u0633\u0646\u062a\u06cc-\u0645\u0631\u06a9\u0632-\u062d\u0641\u0638-\u0648-\u0627\u0634\u0627\u0639\u0647-\u0645\u0648\u0633\u06cc\u0642\u06cc-\u0627\u06cc\u0631\u0627\u0646\u06cc-\u062f\u0647\u0647-\u067e\u0646\u062c\u0627\u0647-\u062e\u0648\u0631\u0634\u06cc\u062f\u06cc.webp","datePublished":"2022-01-15T05:34:40+00:00","dateModified":"2023-02-13T06:02:46+00:00","breadcrumb":{"@id":"https:\/\/melalepersian.com\/fr\/product\/organologie-de-la-musique-classique-iranienne\/#breadcrumb"},"inLanguage":"fr-FR","potentialAction":[{"@type":"ReadAction","target":["https:\/\/melalepersian.com\/fr\/product\/organologie-de-la-musique-classique-iranienne\/"]}]},{"@type":"ImageObject","inLanguage":"fr-FR","@id":"https:\/\/melalepersian.com\/fr\/product\/organologie-de-la-musique-classique-iranienne\/#primaryimage","url":"https:\/\/melalepersian.com\/fr\/wp-content\/uploads\/2021\/12\/\u06af\u0631\u0648\u0647-\u0633\u0627\u0632\u0647\u0627\u06cc-\u0633\u0646\u062a\u06cc-\u0645\u0631\u06a9\u0632-\u062d\u0641\u0638-\u0648-\u0627\u0634\u0627\u0639\u0647-\u0645\u0648\u0633\u06cc\u0642\u06cc-\u0627\u06cc\u0631\u0627\u0646\u06cc-\u062f\u0647\u0647-\u067e\u0646\u062c\u0627\u0647-\u062e\u0648\u0631\u0634\u06cc\u062f\u06cc.webp","contentUrl":"https:\/\/melalepersian.com\/fr\/wp-content\/uploads\/2021\/12\/\u06af\u0631\u0648\u0647-\u0633\u0627\u0632\u0647\u0627\u06cc-\u0633\u0646\u062a\u06cc-\u0645\u0631\u06a9\u0632-\u062d\u0641\u0638-\u0648-\u0627\u0634\u0627\u0639\u0647-\u0645\u0648\u0633\u06cc\u0642\u06cc-\u0627\u06cc\u0631\u0627\u0646\u06cc-\u062f\u0647\u0647-\u067e\u0646\u062c\u0627\u0647-\u062e\u0648\u0631\u0634\u06cc\u062f\u06cc.webp","width":960,"height":360,"caption":"\u06af\u0631\u0648\u0647 \u0633\u0627\u0632\u0647\u0627\u06cc \u0633\u0646\u062a\u06cc \u0645\u0631\u06a9\u0632 \u062d\u0641\u0638 \u0648 \u0627\u0634\u0627\u0639\u0647 \u0645\u0648\u0633\u06cc\u0642\u06cc \u0627\u06cc\u0631\u0627\u0646\u06cc (\u062f\u0647\u0647 \u067e\u0646\u062c\u0627\u0647 \u062e\u0648\u0631\u0634\u06cc\u062f\u06cc ) \u0628\u0647 \u062e\u0648\u0627\u0646\u0646\u062f\u06af\u06cc \u067e\u0631\u06cc\u0633\u0627 \u0648 \u0633\u0631\u067e\u0631\u0633\u062a\u06cc \u0631\u0636\u0627 \u0634\u0641\u06cc\u0639\u06cc\u0627\u0646"},{"@type":"BreadcrumbList","@id":"https:\/\/melalepersian.com\/fr\/product\/organologie-de-la-musique-classique-iranienne\/#breadcrumb","itemListElement":[{"@type":"ListItem","position":1,"name":"\u062e\u0627\u0646\u0647","item":"https:\/\/melalepersian.com\/fr\/"},{"@type":"ListItem","position":2,"name":"Shop","item":"https:\/\/melalepersian.com\/fr\/shop\/"},{"@type":"ListItem","position":3,"name":"Organologie de la musique classique iranienne (Dastg\u00e2hi)"}]},{"@type":"WebSite","@id":"https:\/\/melalepersian.com\/fr\/#website","url":"https:\/\/melalepersian.com\/fr\/","name":"Centre \u00e9ducatif Nations Persanes - Centre de formation \u00e0 la culture et aux arts iraniens","description":"Formation en litt\u00e9rature, langue, musique, architecture et tourisme de la terre d&#039;Iran","publisher":{"@id":"https:\/\/melalepersian.com\/fr\/#organization"},"potentialAction":[{"@type":"SearchAction","target":{"@type":"EntryPoint","urlTemplate":"https:\/\/melalepersian.com\/fr\/?s={search_term_string}"},"query-input":{"@type":"PropertyValueSpecification","valueRequired":true,"valueName":"search_term_string"}}],"inLanguage":"fr-FR"},{"@type":"Organization","@id":"https:\/\/melalepersian.com\/fr\/#organization","name":"Melale International Educational Complex","url":"https:\/\/melalepersian.com\/fr\/","logo":{"@type":"ImageObject","inLanguage":"fr-FR","@id":"https:\/\/melalepersian.com\/fr\/#\/schema\/logo\/image\/","url":"https:\/\/melalepersian.com\/wp-content\/uploads\/2022\/02\/melalepersian-logo-500.svg","contentUrl":"https:\/\/melalepersian.com\/wp-content\/uploads\/2022\/02\/melalepersian-logo-500.svg","width":676,"height":491,"caption":"Melale International Educational Complex"},"image":{"@id":"https:\/\/melalepersian.com\/fr\/#\/schema\/logo\/image\/"},"sameAs":["https:\/\/www.facebook.com\/melalepersian","https:\/\/www.linkedin.com\/company\/melalepersian\/","https:\/\/www.instagram.com\/melalepersian\/"],"description":"MelalePersian is the biggest online and offline shop for learning language, literature, architecture, and art of rich Persian heritage. With the aim of promoting and obtaining cultural interactions. The services have vast and divergence provided for interested individuals with considering to highest quality. This international, Iranian-French, company is trying to be the best representative of Iranian artistic works around the world.","email":"info@melalepersian.com","legalName":"MelalePersian","foundingDate":"2020-07-23","numberOfEmployees":{"@type":"QuantitativeValue","minValue":"11","maxValue":"50"}}]},"product_price_currency":"USD","og_availability":"instock","product_availability":"instock","product_condition":"new"},"_links":{"self":[{"href":"https:\/\/melalepersian.com\/fr\/wp-json\/wp\/v2\/product\/232688","targetHints":{"allow":["GET"]}}],"collection":[{"href":"https:\/\/melalepersian.com\/fr\/wp-json\/wp\/v2\/product"}],"about":[{"href":"https:\/\/melalepersian.com\/fr\/wp-json\/wp\/v2\/types\/product"}],"replies":[{"embeddable":true,"href":"https:\/\/melalepersian.com\/fr\/wp-json\/wp\/v2\/comments?post=232688"}],"version-history":[{"count":0,"href":"https:\/\/melalepersian.com\/fr\/wp-json\/wp\/v2\/product\/232688\/revisions"}],"wp:featuredmedia":[{"embeddable":true,"href":"https:\/\/melalepersian.com\/fr\/wp-json\/wp\/v2\/media\/231385"}],"wp:attachment":[{"href":"https:\/\/melalepersian.com\/fr\/wp-json\/wp\/v2\/media?parent=232688"}],"wp:term":[{"taxonomy":"product_brand","embeddable":true,"href":"https:\/\/melalepersian.com\/fr\/wp-json\/wp\/v2\/product_brand?post=232688"},{"taxonomy":"product_cat","embeddable":true,"href":"https:\/\/melalepersian.com\/fr\/wp-json\/wp\/v2\/product_cat?post=232688"},{"taxonomy":"product_tag","embeddable":true,"href":"https:\/\/melalepersian.com\/fr\/wp-json\/wp\/v2\/product_tag?post=232688"}],"curies":[{"name":"wp","href":"https:\/\/api.w.org\/{rel}","templated":true}]}}