{"id":232684,"date":"2022-01-13T11:49:55","date_gmt":"2022-01-13T08:19:55","guid":{"rendered":"https:\/\/melalepersian.com\/?post_type=product&#038;p=232684"},"modified":"2022-05-01T08:30:27","modified_gmt":"2022-05-01T04:00:27","slug":"contextualisme-dans-larchitecture-iranienne-contemporaine","status":"publish","type":"product","link":"https:\/\/melalepersian.com\/fr\/product\/contextualisme-dans-larchitecture-iranienne-contemporaine\/","title":{"rendered":"Contextualisme et architecture contemporaine iranienne"},"content":{"rendered":"<p> Ces efforts \u00e9taient conformes \u00e0 la formation de th\u00e9ories telles que le contextualisme et le r\u00e9gionalisme dans le monde qui reliaient l&rsquo;architecture contemporaine de l&rsquo;Iran au monde. Ce cours v\u00e9rifie l&rsquo;histoire contemporaine de l&rsquo;Iran et pr\u00e9sente les concepts que ces architectes ont suivis dans leurs travaux, et finalement, examine un certain nombre d&rsquo;\u0153uvres remarquables de cette p\u00e9riode.<\/p><p><strong>M\u00e9thode d\u2019enseignement:<\/strong><\/p><ul class=\"wp-block-list\"><li>Vid\u00e9o de pr\u00e9sentation ainsi que des photos, des cartes et des entretiens avec des experts.<\/li><\/ul><p><strong>A qui s&rsquo;adresse ce cours?<\/strong><\/p><ul class=\"wp-block-list\"><li>Architecture<\/li><li>Chercheurs en architecture contemporaine avec des approches de r\u00e9gionalisme et de contextualisme<\/li><li>Tous ceux qui s&rsquo;int\u00e9ressent \u00e0 l&rsquo;architecture iranienne contemporaine<\/li><\/ul>","protected":false},"excerpt":{"rendered":"<p>La tradition de l&rsquo;histoire de l&rsquo;architecture iranienne, qui s&rsquo;est align\u00e9e sur les civilisations les plus avanc\u00e9es du monde, a connu de grandes r\u00e9ussites, de sorte qu&rsquo;un certain nombre d&rsquo;architectes iraniens contemporains, en particulier depuis les ann\u00e9es 60, ont tent\u00e9 de lier cette tradition aux r\u00e9ussites de l&rsquo;architecture mondiale contemporaine.<\/p>\n","protected":false},"featured_media":230113,"comment_status":"open","ping_status":"closed","template":"","meta":{"_acf_changed":false},"product_brand":[],"product_cat":[776],"product_tag":[],"class_list":{"0":"post-232684","1":"product","2":"type-product","3":"status-publish","4":"has-post-thumbnail","6":"product_cat-architecture","8":"first","9":"instock","10":"shipping-taxable","11":"product-type-simple"},"acf":[],"yoast_head":"<!-- This site is optimized with the Yoast SEO Premium plugin v23.8 (Yoast SEO v24.1) - https:\/\/yoast.com\/wordpress\/plugins\/seo\/ -->\n<title>Contextualisme et architecture contemporaine iranienne<\/title>\n<meta name=\"robots\" content=\"index, follow, max-snippet:-1, max-image-preview:large, max-video-preview:-1\" \/>\n<link rel=\"canonical\" href=\"https:\/\/melalepersian.com\/fr\/product\/contextualisme-dans-larchitecture-iranienne-contemporaine\/\" \/>\n<meta property=\"og:locale\" content=\"fr_FR\" \/>\n<meta property=\"og:type\" content=\"article\" \/>\n<meta property=\"og:title\" content=\"Contextualisme et architecture contemporaine iranienne\" \/>\n<meta property=\"og:description\" content=\"La tradition de l&#039;histoire de l&#039;architecture iranienne, qui s&#039;est align\u00e9e sur les civilisations les plus avanc\u00e9es du monde, a connu de grandes r\u00e9ussites, de sorte qu&#039;un certain nombre d&#039;architectes iraniens contemporains, en particulier depuis les ann\u00e9es 60, ont tent\u00e9 de lier cette tradition aux r\u00e9ussites de l&#039;architecture mondiale contemporaine.\" \/>\n<meta property=\"og:url\" content=\"https:\/\/melalepersian.com\/fr\/product\/contextualisme-dans-larchitecture-iranienne-contemporaine\/\" \/>\n<meta property=\"og:site_name\" content=\"Centre \u00e9ducatif Nations Persanes - Centre de formation \u00e0 la culture et aux arts iraniens\" \/>\n<meta property=\"article:publisher\" content=\"https:\/\/www.facebook.com\/melalepersian\" \/>\n<meta property=\"article:modified_time\" content=\"2022-05-01T04:00:27+00:00\" \/>\n<meta property=\"og:image\" content=\"https:\/\/melalepersian.com\/fr\/wp-content\/uploads\/2021\/08\/\u0632\u0645\u06cc\u0646\u0647_\u06af\u0631\u0627\u06cc\u06cc-\u0648-\u0645\u0639\u0645\u0627\u0631\u06cc-\u0645\u0639\u0627\u0635\u0631-\u0627\u06cc\u0631\u0627\u0646.jpg\" \/>\n\t<meta property=\"og:image:width\" content=\"800\" \/>\n\t<meta property=\"og:image:height\" content=\"300\" \/>\n\t<meta property=\"og:image:type\" content=\"image\/jpeg\" \/>\n<meta name=\"twitter:card\" content=\"summary_large_image\" \/>\n<meta name=\"twitter:label1\" content=\"Prix\" \/>\n\t<meta name=\"twitter:data1\" content=\"\" \/>\n\t<meta name=\"twitter:label2\" content=\"Availability\" \/>\n\t<meta name=\"twitter:data2\" content=\"In stock\" \/>\n<script type=\"application\/ld+json\" class=\"yoast-schema-graph\">{\"@context\":\"https:\/\/schema.org\",\"@graph\":[{\"@type\":\"WebPage\",\"@id\":\"https:\/\/melalepersian.com\/fr\/product\/contextualisme-dans-larchitecture-iranienne-contemporaine\/\",\"url\":\"https:\/\/melalepersian.com\/fr\/product\/contextualisme-dans-larchitecture-iranienne-contemporaine\/\",\"name\":\"Contextualisme et architecture contemporaine iranienne\",\"isPartOf\":{\"@id\":\"https:\/\/melalepersian.com\/fr\/#website\"},\"primaryImageOfPage\":{\"@id\":\"https:\/\/melalepersian.com\/fr\/product\/contextualisme-dans-larchitecture-iranienne-contemporaine\/#primaryimage\"},\"image\":{\"@id\":\"https:\/\/melalepersian.com\/fr\/product\/contextualisme-dans-larchitecture-iranienne-contemporaine\/#primaryimage\"},\"thumbnailUrl\":\"https:\/\/melalepersian.com\/fr\/wp-content\/uploads\/2021\/08\/\u0632\u0645\u06cc\u0646\u0647_\u06af\u0631\u0627\u06cc\u06cc-\u0648-\u0645\u0639\u0645\u0627\u0631\u06cc-\u0645\u0639\u0627\u0635\u0631-\u0627\u06cc\u0631\u0627\u0646.jpg\",\"datePublished\":\"2022-01-13T08:19:55+00:00\",\"dateModified\":\"2022-05-01T04:00:27+00:00\",\"breadcrumb\":{\"@id\":\"https:\/\/melalepersian.com\/fr\/product\/contextualisme-dans-larchitecture-iranienne-contemporaine\/#breadcrumb\"},\"inLanguage\":\"fr-FR\",\"potentialAction\":[{\"@type\":\"ReadAction\",\"target\":[\"https:\/\/melalepersian.com\/fr\/product\/contextualisme-dans-larchitecture-iranienne-contemporaine\/\"]}]},{\"@type\":\"ImageObject\",\"inLanguage\":\"fr-FR\",\"@id\":\"https:\/\/melalepersian.com\/fr\/product\/contextualisme-dans-larchitecture-iranienne-contemporaine\/#primaryimage\",\"url\":\"https:\/\/melalepersian.com\/fr\/wp-content\/uploads\/2021\/08\/\u0632\u0645\u06cc\u0646\u0647_\u06af\u0631\u0627\u06cc\u06cc-\u0648-\u0645\u0639\u0645\u0627\u0631\u06cc-\u0645\u0639\u0627\u0635\u0631-\u0627\u06cc\u0631\u0627\u0646.jpg\",\"contentUrl\":\"https:\/\/melalepersian.com\/fr\/wp-content\/uploads\/2021\/08\/\u0632\u0645\u06cc\u0646\u0647_\u06af\u0631\u0627\u06cc\u06cc-\u0648-\u0645\u0639\u0645\u0627\u0631\u06cc-\u0645\u0639\u0627\u0635\u0631-\u0627\u06cc\u0631\u0627\u0646.jpg\",\"width\":800,\"height\":300,\"caption\":\"\u0632\u0645\u06cc\u0646\u0647\u200c\u06af\u0631\u0627\u06cc\u06cc \u0648 \u0645\u0639\u0645\u0627\u0631\u06cc \u0645\u0639\u0627\u0635\u0631 \u0627\u06cc\u0631\u0627\u0646\"},{\"@type\":\"BreadcrumbList\",\"@id\":\"https:\/\/melalepersian.com\/fr\/product\/contextualisme-dans-larchitecture-iranienne-contemporaine\/#breadcrumb\",\"itemListElement\":[{\"@type\":\"ListItem\",\"position\":1,\"name\":\"\u062e\u0627\u0646\u0647\",\"item\":\"https:\/\/melalepersian.com\/fr\/\"},{\"@type\":\"ListItem\",\"position\":2,\"name\":\"Shop\",\"item\":\"https:\/\/melalepersian.com\/fr\/shop\/\"},{\"@type\":\"ListItem\",\"position\":3,\"name\":\"Contextualisme et architecture contemporaine iranienne\"}]},{\"@type\":\"WebSite\",\"@id\":\"https:\/\/melalepersian.com\/fr\/#website\",\"url\":\"https:\/\/melalepersian.com\/fr\/\",\"name\":\"Centre \u00e9ducatif Nations Persanes - Centre de formation \u00e0 la culture et aux arts iraniens\",\"description\":\"Formation en litt\u00e9rature, langue, musique, architecture et tourisme de la terre d&#039;Iran\",\"publisher\":{\"@id\":\"https:\/\/melalepersian.com\/fr\/#organization\"},\"potentialAction\":[{\"@type\":\"SearchAction\",\"target\":{\"@type\":\"EntryPoint\",\"urlTemplate\":\"https:\/\/melalepersian.com\/fr\/?s={search_term_string}\"},\"query-input\":{\"@type\":\"PropertyValueSpecification\",\"valueRequired\":true,\"valueName\":\"search_term_string\"}}],\"inLanguage\":\"fr-FR\"},{\"@type\":\"Organization\",\"@id\":\"https:\/\/melalepersian.com\/fr\/#organization\",\"name\":\"Melale International Educational Complex\",\"url\":\"https:\/\/melalepersian.com\/fr\/\",\"logo\":{\"@type\":\"ImageObject\",\"inLanguage\":\"fr-FR\",\"@id\":\"https:\/\/melalepersian.com\/fr\/#\/schema\/logo\/image\/\",\"url\":\"https:\/\/melalepersian.com\/wp-content\/uploads\/2022\/02\/melalepersian-logo-500.svg\",\"contentUrl\":\"https:\/\/melalepersian.com\/wp-content\/uploads\/2022\/02\/melalepersian-logo-500.svg\",\"width\":676,\"height\":491,\"caption\":\"Melale International Educational Complex\"},\"image\":{\"@id\":\"https:\/\/melalepersian.com\/fr\/#\/schema\/logo\/image\/\"},\"sameAs\":[\"https:\/\/www.facebook.com\/melalepersian\",\"https:\/\/www.linkedin.com\/company\/melalepersian\/\",\"https:\/\/www.instagram.com\/melalepersian\/\"],\"description\":\"MelalePersian is the biggest online and offline shop for learning language, literature, architecture, and art of rich Persian heritage. With the aim of promoting and obtaining cultural interactions. The services have vast and divergence provided for interested individuals with considering to highest quality. This international, Iranian-French, company is trying to be the best representative of Iranian artistic works around the world.\",\"email\":\"info@melalepersian.com\",\"legalName\":\"MelalePersian\",\"foundingDate\":\"2020-07-23\",\"numberOfEmployees\":{\"@type\":\"QuantitativeValue\",\"minValue\":\"11\",\"maxValue\":\"50\"}}]}<\/script>\n<meta property=\"product:price:amount\" content=\"0\" \/>\n<meta property=\"product:price:currency\" content=\"USD\" \/>\n<meta property=\"og:availability\" content=\"instock\" \/>\n<meta property=\"product:availability\" content=\"instock\" \/>\n<meta property=\"product:condition\" content=\"new\" \/>\n<!-- \/ Yoast SEO Premium plugin. -->","yoast_head_json":{"title":"Contextualisme et architecture contemporaine iranienne","robots":{"index":"index","follow":"follow","max-snippet":"max-snippet:-1","max-image-preview":"max-image-preview:large","max-video-preview":"max-video-preview:-1"},"canonical":"https:\/\/melalepersian.com\/fr\/product\/contextualisme-dans-larchitecture-iranienne-contemporaine\/","og_locale":"fr_FR","og_type":"article","og_title":"Contextualisme et architecture contemporaine iranienne","og_description":"La tradition de l'histoire de l'architecture iranienne, qui s'est align\u00e9e sur les civilisations les plus avanc\u00e9es du monde, a connu de grandes r\u00e9ussites, de sorte qu'un certain nombre d'architectes iraniens contemporains, en particulier depuis les ann\u00e9es 60, ont tent\u00e9 de lier cette tradition aux r\u00e9ussites de l'architecture mondiale contemporaine.","og_url":"https:\/\/melalepersian.com\/fr\/product\/contextualisme-dans-larchitecture-iranienne-contemporaine\/","og_site_name":"Centre \u00e9ducatif Nations Persanes - Centre de formation \u00e0 la culture et aux arts iraniens","article_publisher":"https:\/\/www.facebook.com\/melalepersian","article_modified_time":"2022-05-01T04:00:27+00:00","og_image":[{"width":800,"height":300,"url":"https:\/\/melalepersian.com\/fr\/wp-content\/uploads\/2021\/08\/\u0632\u0645\u06cc\u0646\u0647_\u06af\u0631\u0627\u06cc\u06cc-\u0648-\u0645\u0639\u0645\u0627\u0631\u06cc-\u0645\u0639\u0627\u0635\u0631-\u0627\u06cc\u0631\u0627\u0646.jpg","type":"image\/jpeg"}],"twitter_card":"summary_large_image","twitter_misc":{"Prix":"","Availability":"In stock"},"schema":{"@context":"https:\/\/schema.org","@graph":[{"@type":"WebPage","@id":"https:\/\/melalepersian.com\/fr\/product\/contextualisme-dans-larchitecture-iranienne-contemporaine\/","url":"https:\/\/melalepersian.com\/fr\/product\/contextualisme-dans-larchitecture-iranienne-contemporaine\/","name":"Contextualisme et architecture contemporaine iranienne","isPartOf":{"@id":"https:\/\/melalepersian.com\/fr\/#website"},"primaryImageOfPage":{"@id":"https:\/\/melalepersian.com\/fr\/product\/contextualisme-dans-larchitecture-iranienne-contemporaine\/#primaryimage"},"image":{"@id":"https:\/\/melalepersian.com\/fr\/product\/contextualisme-dans-larchitecture-iranienne-contemporaine\/#primaryimage"},"thumbnailUrl":"https:\/\/melalepersian.com\/fr\/wp-content\/uploads\/2021\/08\/\u0632\u0645\u06cc\u0646\u0647_\u06af\u0631\u0627\u06cc\u06cc-\u0648-\u0645\u0639\u0645\u0627\u0631\u06cc-\u0645\u0639\u0627\u0635\u0631-\u0627\u06cc\u0631\u0627\u0646.jpg","datePublished":"2022-01-13T08:19:55+00:00","dateModified":"2022-05-01T04:00:27+00:00","breadcrumb":{"@id":"https:\/\/melalepersian.com\/fr\/product\/contextualisme-dans-larchitecture-iranienne-contemporaine\/#breadcrumb"},"inLanguage":"fr-FR","potentialAction":[{"@type":"ReadAction","target":["https:\/\/melalepersian.com\/fr\/product\/contextualisme-dans-larchitecture-iranienne-contemporaine\/"]}]},{"@type":"ImageObject","inLanguage":"fr-FR","@id":"https:\/\/melalepersian.com\/fr\/product\/contextualisme-dans-larchitecture-iranienne-contemporaine\/#primaryimage","url":"https:\/\/melalepersian.com\/fr\/wp-content\/uploads\/2021\/08\/\u0632\u0645\u06cc\u0646\u0647_\u06af\u0631\u0627\u06cc\u06cc-\u0648-\u0645\u0639\u0645\u0627\u0631\u06cc-\u0645\u0639\u0627\u0635\u0631-\u0627\u06cc\u0631\u0627\u0646.jpg","contentUrl":"https:\/\/melalepersian.com\/fr\/wp-content\/uploads\/2021\/08\/\u0632\u0645\u06cc\u0646\u0647_\u06af\u0631\u0627\u06cc\u06cc-\u0648-\u0645\u0639\u0645\u0627\u0631\u06cc-\u0645\u0639\u0627\u0635\u0631-\u0627\u06cc\u0631\u0627\u0646.jpg","width":800,"height":300,"caption":"\u0632\u0645\u06cc\u0646\u0647\u200c\u06af\u0631\u0627\u06cc\u06cc \u0648 \u0645\u0639\u0645\u0627\u0631\u06cc \u0645\u0639\u0627\u0635\u0631 \u0627\u06cc\u0631\u0627\u0646"},{"@type":"BreadcrumbList","@id":"https:\/\/melalepersian.com\/fr\/product\/contextualisme-dans-larchitecture-iranienne-contemporaine\/#breadcrumb","itemListElement":[{"@type":"ListItem","position":1,"name":"\u062e\u0627\u0646\u0647","item":"https:\/\/melalepersian.com\/fr\/"},{"@type":"ListItem","position":2,"name":"Shop","item":"https:\/\/melalepersian.com\/fr\/shop\/"},{"@type":"ListItem","position":3,"name":"Contextualisme et architecture contemporaine iranienne"}]},{"@type":"WebSite","@id":"https:\/\/melalepersian.com\/fr\/#website","url":"https:\/\/melalepersian.com\/fr\/","name":"Centre \u00e9ducatif Nations Persanes - Centre de formation \u00e0 la culture et aux arts iraniens","description":"Formation en litt\u00e9rature, langue, musique, architecture et tourisme de la terre d&#039;Iran","publisher":{"@id":"https:\/\/melalepersian.com\/fr\/#organization"},"potentialAction":[{"@type":"SearchAction","target":{"@type":"EntryPoint","urlTemplate":"https:\/\/melalepersian.com\/fr\/?s={search_term_string}"},"query-input":{"@type":"PropertyValueSpecification","valueRequired":true,"valueName":"search_term_string"}}],"inLanguage":"fr-FR"},{"@type":"Organization","@id":"https:\/\/melalepersian.com\/fr\/#organization","name":"Melale International Educational Complex","url":"https:\/\/melalepersian.com\/fr\/","logo":{"@type":"ImageObject","inLanguage":"fr-FR","@id":"https:\/\/melalepersian.com\/fr\/#\/schema\/logo\/image\/","url":"https:\/\/melalepersian.com\/wp-content\/uploads\/2022\/02\/melalepersian-logo-500.svg","contentUrl":"https:\/\/melalepersian.com\/wp-content\/uploads\/2022\/02\/melalepersian-logo-500.svg","width":676,"height":491,"caption":"Melale International Educational Complex"},"image":{"@id":"https:\/\/melalepersian.com\/fr\/#\/schema\/logo\/image\/"},"sameAs":["https:\/\/www.facebook.com\/melalepersian","https:\/\/www.linkedin.com\/company\/melalepersian\/","https:\/\/www.instagram.com\/melalepersian\/"],"description":"MelalePersian is the biggest online and offline shop for learning language, literature, architecture, and art of rich Persian heritage. With the aim of promoting and obtaining cultural interactions. The services have vast and divergence provided for interested individuals with considering to highest quality. This international, Iranian-French, company is trying to be the best representative of Iranian artistic works around the world.","email":"info@melalepersian.com","legalName":"MelalePersian","foundingDate":"2020-07-23","numberOfEmployees":{"@type":"QuantitativeValue","minValue":"11","maxValue":"50"}}]},"product_price_currency":"USD","og_availability":"instock","product_availability":"instock","product_condition":"new"},"_links":{"self":[{"href":"https:\/\/melalepersian.com\/fr\/wp-json\/wp\/v2\/product\/232684","targetHints":{"allow":["GET"]}}],"collection":[{"href":"https:\/\/melalepersian.com\/fr\/wp-json\/wp\/v2\/product"}],"about":[{"href":"https:\/\/melalepersian.com\/fr\/wp-json\/wp\/v2\/types\/product"}],"replies":[{"embeddable":true,"href":"https:\/\/melalepersian.com\/fr\/wp-json\/wp\/v2\/comments?post=232684"}],"version-history":[{"count":0,"href":"https:\/\/melalepersian.com\/fr\/wp-json\/wp\/v2\/product\/232684\/revisions"}],"wp:featuredmedia":[{"embeddable":true,"href":"https:\/\/melalepersian.com\/fr\/wp-json\/wp\/v2\/media\/230113"}],"wp:attachment":[{"href":"https:\/\/melalepersian.com\/fr\/wp-json\/wp\/v2\/media?parent=232684"}],"wp:term":[{"taxonomy":"product_brand","embeddable":true,"href":"https:\/\/melalepersian.com\/fr\/wp-json\/wp\/v2\/product_brand?post=232684"},{"taxonomy":"product_cat","embeddable":true,"href":"https:\/\/melalepersian.com\/fr\/wp-json\/wp\/v2\/product_cat?post=232684"},{"taxonomy":"product_tag","embeddable":true,"href":"https:\/\/melalepersian.com\/fr\/wp-json\/wp\/v2\/product_tag?post=232684"}],"curies":[{"name":"wp","href":"https:\/\/api.w.org\/{rel}","templated":true}]}}