{"id":232671,"date":"2022-01-12T11:33:29","date_gmt":"2022-01-12T08:03:32","guid":{"rendered":"https:\/\/melalepersian.com\/?post_type=product&#038;p=232671"},"modified":"2025-01-19T09:00:41","modified_gmt":"2025-01-19T05:30:41","slug":"enseignement-en-ligne-de-la-langue-persane-adultes","status":"publish","type":"product","link":"https:\/\/melalepersian.com\/fr\/product\/enseignement-en-ligne-de-la-langue-persane-adultes\/","title":{"rendered":"Enseignement en ligne de la langue persane (Adultes)"},"content":{"rendered":"<p><strong>Sp\u00e9cialit\u00e9s des cours en ligne de l&rsquo;enseignement du persan aux adultes:<\/strong><\/p>\n<ul>\n<li>Pour les apprenants de 18 ans et plus,<\/li>\n<li>Conforme aux standards internationaux d\u2019enseignement des langues \u00e9trang\u00e8res,<\/li>\n<li>Enseignement de l\u2019alphabet avec les mots persans courants,<\/li>\n<li>Accompagnement p\u00e9dagogique,<\/li>\n<li>outien technique,<\/li>\n<li>Perfectionnement des quatre comp\u00e9tences linguistiques (parler\/production orale, \u00e9couter\/compr\u00e9hension orale, lire\/compr\u00e9hension \u00e9crite et \u00e9crire\/production \u00e9crite),<\/li>\n<li>u rythme de l\u2019apprenant<\/li>\n<\/ul>\n","protected":false},"excerpt":{"rendered":"<p>Apr\u00e8s avoir particip\u00e9 \u00e0 une s\u00e9ance de conseil gratuite, tous ceux qui souhaitent apprendre le persan, pourront se pr\u00e9senter dans des cours adapt\u00e9s \u00e0 leurs besoins et obtenir une attestation valide.<\/p>\n","protected":false},"featured_media":237217,"comment_status":"open","ping_status":"closed","template":"","meta":{"_acf_changed":false},"product_brand":[],"product_cat":[799],"product_tag":[],"class_list":{"0":"post-232671","1":"product","2":"type-product","3":"status-publish","4":"has-post-thumbnail","6":"product_cat-enseignement-de-la-langue-persane","8":"first","9":"instock","10":"sale","11":"shipping-taxable","12":"purchasable","13":"product-type-simple"},"acf":[],"yoast_head":"<!-- This site is optimized with the Yoast SEO Premium plugin v23.8 (Yoast SEO v24.1) - https:\/\/yoast.com\/wordpress\/plugins\/seo\/ -->\n<title>Enseignement en ligne de la langue persane (Adultes)<\/title>\n<meta name=\"robots\" content=\"index, follow, max-snippet:-1, max-image-preview:large, max-video-preview:-1\" \/>\n<link rel=\"canonical\" href=\"https:\/\/melalepersian.com\/fr\/product\/enseignement-en-ligne-de-la-langue-persane-adultes\/\" \/>\n<meta property=\"og:locale\" content=\"fr_FR\" \/>\n<meta property=\"og:type\" content=\"article\" \/>\n<meta property=\"og:title\" content=\"Enseignement en ligne de la langue persane (Adultes)\" \/>\n<meta property=\"og:description\" content=\"Apr\u00e8s avoir particip\u00e9 \u00e0 une s\u00e9ance de conseil gratuite, tous ceux qui souhaitent apprendre le persan, pourront se pr\u00e9senter dans des cours adapt\u00e9s \u00e0 leurs besoins et obtenir une attestation valide.\" \/>\n<meta property=\"og:url\" content=\"https:\/\/melalepersian.com\/fr\/product\/enseignement-en-ligne-de-la-langue-persane-adultes\/\" \/>\n<meta property=\"og:site_name\" content=\"Centre \u00e9ducatif Nations Persanes - Centre de formation \u00e0 la culture et aux arts iraniens\" \/>\n<meta property=\"article:publisher\" content=\"https:\/\/www.facebook.com\/melalepersian\" \/>\n<meta property=\"article:modified_time\" content=\"2025-01-19T05:30:41+00:00\" \/>\n<meta property=\"og:image\" content=\"https:\/\/melalepersian.com\/fr\/wp-content\/uploads\/2022\/01\/Enseignement-en-ligne-de-la-langue-persane-Adultes.jpg\" \/>\n\t<meta property=\"og:image:width\" content=\"1200\" \/>\n\t<meta property=\"og:image:height\" content=\"800\" \/>\n\t<meta property=\"og:image:type\" content=\"image\/jpeg\" \/>\n<meta name=\"twitter:card\" content=\"summary_large_image\" \/>\n<meta name=\"twitter:label1\" content=\"Prix\" \/>\n\t<meta name=\"twitter:data1\" content=\"&#036;432 Le prix initial \u00e9tait\u00a0: &#036;432.&#036;396Le prix actuel est\u00a0: &#036;396.\" \/>\n\t<meta name=\"twitter:label2\" content=\"Availability\" \/>\n\t<meta name=\"twitter:data2\" content=\"In stock\" \/>\n<script type=\"application\/ld+json\" class=\"yoast-schema-graph\">{\"@context\":\"https:\/\/schema.org\",\"@graph\":[{\"@type\":\"WebPage\",\"@id\":\"https:\/\/melalepersian.com\/fr\/product\/enseignement-en-ligne-de-la-langue-persane-adultes\/\",\"url\":\"https:\/\/melalepersian.com\/fr\/product\/enseignement-en-ligne-de-la-langue-persane-adultes\/\",\"name\":\"Enseignement en ligne de la langue persane (Adultes)\",\"isPartOf\":{\"@id\":\"https:\/\/melalepersian.com\/fr\/#website\"},\"primaryImageOfPage\":{\"@id\":\"https:\/\/melalepersian.com\/fr\/product\/enseignement-en-ligne-de-la-langue-persane-adultes\/#primaryimage\"},\"image\":{\"@id\":\"https:\/\/melalepersian.com\/fr\/product\/enseignement-en-ligne-de-la-langue-persane-adultes\/#primaryimage\"},\"thumbnailUrl\":\"https:\/\/melalepersian.com\/fr\/wp-content\/uploads\/2022\/01\/Enseignement-en-ligne-de-la-langue-persane-Adultes.jpg\",\"datePublished\":\"2022-01-12T08:03:32+00:00\",\"dateModified\":\"2025-01-19T05:30:41+00:00\",\"breadcrumb\":{\"@id\":\"https:\/\/melalepersian.com\/fr\/product\/enseignement-en-ligne-de-la-langue-persane-adultes\/#breadcrumb\"},\"inLanguage\":\"fr-FR\",\"potentialAction\":[{\"@type\":\"ReadAction\",\"target\":[\"https:\/\/melalepersian.com\/fr\/product\/enseignement-en-ligne-de-la-langue-persane-adultes\/\"]}]},{\"@type\":\"ImageObject\",\"inLanguage\":\"fr-FR\",\"@id\":\"https:\/\/melalepersian.com\/fr\/product\/enseignement-en-ligne-de-la-langue-persane-adultes\/#primaryimage\",\"url\":\"https:\/\/melalepersian.com\/fr\/wp-content\/uploads\/2022\/01\/Enseignement-en-ligne-de-la-langue-persane-Adultes.jpg\",\"contentUrl\":\"https:\/\/melalepersian.com\/fr\/wp-content\/uploads\/2022\/01\/Enseignement-en-ligne-de-la-langue-persane-Adultes.jpg\",\"width\":1200,\"height\":800},{\"@type\":\"BreadcrumbList\",\"@id\":\"https:\/\/melalepersian.com\/fr\/product\/enseignement-en-ligne-de-la-langue-persane-adultes\/#breadcrumb\",\"itemListElement\":[{\"@type\":\"ListItem\",\"position\":1,\"name\":\"\u062e\u0627\u0646\u0647\",\"item\":\"https:\/\/melalepersian.com\/fr\/\"},{\"@type\":\"ListItem\",\"position\":2,\"name\":\"Shop\",\"item\":\"https:\/\/melalepersian.com\/fr\/shop\/\"},{\"@type\":\"ListItem\",\"position\":3,\"name\":\"Enseignement en ligne de la langue persane (Adultes)\"}]},{\"@type\":\"WebSite\",\"@id\":\"https:\/\/melalepersian.com\/fr\/#website\",\"url\":\"https:\/\/melalepersian.com\/fr\/\",\"name\":\"Centre \u00e9ducatif Nations Persanes - Centre de formation \u00e0 la culture et aux arts iraniens\",\"description\":\"Formation en litt\u00e9rature, langue, musique, architecture et tourisme de la terre d&#039;Iran\",\"publisher\":{\"@id\":\"https:\/\/melalepersian.com\/fr\/#organization\"},\"potentialAction\":[{\"@type\":\"SearchAction\",\"target\":{\"@type\":\"EntryPoint\",\"urlTemplate\":\"https:\/\/melalepersian.com\/fr\/?s={search_term_string}\"},\"query-input\":{\"@type\":\"PropertyValueSpecification\",\"valueRequired\":true,\"valueName\":\"search_term_string\"}}],\"inLanguage\":\"fr-FR\"},{\"@type\":\"Organization\",\"@id\":\"https:\/\/melalepersian.com\/fr\/#organization\",\"name\":\"Melale International Educational Complex\",\"url\":\"https:\/\/melalepersian.com\/fr\/\",\"logo\":{\"@type\":\"ImageObject\",\"inLanguage\":\"fr-FR\",\"@id\":\"https:\/\/melalepersian.com\/fr\/#\/schema\/logo\/image\/\",\"url\":\"https:\/\/melalepersian.com\/wp-content\/uploads\/2022\/02\/melalepersian-logo-500.svg\",\"contentUrl\":\"https:\/\/melalepersian.com\/wp-content\/uploads\/2022\/02\/melalepersian-logo-500.svg\",\"width\":676,\"height\":491,\"caption\":\"Melale International Educational Complex\"},\"image\":{\"@id\":\"https:\/\/melalepersian.com\/fr\/#\/schema\/logo\/image\/\"},\"sameAs\":[\"https:\/\/www.facebook.com\/melalepersian\",\"https:\/\/www.linkedin.com\/company\/melalepersian\/\",\"https:\/\/www.instagram.com\/melalepersian\/\"],\"description\":\"MelalePersian is the biggest online and offline shop for learning language, literature, architecture, and art of rich Persian heritage. With the aim of promoting and obtaining cultural interactions. The services have vast and divergence provided for interested individuals with considering to highest quality. This international, Iranian-French, company is trying to be the best representative of Iranian artistic works around the world.\",\"email\":\"info@melalepersian.com\",\"legalName\":\"MelalePersian\",\"foundingDate\":\"2020-07-23\",\"numberOfEmployees\":{\"@type\":\"QuantitativeValue\",\"minValue\":\"11\",\"maxValue\":\"50\"}}]}<\/script>\n<meta property=\"product:price:amount\" content=\"396\" \/>\n<meta property=\"product:price:currency\" content=\"USD\" \/>\n<meta property=\"og:availability\" content=\"instock\" \/>\n<meta property=\"product:availability\" content=\"instock\" \/>\n<meta property=\"product:condition\" content=\"new\" \/>\n<!-- \/ Yoast SEO Premium plugin. -->","yoast_head_json":{"title":"Enseignement en ligne de la langue persane (Adultes)","robots":{"index":"index","follow":"follow","max-snippet":"max-snippet:-1","max-image-preview":"max-image-preview:large","max-video-preview":"max-video-preview:-1"},"canonical":"https:\/\/melalepersian.com\/fr\/product\/enseignement-en-ligne-de-la-langue-persane-adultes\/","og_locale":"fr_FR","og_type":"article","og_title":"Enseignement en ligne de la langue persane (Adultes)","og_description":"Apr\u00e8s avoir particip\u00e9 \u00e0 une s\u00e9ance de conseil gratuite, tous ceux qui souhaitent apprendre le persan, pourront se pr\u00e9senter dans des cours adapt\u00e9s \u00e0 leurs besoins et obtenir une attestation valide.","og_url":"https:\/\/melalepersian.com\/fr\/product\/enseignement-en-ligne-de-la-langue-persane-adultes\/","og_site_name":"Centre \u00e9ducatif Nations Persanes - Centre de formation \u00e0 la culture et aux arts iraniens","article_publisher":"https:\/\/www.facebook.com\/melalepersian","article_modified_time":"2025-01-19T05:30:41+00:00","og_image":[{"width":1200,"height":800,"url":"https:\/\/melalepersian.com\/fr\/wp-content\/uploads\/2022\/01\/Enseignement-en-ligne-de-la-langue-persane-Adultes.jpg","type":"image\/jpeg"}],"twitter_card":"summary_large_image","twitter_misc":{"Prix":"&#36;432 Le prix initial \u00e9tait\u00a0: &#036;432.&#36;396Le prix actuel est\u00a0: &#036;396.","Availability":"In stock"},"schema":{"@context":"https:\/\/schema.org","@graph":[{"@type":"WebPage","@id":"https:\/\/melalepersian.com\/fr\/product\/enseignement-en-ligne-de-la-langue-persane-adultes\/","url":"https:\/\/melalepersian.com\/fr\/product\/enseignement-en-ligne-de-la-langue-persane-adultes\/","name":"Enseignement en ligne de la langue persane (Adultes)","isPartOf":{"@id":"https:\/\/melalepersian.com\/fr\/#website"},"primaryImageOfPage":{"@id":"https:\/\/melalepersian.com\/fr\/product\/enseignement-en-ligne-de-la-langue-persane-adultes\/#primaryimage"},"image":{"@id":"https:\/\/melalepersian.com\/fr\/product\/enseignement-en-ligne-de-la-langue-persane-adultes\/#primaryimage"},"thumbnailUrl":"https:\/\/melalepersian.com\/fr\/wp-content\/uploads\/2022\/01\/Enseignement-en-ligne-de-la-langue-persane-Adultes.jpg","datePublished":"2022-01-12T08:03:32+00:00","dateModified":"2025-01-19T05:30:41+00:00","breadcrumb":{"@id":"https:\/\/melalepersian.com\/fr\/product\/enseignement-en-ligne-de-la-langue-persane-adultes\/#breadcrumb"},"inLanguage":"fr-FR","potentialAction":[{"@type":"ReadAction","target":["https:\/\/melalepersian.com\/fr\/product\/enseignement-en-ligne-de-la-langue-persane-adultes\/"]}]},{"@type":"ImageObject","inLanguage":"fr-FR","@id":"https:\/\/melalepersian.com\/fr\/product\/enseignement-en-ligne-de-la-langue-persane-adultes\/#primaryimage","url":"https:\/\/melalepersian.com\/fr\/wp-content\/uploads\/2022\/01\/Enseignement-en-ligne-de-la-langue-persane-Adultes.jpg","contentUrl":"https:\/\/melalepersian.com\/fr\/wp-content\/uploads\/2022\/01\/Enseignement-en-ligne-de-la-langue-persane-Adultes.jpg","width":1200,"height":800},{"@type":"BreadcrumbList","@id":"https:\/\/melalepersian.com\/fr\/product\/enseignement-en-ligne-de-la-langue-persane-adultes\/#breadcrumb","itemListElement":[{"@type":"ListItem","position":1,"name":"\u062e\u0627\u0646\u0647","item":"https:\/\/melalepersian.com\/fr\/"},{"@type":"ListItem","position":2,"name":"Shop","item":"https:\/\/melalepersian.com\/fr\/shop\/"},{"@type":"ListItem","position":3,"name":"Enseignement en ligne de la langue persane (Adultes)"}]},{"@type":"WebSite","@id":"https:\/\/melalepersian.com\/fr\/#website","url":"https:\/\/melalepersian.com\/fr\/","name":"Centre \u00e9ducatif Nations Persanes - Centre de formation \u00e0 la culture et aux arts iraniens","description":"Formation en litt\u00e9rature, langue, musique, architecture et tourisme de la terre d&#039;Iran","publisher":{"@id":"https:\/\/melalepersian.com\/fr\/#organization"},"potentialAction":[{"@type":"SearchAction","target":{"@type":"EntryPoint","urlTemplate":"https:\/\/melalepersian.com\/fr\/?s={search_term_string}"},"query-input":{"@type":"PropertyValueSpecification","valueRequired":true,"valueName":"search_term_string"}}],"inLanguage":"fr-FR"},{"@type":"Organization","@id":"https:\/\/melalepersian.com\/fr\/#organization","name":"Melale International Educational Complex","url":"https:\/\/melalepersian.com\/fr\/","logo":{"@type":"ImageObject","inLanguage":"fr-FR","@id":"https:\/\/melalepersian.com\/fr\/#\/schema\/logo\/image\/","url":"https:\/\/melalepersian.com\/wp-content\/uploads\/2022\/02\/melalepersian-logo-500.svg","contentUrl":"https:\/\/melalepersian.com\/wp-content\/uploads\/2022\/02\/melalepersian-logo-500.svg","width":676,"height":491,"caption":"Melale International Educational Complex"},"image":{"@id":"https:\/\/melalepersian.com\/fr\/#\/schema\/logo\/image\/"},"sameAs":["https:\/\/www.facebook.com\/melalepersian","https:\/\/www.linkedin.com\/company\/melalepersian\/","https:\/\/www.instagram.com\/melalepersian\/"],"description":"MelalePersian is the biggest online and offline shop for learning language, literature, architecture, and art of rich Persian heritage. With the aim of promoting and obtaining cultural interactions. The services have vast and divergence provided for interested individuals with considering to highest quality. This international, Iranian-French, company is trying to be the best representative of Iranian artistic works around the world.","email":"info@melalepersian.com","legalName":"MelalePersian","foundingDate":"2020-07-23","numberOfEmployees":{"@type":"QuantitativeValue","minValue":"11","maxValue":"50"}}]},"product_price_amount":"396","product_price_currency":"USD","og_availability":"instock","product_availability":"instock","product_condition":"new"},"_links":{"self":[{"href":"https:\/\/melalepersian.com\/fr\/wp-json\/wp\/v2\/product\/232671","targetHints":{"allow":["GET"]}}],"collection":[{"href":"https:\/\/melalepersian.com\/fr\/wp-json\/wp\/v2\/product"}],"about":[{"href":"https:\/\/melalepersian.com\/fr\/wp-json\/wp\/v2\/types\/product"}],"replies":[{"embeddable":true,"href":"https:\/\/melalepersian.com\/fr\/wp-json\/wp\/v2\/comments?post=232671"}],"version-history":[{"count":1,"href":"https:\/\/melalepersian.com\/fr\/wp-json\/wp\/v2\/product\/232671\/revisions"}],"predecessor-version":[{"id":237078,"href":"https:\/\/melalepersian.com\/fr\/wp-json\/wp\/v2\/product\/232671\/revisions\/237078"}],"wp:featuredmedia":[{"embeddable":true,"href":"https:\/\/melalepersian.com\/fr\/wp-json\/wp\/v2\/media\/237217"}],"wp:attachment":[{"href":"https:\/\/melalepersian.com\/fr\/wp-json\/wp\/v2\/media?parent=232671"}],"wp:term":[{"taxonomy":"product_brand","embeddable":true,"href":"https:\/\/melalepersian.com\/fr\/wp-json\/wp\/v2\/product_brand?post=232671"},{"taxonomy":"product_cat","embeddable":true,"href":"https:\/\/melalepersian.com\/fr\/wp-json\/wp\/v2\/product_cat?post=232671"},{"taxonomy":"product_tag","embeddable":true,"href":"https:\/\/melalepersian.com\/fr\/wp-json\/wp\/v2\/product_tag?post=232671"}],"curies":[{"name":"wp","href":"https:\/\/api.w.org\/{rel}","templated":true}]}}