{"id":232668,"date":"2022-01-15T08:55:38","date_gmt":"2022-01-15T05:25:38","guid":{"rendered":"https:\/\/melalepersian.com\/?post_type=product&#038;p=232668"},"modified":"2022-03-13T10:35:37","modified_gmt":"2022-03-13T07:05:37","slug":"connaissance-du-systeme-de-la-musique-iranienne-dastgah","status":"publish","type":"product","link":"https:\/\/melalepersian.com\/fr\/product\/connaissance-du-systeme-de-la-musique-iranienne-dastgah\/","title":{"rendered":"Connaissance du syst\u00e8me de la musique iranienne (Dastg\u00e2h)"},"content":{"rendered":"<figure class=\"wp-block-embed aligncenter is-type-video is-provider-youtube wp-block-embed-youtube wp-embed-aspect-16-9 wp-has-aspect-ratio\"><div class=\"wp-block-embed__wrapper\">\n<iframe title=\"\u062a\u0648\u0636\u06cc\u062d\u0627\u062a \u062c\u0645\u0634\u06cc\u062f \u0634\u0645\u06cc\u0631\u0627\u0646\u06cc \u062f\u0631\u0628\u0627\u0631\u0647\u0654 \u0645\u0648\u0633\u06cc\u0642\u06cc \u062f\u0633\u062a\u06af\u0627\u0647\u06cc \u0627\u06cc\u0631\u0627\u0646\" width=\"800\" height=\"450\" src=\"https:\/\/www.youtube.com\/embed\/k8TJ9IC7Nvo?feature=oembed\" frameborder=\"0\" allow=\"accelerometer; autoplay; clipboard-write; encrypted-media; gyroscope; picture-in-picture; web-share\" referrerpolicy=\"strict-origin-when-cross-origin\" allowfullscreen><\/iframe>\n<\/div><\/figure><p>L\u2019introduction au Radif et au syst\u00e8me de Dastg\u00e2h de la musique iranienne se fera en <strong>13 heures<\/strong> comme suit:<\/p>[course_sections]","protected":false},"excerpt":{"rendered":"<p>La musique officielle de l&rsquo;Iran, plac\u00e9e dans une collection \u00e9crite appel\u00e9e Radif Dastg\u00e2hi (r\u00e9pertoire), cat\u00e9gorise les m\u00e9lodies en fonction des distances et de la position des notes, pour que les musiciens, chanteurs et compositeurs puissent improviser ou composer sur la base de ces airs r\u00e9dig\u00e9s et pr\u00e9d\u00e9termin\u00e9s.<\/p>\n","protected":false},"featured_media":232474,"comment_status":"open","ping_status":"closed","template":"","meta":{"_acf_changed":false},"product_brand":[],"product_cat":[778],"product_tag":[],"class_list":{"0":"post-232668","1":"product","2":"type-product","3":"status-publish","4":"has-post-thumbnail","6":"product_cat-music","8":"first","9":"instock","10":"shipping-taxable","11":"product-type-simple"},"acf":[],"yoast_head":"<!-- This site is optimized with the Yoast SEO Premium plugin v23.8 (Yoast SEO v24.1) - https:\/\/yoast.com\/wordpress\/plugins\/seo\/ -->\n<title>Connaissance du syst\u00e8me de la musique iranienne (Dastg\u00e2h)<\/title>\n<meta name=\"robots\" content=\"index, follow, max-snippet:-1, max-image-preview:large, max-video-preview:-1\" \/>\n<link rel=\"canonical\" href=\"https:\/\/melalepersian.com\/fr\/product\/connaissance-du-systeme-de-la-musique-iranienne-dastgah\/\" \/>\n<meta property=\"og:locale\" content=\"fr_FR\" \/>\n<meta property=\"og:type\" content=\"article\" \/>\n<meta property=\"og:title\" content=\"Connaissance du syst\u00e8me de la musique iranienne (Dastg\u00e2h)\" \/>\n<meta property=\"og:description\" content=\"La musique officielle de l&#039;Iran, plac\u00e9e dans une collection \u00e9crite appel\u00e9e Radif Dastg\u00e2hi (r\u00e9pertoire), cat\u00e9gorise les m\u00e9lodies en fonction des distances et de la position des notes, pour que les musiciens, chanteurs et compositeurs puissent improviser ou composer sur la base de ces airs r\u00e9dig\u00e9s et pr\u00e9d\u00e9termin\u00e9s.\" \/>\n<meta property=\"og:url\" content=\"https:\/\/melalepersian.com\/fr\/product\/connaissance-du-systeme-de-la-musique-iranienne-dastgah\/\" \/>\n<meta property=\"og:site_name\" content=\"Centre \u00e9ducatif Nations Persanes - Centre de formation \u00e0 la culture et aux arts iraniens\" \/>\n<meta property=\"article:publisher\" content=\"https:\/\/www.facebook.com\/melalepersian\" \/>\n<meta property=\"article:modified_time\" content=\"2022-03-13T07:05:37+00:00\" \/>\n<meta property=\"og:image\" content=\"https:\/\/melalepersian.com\/fr\/wp-content\/uploads\/2022\/01\/\u062f\u0627\u062f.webp\" \/>\n\t<meta property=\"og:image:width\" content=\"906\" \/>\n\t<meta property=\"og:image:height\" content=\"340\" \/>\n\t<meta property=\"og:image:type\" content=\"image\/webp\" \/>\n<meta name=\"twitter:card\" content=\"summary_large_image\" \/>\n<meta name=\"twitter:label1\" content=\"Prix\" \/>\n\t<meta name=\"twitter:data1\" content=\"\" \/>\n\t<meta name=\"twitter:label2\" content=\"Availability\" \/>\n\t<meta name=\"twitter:data2\" content=\"In stock\" \/>\n<script type=\"application\/ld+json\" class=\"yoast-schema-graph\">{\"@context\":\"https:\/\/schema.org\",\"@graph\":[{\"@type\":\"WebPage\",\"@id\":\"https:\/\/melalepersian.com\/fr\/product\/connaissance-du-systeme-de-la-musique-iranienne-dastgah\/\",\"url\":\"https:\/\/melalepersian.com\/fr\/product\/connaissance-du-systeme-de-la-musique-iranienne-dastgah\/\",\"name\":\"Connaissance du syst\u00e8me de la musique iranienne (Dastg\u00e2h)\",\"isPartOf\":{\"@id\":\"https:\/\/melalepersian.com\/fr\/#website\"},\"primaryImageOfPage\":{\"@id\":\"https:\/\/melalepersian.com\/fr\/product\/connaissance-du-systeme-de-la-musique-iranienne-dastgah\/#primaryimage\"},\"image\":{\"@id\":\"https:\/\/melalepersian.com\/fr\/product\/connaissance-du-systeme-de-la-musique-iranienne-dastgah\/#primaryimage\"},\"thumbnailUrl\":\"https:\/\/melalepersian.com\/fr\/wp-content\/uploads\/2022\/01\/\u062f\u0627\u062f.webp\",\"datePublished\":\"2022-01-15T05:25:38+00:00\",\"dateModified\":\"2022-03-13T07:05:37+00:00\",\"breadcrumb\":{\"@id\":\"https:\/\/melalepersian.com\/fr\/product\/connaissance-du-systeme-de-la-musique-iranienne-dastgah\/#breadcrumb\"},\"inLanguage\":\"fr-FR\",\"potentialAction\":[{\"@type\":\"ReadAction\",\"target\":[\"https:\/\/melalepersian.com\/fr\/product\/connaissance-du-systeme-de-la-musique-iranienne-dastgah\/\"]}]},{\"@type\":\"ImageObject\",\"inLanguage\":\"fr-FR\",\"@id\":\"https:\/\/melalepersian.com\/fr\/product\/connaissance-du-systeme-de-la-musique-iranienne-dastgah\/#primaryimage\",\"url\":\"https:\/\/melalepersian.com\/fr\/wp-content\/uploads\/2022\/01\/\u062f\u0627\u062f.webp\",\"contentUrl\":\"https:\/\/melalepersian.com\/fr\/wp-content\/uploads\/2022\/01\/\u062f\u0627\u062f.webp\",\"width\":906,\"height\":340,\"caption\":\"\u062f\u0627\u062f\"},{\"@type\":\"BreadcrumbList\",\"@id\":\"https:\/\/melalepersian.com\/fr\/product\/connaissance-du-systeme-de-la-musique-iranienne-dastgah\/#breadcrumb\",\"itemListElement\":[{\"@type\":\"ListItem\",\"position\":1,\"name\":\"\u062e\u0627\u0646\u0647\",\"item\":\"https:\/\/melalepersian.com\/fr\/\"},{\"@type\":\"ListItem\",\"position\":2,\"name\":\"Shop\",\"item\":\"https:\/\/melalepersian.com\/fr\/shop\/\"},{\"@type\":\"ListItem\",\"position\":3,\"name\":\"Connaissance du syst\u00e8me de la musique iranienne (Dastg\u00e2h)\"}]},{\"@type\":\"WebSite\",\"@id\":\"https:\/\/melalepersian.com\/fr\/#website\",\"url\":\"https:\/\/melalepersian.com\/fr\/\",\"name\":\"Centre \u00e9ducatif Nations Persanes - Centre de formation \u00e0 la culture et aux arts iraniens\",\"description\":\"Formation en litt\u00e9rature, langue, musique, architecture et tourisme de la terre d&#039;Iran\",\"publisher\":{\"@id\":\"https:\/\/melalepersian.com\/fr\/#organization\"},\"potentialAction\":[{\"@type\":\"SearchAction\",\"target\":{\"@type\":\"EntryPoint\",\"urlTemplate\":\"https:\/\/melalepersian.com\/fr\/?s={search_term_string}\"},\"query-input\":{\"@type\":\"PropertyValueSpecification\",\"valueRequired\":true,\"valueName\":\"search_term_string\"}}],\"inLanguage\":\"fr-FR\"},{\"@type\":\"Organization\",\"@id\":\"https:\/\/melalepersian.com\/fr\/#organization\",\"name\":\"Melale International Educational Complex\",\"url\":\"https:\/\/melalepersian.com\/fr\/\",\"logo\":{\"@type\":\"ImageObject\",\"inLanguage\":\"fr-FR\",\"@id\":\"https:\/\/melalepersian.com\/fr\/#\/schema\/logo\/image\/\",\"url\":\"https:\/\/melalepersian.com\/wp-content\/uploads\/2022\/02\/melalepersian-logo-500.svg\",\"contentUrl\":\"https:\/\/melalepersian.com\/wp-content\/uploads\/2022\/02\/melalepersian-logo-500.svg\",\"width\":676,\"height\":491,\"caption\":\"Melale International Educational Complex\"},\"image\":{\"@id\":\"https:\/\/melalepersian.com\/fr\/#\/schema\/logo\/image\/\"},\"sameAs\":[\"https:\/\/www.facebook.com\/melalepersian\",\"https:\/\/www.linkedin.com\/company\/melalepersian\/\",\"https:\/\/www.instagram.com\/melalepersian\/\"],\"description\":\"MelalePersian is the biggest online and offline shop for learning language, literature, architecture, and art of rich Persian heritage. With the aim of promoting and obtaining cultural interactions. The services have vast and divergence provided for interested individuals with considering to highest quality. This international, Iranian-French, company is trying to be the best representative of Iranian artistic works around the world.\",\"email\":\"info@melalepersian.com\",\"legalName\":\"MelalePersian\",\"foundingDate\":\"2020-07-23\",\"numberOfEmployees\":{\"@type\":\"QuantitativeValue\",\"minValue\":\"11\",\"maxValue\":\"50\"}}]}<\/script>\n<meta property=\"product:price:amount\" content=\"0\" \/>\n<meta property=\"product:price:currency\" content=\"USD\" \/>\n<meta property=\"og:availability\" content=\"instock\" \/>\n<meta property=\"product:availability\" content=\"instock\" \/>\n<meta property=\"product:condition\" content=\"new\" \/>\n<!-- \/ Yoast SEO Premium plugin. -->","yoast_head_json":{"title":"Connaissance du syst\u00e8me de la musique iranienne (Dastg\u00e2h)","robots":{"index":"index","follow":"follow","max-snippet":"max-snippet:-1","max-image-preview":"max-image-preview:large","max-video-preview":"max-video-preview:-1"},"canonical":"https:\/\/melalepersian.com\/fr\/product\/connaissance-du-systeme-de-la-musique-iranienne-dastgah\/","og_locale":"fr_FR","og_type":"article","og_title":"Connaissance du syst\u00e8me de la musique iranienne (Dastg\u00e2h)","og_description":"La musique officielle de l'Iran, plac\u00e9e dans une collection \u00e9crite appel\u00e9e Radif Dastg\u00e2hi (r\u00e9pertoire), cat\u00e9gorise les m\u00e9lodies en fonction des distances et de la position des notes, pour que les musiciens, chanteurs et compositeurs puissent improviser ou composer sur la base de ces airs r\u00e9dig\u00e9s et pr\u00e9d\u00e9termin\u00e9s.","og_url":"https:\/\/melalepersian.com\/fr\/product\/connaissance-du-systeme-de-la-musique-iranienne-dastgah\/","og_site_name":"Centre \u00e9ducatif Nations Persanes - Centre de formation \u00e0 la culture et aux arts iraniens","article_publisher":"https:\/\/www.facebook.com\/melalepersian","article_modified_time":"2022-03-13T07:05:37+00:00","og_image":[{"width":906,"height":340,"url":"https:\/\/melalepersian.com\/fr\/wp-content\/uploads\/2022\/01\/\u062f\u0627\u062f.webp","type":"image\/webp"}],"twitter_card":"summary_large_image","twitter_misc":{"Prix":"","Availability":"In stock"},"schema":{"@context":"https:\/\/schema.org","@graph":[{"@type":"WebPage","@id":"https:\/\/melalepersian.com\/fr\/product\/connaissance-du-systeme-de-la-musique-iranienne-dastgah\/","url":"https:\/\/melalepersian.com\/fr\/product\/connaissance-du-systeme-de-la-musique-iranienne-dastgah\/","name":"Connaissance du syst\u00e8me de la musique iranienne (Dastg\u00e2h)","isPartOf":{"@id":"https:\/\/melalepersian.com\/fr\/#website"},"primaryImageOfPage":{"@id":"https:\/\/melalepersian.com\/fr\/product\/connaissance-du-systeme-de-la-musique-iranienne-dastgah\/#primaryimage"},"image":{"@id":"https:\/\/melalepersian.com\/fr\/product\/connaissance-du-systeme-de-la-musique-iranienne-dastgah\/#primaryimage"},"thumbnailUrl":"https:\/\/melalepersian.com\/fr\/wp-content\/uploads\/2022\/01\/\u062f\u0627\u062f.webp","datePublished":"2022-01-15T05:25:38+00:00","dateModified":"2022-03-13T07:05:37+00:00","breadcrumb":{"@id":"https:\/\/melalepersian.com\/fr\/product\/connaissance-du-systeme-de-la-musique-iranienne-dastgah\/#breadcrumb"},"inLanguage":"fr-FR","potentialAction":[{"@type":"ReadAction","target":["https:\/\/melalepersian.com\/fr\/product\/connaissance-du-systeme-de-la-musique-iranienne-dastgah\/"]}]},{"@type":"ImageObject","inLanguage":"fr-FR","@id":"https:\/\/melalepersian.com\/fr\/product\/connaissance-du-systeme-de-la-musique-iranienne-dastgah\/#primaryimage","url":"https:\/\/melalepersian.com\/fr\/wp-content\/uploads\/2022\/01\/\u062f\u0627\u062f.webp","contentUrl":"https:\/\/melalepersian.com\/fr\/wp-content\/uploads\/2022\/01\/\u062f\u0627\u062f.webp","width":906,"height":340,"caption":"\u062f\u0627\u062f"},{"@type":"BreadcrumbList","@id":"https:\/\/melalepersian.com\/fr\/product\/connaissance-du-systeme-de-la-musique-iranienne-dastgah\/#breadcrumb","itemListElement":[{"@type":"ListItem","position":1,"name":"\u062e\u0627\u0646\u0647","item":"https:\/\/melalepersian.com\/fr\/"},{"@type":"ListItem","position":2,"name":"Shop","item":"https:\/\/melalepersian.com\/fr\/shop\/"},{"@type":"ListItem","position":3,"name":"Connaissance du syst\u00e8me de la musique iranienne (Dastg\u00e2h)"}]},{"@type":"WebSite","@id":"https:\/\/melalepersian.com\/fr\/#website","url":"https:\/\/melalepersian.com\/fr\/","name":"Centre \u00e9ducatif Nations Persanes - Centre de formation \u00e0 la culture et aux arts iraniens","description":"Formation en litt\u00e9rature, langue, musique, architecture et tourisme de la terre d&#039;Iran","publisher":{"@id":"https:\/\/melalepersian.com\/fr\/#organization"},"potentialAction":[{"@type":"SearchAction","target":{"@type":"EntryPoint","urlTemplate":"https:\/\/melalepersian.com\/fr\/?s={search_term_string}"},"query-input":{"@type":"PropertyValueSpecification","valueRequired":true,"valueName":"search_term_string"}}],"inLanguage":"fr-FR"},{"@type":"Organization","@id":"https:\/\/melalepersian.com\/fr\/#organization","name":"Melale International Educational Complex","url":"https:\/\/melalepersian.com\/fr\/","logo":{"@type":"ImageObject","inLanguage":"fr-FR","@id":"https:\/\/melalepersian.com\/fr\/#\/schema\/logo\/image\/","url":"https:\/\/melalepersian.com\/wp-content\/uploads\/2022\/02\/melalepersian-logo-500.svg","contentUrl":"https:\/\/melalepersian.com\/wp-content\/uploads\/2022\/02\/melalepersian-logo-500.svg","width":676,"height":491,"caption":"Melale International Educational Complex"},"image":{"@id":"https:\/\/melalepersian.com\/fr\/#\/schema\/logo\/image\/"},"sameAs":["https:\/\/www.facebook.com\/melalepersian","https:\/\/www.linkedin.com\/company\/melalepersian\/","https:\/\/www.instagram.com\/melalepersian\/"],"description":"MelalePersian is the biggest online and offline shop for learning language, literature, architecture, and art of rich Persian heritage. With the aim of promoting and obtaining cultural interactions. The services have vast and divergence provided for interested individuals with considering to highest quality. This international, Iranian-French, company is trying to be the best representative of Iranian artistic works around the world.","email":"info@melalepersian.com","legalName":"MelalePersian","foundingDate":"2020-07-23","numberOfEmployees":{"@type":"QuantitativeValue","minValue":"11","maxValue":"50"}}]},"product_price_currency":"USD","og_availability":"instock","product_availability":"instock","product_condition":"new"},"_links":{"self":[{"href":"https:\/\/melalepersian.com\/fr\/wp-json\/wp\/v2\/product\/232668","targetHints":{"allow":["GET"]}}],"collection":[{"href":"https:\/\/melalepersian.com\/fr\/wp-json\/wp\/v2\/product"}],"about":[{"href":"https:\/\/melalepersian.com\/fr\/wp-json\/wp\/v2\/types\/product"}],"replies":[{"embeddable":true,"href":"https:\/\/melalepersian.com\/fr\/wp-json\/wp\/v2\/comments?post=232668"}],"version-history":[{"count":0,"href":"https:\/\/melalepersian.com\/fr\/wp-json\/wp\/v2\/product\/232668\/revisions"}],"wp:featuredmedia":[{"embeddable":true,"href":"https:\/\/melalepersian.com\/fr\/wp-json\/wp\/v2\/media\/232474"}],"wp:attachment":[{"href":"https:\/\/melalepersian.com\/fr\/wp-json\/wp\/v2\/media?parent=232668"}],"wp:term":[{"taxonomy":"product_brand","embeddable":true,"href":"https:\/\/melalepersian.com\/fr\/wp-json\/wp\/v2\/product_brand?post=232668"},{"taxonomy":"product_cat","embeddable":true,"href":"https:\/\/melalepersian.com\/fr\/wp-json\/wp\/v2\/product_cat?post=232668"},{"taxonomy":"product_tag","embeddable":true,"href":"https:\/\/melalepersian.com\/fr\/wp-json\/wp\/v2\/product_tag?post=232668"}],"curies":[{"name":"wp","href":"https:\/\/api.w.org\/{rel}","templated":true}]}}