{"id":232659,"date":"2022-01-15T09:14:51","date_gmt":"2022-01-15T05:44:51","guid":{"rendered":"https:\/\/melalepersian.com\/?post_type=product&#038;p=232659"},"modified":"2022-01-15T09:20:23","modified_gmt":"2022-01-15T05:50:23","slug":"histoire-de-la-joaillerie-avec-un-regard-particulier-sur-les-bijoux-iraniens","status":"publish","type":"product","link":"https:\/\/melalepersian.com\/fr\/product\/histoire-de-la-joaillerie-avec-un-regard-particulier-sur-les-bijoux-iraniens\/","title":{"rendered":"Histoire de la joaillerie avec un regard particulier sur les bijoux iraniens"},"content":{"rendered":"<p>Titre de cours : Comparaison des styles de bijoux persans et mondiaux \u00e0 travers l&rsquo;histoire<\/p><ul class=\"wp-block-list\"><li>P\u00e9riode \u00e9olithique<\/li><li>P\u00e9riode n\u00e9olithique<\/li><li>Bijoux m\u00e9di\u00e9vaux<\/li><li>Bijoux de Renaissance<\/li><li>Bijoux baroques<\/li><li>Bijoux g\u00e9orgiens<\/li><li>L&rsquo;\u00e8re de la Reine Victoria<\/li><li>Bijoux art nouveau<\/li><li>Bijoux \u00e9douardiens<\/li><li>Bijoux de l&rsquo;\u00e8re art d\u00e9co<\/li><li>Bijoux de l&rsquo;\u00e8re r\u00e9tro<\/li><li>Confrontement de bijoux iraniens et europ\u00e9ens<\/li><\/ul><p><strong>Histoire et science de la gemmologie<\/strong><\/p><ul class=\"wp-block-list\"><li>Notions de base de la gemmologie<\/li><li>Histoire de l&rsquo;utilisation des pierres et des pierres pr\u00e9cieuses dans les bijoux<\/li><li>Position de l&rsquo;Iran<\/li><\/ul><p><strong>Bijoux et signes:<\/strong><\/p><ul class=\"wp-block-list\"><li>Motifs<\/li><li>Marque de hall<\/li><li>Angue<\/li><\/ul><p>D\u00e9tails du cours:<\/p><ul class=\"wp-block-list\"><li>Dur\u00e9e : 24h (6 s\u00e9ances, 2 s\u00e9ances de 120 min\/semaine)<\/li><li>Langue : anglais, fran\u00e7ais, persan, turc<\/li><li>Tarif : 250 euros<\/li><li>Nombre d\u2019\u00e9tudiants : 20 personnes<\/li><\/ul>","protected":false},"excerpt":{"rendered":"<p>Titre de cours : Comparaison des styles de bijoux persans et mondiaux \u00e0 travers l&rsquo;histoire P\u00e9riode \u00e9olithique P\u00e9riode n\u00e9olithique Bijoux m\u00e9di\u00e9vaux Bijoux de Renaissance Bijoux baroques Bijoux g\u00e9orgiens L&rsquo;\u00e8re de la Reine Victoria Bijoux art nouveau Bijoux \u00e9douardiens Bijoux de l&rsquo;\u00e8re art d\u00e9co Bijoux de l&rsquo;\u00e8re r\u00e9tro Confrontement de bijoux iraniens et europ\u00e9ens Histoire et [&hellip;]<\/p>\n","protected":false},"featured_media":229773,"comment_status":"open","ping_status":"closed","template":"","meta":{"_acf_changed":false},"product_brand":[],"product_cat":[780],"product_tag":[],"class_list":{"0":"post-232659","1":"product","2":"type-product","3":"status-publish","4":"has-post-thumbnail","6":"product_cat-jewelry","8":"first","9":"instock","10":"shipping-taxable","11":"purchasable","12":"product-type-simple"},"acf":[],"yoast_head":"<!-- This site is optimized with the Yoast SEO Premium plugin v23.8 (Yoast SEO v24.1) - https:\/\/yoast.com\/wordpress\/plugins\/seo\/ -->\n<title>Histoire de la joaillerie avec un regard particulier sur les bijoux iraniens<\/title>\n<meta name=\"robots\" content=\"index, follow, max-snippet:-1, max-image-preview:large, max-video-preview:-1\" \/>\n<link rel=\"canonical\" href=\"https:\/\/melalepersian.com\/fr\/product\/histoire-de-la-joaillerie-avec-un-regard-particulier-sur-les-bijoux-iraniens\/\" \/>\n<meta property=\"og:locale\" content=\"fr_FR\" \/>\n<meta property=\"og:type\" content=\"article\" \/>\n<meta property=\"og:title\" content=\"Histoire de la joaillerie avec un regard particulier sur les bijoux iraniens\" \/>\n<meta property=\"og:description\" content=\"Titre de cours : Comparaison des styles de bijoux persans et mondiaux \u00e0 travers l&rsquo;histoire P\u00e9riode \u00e9olithique P\u00e9riode n\u00e9olithique Bijoux m\u00e9di\u00e9vaux Bijoux de Renaissance Bijoux baroques Bijoux g\u00e9orgiens L&rsquo;\u00e8re de la Reine Victoria Bijoux art nouveau Bijoux \u00e9douardiens Bijoux de l&rsquo;\u00e8re art d\u00e9co Bijoux de l&rsquo;\u00e8re r\u00e9tro Confrontement de bijoux iraniens et europ\u00e9ens Histoire et [&hellip;]\" \/>\n<meta property=\"og:url\" content=\"https:\/\/melalepersian.com\/fr\/product\/histoire-de-la-joaillerie-avec-un-regard-particulier-sur-les-bijoux-iraniens\/\" \/>\n<meta property=\"og:site_name\" content=\"Centre \u00e9ducatif Nations Persanes - Centre de formation \u00e0 la culture et aux arts iraniens\" \/>\n<meta property=\"article:publisher\" content=\"https:\/\/www.facebook.com\/melalepersian\" \/>\n<meta property=\"article:modified_time\" content=\"2022-01-15T05:50:23+00:00\" \/>\n<meta property=\"og:image\" content=\"https:\/\/melalepersian.com\/fr\/wp-content\/uploads\/2021\/07\/iranian-jewelery.jpg\" \/>\n\t<meta property=\"og:image:width\" content=\"800\" \/>\n\t<meta property=\"og:image:height\" content=\"300\" \/>\n\t<meta property=\"og:image:type\" content=\"image\/jpeg\" \/>\n<meta name=\"twitter:card\" content=\"summary_large_image\" \/>\n<meta name=\"twitter:label1\" content=\"Prix\" \/>\n\t<meta name=\"twitter:data1\" content=\"&#036;285\" \/>\n\t<meta name=\"twitter:label2\" content=\"Availability\" \/>\n\t<meta name=\"twitter:data2\" content=\"In stock\" \/>\n<script type=\"application\/ld+json\" class=\"yoast-schema-graph\">{\"@context\":\"https:\/\/schema.org\",\"@graph\":[{\"@type\":\"WebPage\",\"@id\":\"https:\/\/melalepersian.com\/fr\/product\/histoire-de-la-joaillerie-avec-un-regard-particulier-sur-les-bijoux-iraniens\/\",\"url\":\"https:\/\/melalepersian.com\/fr\/product\/histoire-de-la-joaillerie-avec-un-regard-particulier-sur-les-bijoux-iraniens\/\",\"name\":\"Histoire de la joaillerie avec un regard particulier sur les bijoux iraniens\",\"isPartOf\":{\"@id\":\"https:\/\/melalepersian.com\/fr\/#website\"},\"primaryImageOfPage\":{\"@id\":\"https:\/\/melalepersian.com\/fr\/product\/histoire-de-la-joaillerie-avec-un-regard-particulier-sur-les-bijoux-iraniens\/#primaryimage\"},\"image\":{\"@id\":\"https:\/\/melalepersian.com\/fr\/product\/histoire-de-la-joaillerie-avec-un-regard-particulier-sur-les-bijoux-iraniens\/#primaryimage\"},\"thumbnailUrl\":\"https:\/\/melalepersian.com\/fr\/wp-content\/uploads\/2021\/07\/iranian-jewelery.jpg\",\"datePublished\":\"2022-01-15T05:44:51+00:00\",\"dateModified\":\"2022-01-15T05:50:23+00:00\",\"breadcrumb\":{\"@id\":\"https:\/\/melalepersian.com\/fr\/product\/histoire-de-la-joaillerie-avec-un-regard-particulier-sur-les-bijoux-iraniens\/#breadcrumb\"},\"inLanguage\":\"fr-FR\",\"potentialAction\":[{\"@type\":\"ReadAction\",\"target\":[\"https:\/\/melalepersian.com\/fr\/product\/histoire-de-la-joaillerie-avec-un-regard-particulier-sur-les-bijoux-iraniens\/\"]}]},{\"@type\":\"ImageObject\",\"inLanguage\":\"fr-FR\",\"@id\":\"https:\/\/melalepersian.com\/fr\/product\/histoire-de-la-joaillerie-avec-un-regard-particulier-sur-les-bijoux-iraniens\/#primaryimage\",\"url\":\"https:\/\/melalepersian.com\/fr\/wp-content\/uploads\/2021\/07\/iranian-jewelery.jpg\",\"contentUrl\":\"https:\/\/melalepersian.com\/fr\/wp-content\/uploads\/2021\/07\/iranian-jewelery.jpg\",\"width\":800,\"height\":300,\"caption\":\"\u062c\u0648\u0627\u0647\u0631\u0622\u0644\u0627\u062a \u0627\u06cc\u0631\u0627\u0646\u06cc\"},{\"@type\":\"BreadcrumbList\",\"@id\":\"https:\/\/melalepersian.com\/fr\/product\/histoire-de-la-joaillerie-avec-un-regard-particulier-sur-les-bijoux-iraniens\/#breadcrumb\",\"itemListElement\":[{\"@type\":\"ListItem\",\"position\":1,\"name\":\"\u062e\u0627\u0646\u0647\",\"item\":\"https:\/\/melalepersian.com\/fr\/\"},{\"@type\":\"ListItem\",\"position\":2,\"name\":\"Shop\",\"item\":\"https:\/\/melalepersian.com\/fr\/shop\/\"},{\"@type\":\"ListItem\",\"position\":3,\"name\":\"Histoire de la joaillerie avec un regard particulier sur les bijoux iraniens\"}]},{\"@type\":\"WebSite\",\"@id\":\"https:\/\/melalepersian.com\/fr\/#website\",\"url\":\"https:\/\/melalepersian.com\/fr\/\",\"name\":\"Centre \u00e9ducatif Nations Persanes - Centre de formation \u00e0 la culture et aux arts iraniens\",\"description\":\"Formation en litt\u00e9rature, langue, musique, architecture et tourisme de la terre d&#039;Iran\",\"publisher\":{\"@id\":\"https:\/\/melalepersian.com\/fr\/#organization\"},\"potentialAction\":[{\"@type\":\"SearchAction\",\"target\":{\"@type\":\"EntryPoint\",\"urlTemplate\":\"https:\/\/melalepersian.com\/fr\/?s={search_term_string}\"},\"query-input\":{\"@type\":\"PropertyValueSpecification\",\"valueRequired\":true,\"valueName\":\"search_term_string\"}}],\"inLanguage\":\"fr-FR\"},{\"@type\":\"Organization\",\"@id\":\"https:\/\/melalepersian.com\/fr\/#organization\",\"name\":\"Melale International Educational Complex\",\"url\":\"https:\/\/melalepersian.com\/fr\/\",\"logo\":{\"@type\":\"ImageObject\",\"inLanguage\":\"fr-FR\",\"@id\":\"https:\/\/melalepersian.com\/fr\/#\/schema\/logo\/image\/\",\"url\":\"https:\/\/melalepersian.com\/wp-content\/uploads\/2022\/02\/melalepersian-logo-500.svg\",\"contentUrl\":\"https:\/\/melalepersian.com\/wp-content\/uploads\/2022\/02\/melalepersian-logo-500.svg\",\"width\":676,\"height\":491,\"caption\":\"Melale International Educational Complex\"},\"image\":{\"@id\":\"https:\/\/melalepersian.com\/fr\/#\/schema\/logo\/image\/\"},\"sameAs\":[\"https:\/\/www.facebook.com\/melalepersian\",\"https:\/\/www.linkedin.com\/company\/melalepersian\/\",\"https:\/\/www.instagram.com\/melalepersian\/\"],\"description\":\"MelalePersian is the biggest online and offline shop for learning language, literature, architecture, and art of rich Persian heritage. With the aim of promoting and obtaining cultural interactions. The services have vast and divergence provided for interested individuals with considering to highest quality. This international, Iranian-French, company is trying to be the best representative of Iranian artistic works around the world.\",\"email\":\"info@melalepersian.com\",\"legalName\":\"MelalePersian\",\"foundingDate\":\"2020-07-23\",\"numberOfEmployees\":{\"@type\":\"QuantitativeValue\",\"minValue\":\"11\",\"maxValue\":\"50\"}}]}<\/script>\n<meta property=\"product:price:amount\" content=\"285\" \/>\n<meta property=\"product:price:currency\" content=\"USD\" \/>\n<meta property=\"og:availability\" content=\"instock\" \/>\n<meta property=\"product:availability\" content=\"instock\" \/>\n<meta property=\"product:condition\" content=\"new\" \/>\n<!-- \/ Yoast SEO Premium plugin. -->","yoast_head_json":{"title":"Histoire de la joaillerie avec un regard particulier sur les bijoux iraniens","robots":{"index":"index","follow":"follow","max-snippet":"max-snippet:-1","max-image-preview":"max-image-preview:large","max-video-preview":"max-video-preview:-1"},"canonical":"https:\/\/melalepersian.com\/fr\/product\/histoire-de-la-joaillerie-avec-un-regard-particulier-sur-les-bijoux-iraniens\/","og_locale":"fr_FR","og_type":"article","og_title":"Histoire de la joaillerie avec un regard particulier sur les bijoux iraniens","og_description":"Titre de cours : Comparaison des styles de bijoux persans et mondiaux \u00e0 travers l&rsquo;histoire P\u00e9riode \u00e9olithique P\u00e9riode n\u00e9olithique Bijoux m\u00e9di\u00e9vaux Bijoux de Renaissance Bijoux baroques Bijoux g\u00e9orgiens L&rsquo;\u00e8re de la Reine Victoria Bijoux art nouveau Bijoux \u00e9douardiens Bijoux de l&rsquo;\u00e8re art d\u00e9co Bijoux de l&rsquo;\u00e8re r\u00e9tro Confrontement de bijoux iraniens et europ\u00e9ens Histoire et [&hellip;]","og_url":"https:\/\/melalepersian.com\/fr\/product\/histoire-de-la-joaillerie-avec-un-regard-particulier-sur-les-bijoux-iraniens\/","og_site_name":"Centre \u00e9ducatif Nations Persanes - Centre de formation \u00e0 la culture et aux arts iraniens","article_publisher":"https:\/\/www.facebook.com\/melalepersian","article_modified_time":"2022-01-15T05:50:23+00:00","og_image":[{"width":800,"height":300,"url":"https:\/\/melalepersian.com\/fr\/wp-content\/uploads\/2021\/07\/iranian-jewelery.jpg","type":"image\/jpeg"}],"twitter_card":"summary_large_image","twitter_misc":{"Prix":"&#36;285","Availability":"In stock"},"schema":{"@context":"https:\/\/schema.org","@graph":[{"@type":"WebPage","@id":"https:\/\/melalepersian.com\/fr\/product\/histoire-de-la-joaillerie-avec-un-regard-particulier-sur-les-bijoux-iraniens\/","url":"https:\/\/melalepersian.com\/fr\/product\/histoire-de-la-joaillerie-avec-un-regard-particulier-sur-les-bijoux-iraniens\/","name":"Histoire de la joaillerie avec un regard particulier sur les bijoux iraniens","isPartOf":{"@id":"https:\/\/melalepersian.com\/fr\/#website"},"primaryImageOfPage":{"@id":"https:\/\/melalepersian.com\/fr\/product\/histoire-de-la-joaillerie-avec-un-regard-particulier-sur-les-bijoux-iraniens\/#primaryimage"},"image":{"@id":"https:\/\/melalepersian.com\/fr\/product\/histoire-de-la-joaillerie-avec-un-regard-particulier-sur-les-bijoux-iraniens\/#primaryimage"},"thumbnailUrl":"https:\/\/melalepersian.com\/fr\/wp-content\/uploads\/2021\/07\/iranian-jewelery.jpg","datePublished":"2022-01-15T05:44:51+00:00","dateModified":"2022-01-15T05:50:23+00:00","breadcrumb":{"@id":"https:\/\/melalepersian.com\/fr\/product\/histoire-de-la-joaillerie-avec-un-regard-particulier-sur-les-bijoux-iraniens\/#breadcrumb"},"inLanguage":"fr-FR","potentialAction":[{"@type":"ReadAction","target":["https:\/\/melalepersian.com\/fr\/product\/histoire-de-la-joaillerie-avec-un-regard-particulier-sur-les-bijoux-iraniens\/"]}]},{"@type":"ImageObject","inLanguage":"fr-FR","@id":"https:\/\/melalepersian.com\/fr\/product\/histoire-de-la-joaillerie-avec-un-regard-particulier-sur-les-bijoux-iraniens\/#primaryimage","url":"https:\/\/melalepersian.com\/fr\/wp-content\/uploads\/2021\/07\/iranian-jewelery.jpg","contentUrl":"https:\/\/melalepersian.com\/fr\/wp-content\/uploads\/2021\/07\/iranian-jewelery.jpg","width":800,"height":300,"caption":"\u062c\u0648\u0627\u0647\u0631\u0622\u0644\u0627\u062a \u0627\u06cc\u0631\u0627\u0646\u06cc"},{"@type":"BreadcrumbList","@id":"https:\/\/melalepersian.com\/fr\/product\/histoire-de-la-joaillerie-avec-un-regard-particulier-sur-les-bijoux-iraniens\/#breadcrumb","itemListElement":[{"@type":"ListItem","position":1,"name":"\u062e\u0627\u0646\u0647","item":"https:\/\/melalepersian.com\/fr\/"},{"@type":"ListItem","position":2,"name":"Shop","item":"https:\/\/melalepersian.com\/fr\/shop\/"},{"@type":"ListItem","position":3,"name":"Histoire de la joaillerie avec un regard particulier sur les bijoux iraniens"}]},{"@type":"WebSite","@id":"https:\/\/melalepersian.com\/fr\/#website","url":"https:\/\/melalepersian.com\/fr\/","name":"Centre \u00e9ducatif Nations Persanes - Centre de formation \u00e0 la culture et aux arts iraniens","description":"Formation en litt\u00e9rature, langue, musique, architecture et tourisme de la terre d&#039;Iran","publisher":{"@id":"https:\/\/melalepersian.com\/fr\/#organization"},"potentialAction":[{"@type":"SearchAction","target":{"@type":"EntryPoint","urlTemplate":"https:\/\/melalepersian.com\/fr\/?s={search_term_string}"},"query-input":{"@type":"PropertyValueSpecification","valueRequired":true,"valueName":"search_term_string"}}],"inLanguage":"fr-FR"},{"@type":"Organization","@id":"https:\/\/melalepersian.com\/fr\/#organization","name":"Melale International Educational Complex","url":"https:\/\/melalepersian.com\/fr\/","logo":{"@type":"ImageObject","inLanguage":"fr-FR","@id":"https:\/\/melalepersian.com\/fr\/#\/schema\/logo\/image\/","url":"https:\/\/melalepersian.com\/wp-content\/uploads\/2022\/02\/melalepersian-logo-500.svg","contentUrl":"https:\/\/melalepersian.com\/wp-content\/uploads\/2022\/02\/melalepersian-logo-500.svg","width":676,"height":491,"caption":"Melale International Educational Complex"},"image":{"@id":"https:\/\/melalepersian.com\/fr\/#\/schema\/logo\/image\/"},"sameAs":["https:\/\/www.facebook.com\/melalepersian","https:\/\/www.linkedin.com\/company\/melalepersian\/","https:\/\/www.instagram.com\/melalepersian\/"],"description":"MelalePersian is the biggest online and offline shop for learning language, literature, architecture, and art of rich Persian heritage. With the aim of promoting and obtaining cultural interactions. The services have vast and divergence provided for interested individuals with considering to highest quality. This international, Iranian-French, company is trying to be the best representative of Iranian artistic works around the world.","email":"info@melalepersian.com","legalName":"MelalePersian","foundingDate":"2020-07-23","numberOfEmployees":{"@type":"QuantitativeValue","minValue":"11","maxValue":"50"}}]},"product_price_amount":"285","product_price_currency":"USD","og_availability":"instock","product_availability":"instock","product_condition":"new"},"_links":{"self":[{"href":"https:\/\/melalepersian.com\/fr\/wp-json\/wp\/v2\/product\/232659","targetHints":{"allow":["GET"]}}],"collection":[{"href":"https:\/\/melalepersian.com\/fr\/wp-json\/wp\/v2\/product"}],"about":[{"href":"https:\/\/melalepersian.com\/fr\/wp-json\/wp\/v2\/types\/product"}],"replies":[{"embeddable":true,"href":"https:\/\/melalepersian.com\/fr\/wp-json\/wp\/v2\/comments?post=232659"}],"version-history":[{"count":0,"href":"https:\/\/melalepersian.com\/fr\/wp-json\/wp\/v2\/product\/232659\/revisions"}],"wp:featuredmedia":[{"embeddable":true,"href":"https:\/\/melalepersian.com\/fr\/wp-json\/wp\/v2\/media\/229773"}],"wp:attachment":[{"href":"https:\/\/melalepersian.com\/fr\/wp-json\/wp\/v2\/media?parent=232659"}],"wp:term":[{"taxonomy":"product_brand","embeddable":true,"href":"https:\/\/melalepersian.com\/fr\/wp-json\/wp\/v2\/product_brand?post=232659"},{"taxonomy":"product_cat","embeddable":true,"href":"https:\/\/melalepersian.com\/fr\/wp-json\/wp\/v2\/product_cat?post=232659"},{"taxonomy":"product_tag","embeddable":true,"href":"https:\/\/melalepersian.com\/fr\/wp-json\/wp\/v2\/product_tag?post=232659"}],"curies":[{"name":"wp","href":"https:\/\/api.w.org\/{rel}","templated":true}]}}