{"id":232651,"date":"2022-01-12T13:25:18","date_gmt":"2022-01-12T09:55:18","guid":{"rendered":"https:\/\/melalepersian.com\/?post_type=product&#038;p=232651"},"modified":"2022-02-12T19:19:28","modified_gmt":"2022-02-12T15:49:28","slug":"enseignement-de-la-litterature-contemporaine","status":"publish","type":"product","link":"https:\/\/melalepersian.com\/fr\/product\/enseignement-de-la-litterature-contemporaine\/","title":{"rendered":"Enseignement de la litt\u00e9rature contemporaine"},"content":{"rendered":"<p><strong>Th\u00e8mes de ce cours:<\/strong><\/p><ul class=\"wp-block-list\"><li>\u2022 Introduction : P\u00e9riode pr\u00e9constitutionnelle (une s\u00e9ance)<\/li><li>P\u00e9riode constitutionnelle et avant Nima (9 s\u00e9ances) : Iraj Mirza , Malekoshoara Bahar, Abolghasem Lahouti, Aref Qazvini, Nasim Shomal, Dehkhoda, Mirzadeh Eshghi, Farrokhi Yazdi, Parvin Etesami<\/li><li>Po\u00e9sie classique \u00e0 l&rsquo;\u00e9poque contemporaine (8 s\u00e9ances) : Shahriyar, Mehdi Hamidi, Rahi Moayeri, Simin Behbahani,<\/li><li>L&rsquo;\u00e9mergence de Nima (3 s\u00e9ances)<\/li><li>Adeptes de Nima et po\u00e9sie Nima (4 sessions chacun) : Akhavan, Shamloo, Forough, Sohrab<\/li><li>Autres adeptes de Nima \u00ab\u00a01\u00a0\u00bb (10 s\u00e9ances) : Ebtehaj, Nader Naderpour, Nosrat Rahmani, Shafiei Kadkani, Hossein Monzavi<\/li><li>Autres adeptes de Nima \u00ab\u00a02\u00a0\u00bb (8 s\u00e9ances) : Fereydoun Tavaloli, Fereydoun Moshiri, Siavash Kasraei, Mohammad Zohri, M. Azad. Hamid Mosadegh, Manouchehr Atashi, Smaeel Khoei<\/li><li>Atelier et analyse de la litt\u00e9rature contemporaine iranienne 1 (Po\u00e9sie)<\/li><\/ul><p><strong>D\u00e9tails du cours:<\/strong><\/p><ul class=\"wp-block-list\"><li>12 S\u00e9ances<\/li><\/ul>","protected":false},"excerpt":{"rendered":"<p>Etude de la po\u00e9sie et la prose contemporaines est tr\u00e8s vari\u00e9e, fascinante et complexe en raison de leur \u00e9volution constante qui marque de nouveaux changements.<\/p>\n<p>Dans ce cours de plusieurs semestres, nous avons l&rsquo;intention de pr\u00e9senter et analyser la po\u00e9sie iranienne d&rsquo;aujourd&rsquo;hui, loin des pr\u00e9jug\u00e9s et du d\u00e9ni ou l&rsquo;approbation, au service de ceux qui sont int\u00e9ress\u00e9s.<\/p>\n<p>Rejoignez-vous pour ce voyage tortueux et fascinant.<\/p>\n","protected":false},"featured_media":230943,"comment_status":"open","ping_status":"closed","template":"","meta":{"_acf_changed":false},"product_brand":[],"product_cat":[770],"product_tag":[],"class_list":{"0":"post-232651","1":"product","2":"type-product","3":"status-publish","4":"has-post-thumbnail","6":"product_cat-persian-literature","8":"first","9":"instock","10":"shipping-taxable","11":"purchasable","12":"product-type-simple"},"acf":[],"yoast_head":"<!-- This site is optimized with the Yoast SEO Premium plugin v23.8 (Yoast SEO v24.1) - https:\/\/yoast.com\/wordpress\/plugins\/seo\/ -->\n<title>Enseignement de la litt\u00e9rature contemporaine<\/title>\n<meta name=\"robots\" content=\"index, follow, max-snippet:-1, max-image-preview:large, max-video-preview:-1\" \/>\n<link rel=\"canonical\" href=\"https:\/\/melalepersian.com\/fr\/product\/enseignement-de-la-litterature-contemporaine\/\" \/>\n<meta property=\"og:locale\" content=\"fr_FR\" \/>\n<meta property=\"og:type\" content=\"article\" \/>\n<meta property=\"og:title\" content=\"Enseignement de la litt\u00e9rature contemporaine\" \/>\n<meta property=\"og:description\" content=\"Etude de la po\u00e9sie et la prose contemporaines est tr\u00e8s vari\u00e9e, fascinante et complexe en raison de leur \u00e9volution constante qui marque de nouveaux changements. Dans ce cours de plusieurs semestres, nous avons l&#039;intention de pr\u00e9senter et analyser la po\u00e9sie iranienne d&#039;aujourd&#039;hui, loin des pr\u00e9jug\u00e9s et du d\u00e9ni ou l&#039;approbation, au service de ceux qui sont int\u00e9ress\u00e9s. Rejoignez-vous pour ce voyage tortueux et fascinant.\" \/>\n<meta property=\"og:url\" content=\"https:\/\/melalepersian.com\/fr\/product\/enseignement-de-la-litterature-contemporaine\/\" \/>\n<meta property=\"og:site_name\" content=\"Centre \u00e9ducatif Nations Persanes - Centre de formation \u00e0 la culture et aux arts iraniens\" \/>\n<meta property=\"article:publisher\" content=\"https:\/\/www.facebook.com\/melalepersian\" \/>\n<meta property=\"article:modified_time\" content=\"2022-02-12T15:49:28+00:00\" \/>\n<meta property=\"og:image\" content=\"https:\/\/melalepersian.com\/fr\/wp-content\/uploads\/2021\/08\/\u062f\u0648\u0631\u0647-\u0627\u062f\u0628\u06cc\u0627\u062a-\u0645\u0639\u0627\u0635\u0631.jpg\" \/>\n\t<meta property=\"og:image:width\" content=\"800\" \/>\n\t<meta property=\"og:image:height\" content=\"300\" \/>\n\t<meta property=\"og:image:type\" content=\"image\/jpeg\" \/>\n<meta name=\"twitter:card\" content=\"summary_large_image\" \/>\n<meta name=\"twitter:label1\" content=\"Prix\" \/>\n\t<meta name=\"twitter:data1\" content=\"&#036;195\" \/>\n\t<meta name=\"twitter:label2\" content=\"Availability\" \/>\n\t<meta name=\"twitter:data2\" content=\"In stock\" \/>\n<script type=\"application\/ld+json\" class=\"yoast-schema-graph\">{\"@context\":\"https:\/\/schema.org\",\"@graph\":[{\"@type\":\"WebPage\",\"@id\":\"https:\/\/melalepersian.com\/fr\/product\/enseignement-de-la-litterature-contemporaine\/\",\"url\":\"https:\/\/melalepersian.com\/fr\/product\/enseignement-de-la-litterature-contemporaine\/\",\"name\":\"Enseignement de la litt\u00e9rature contemporaine\",\"isPartOf\":{\"@id\":\"https:\/\/melalepersian.com\/fr\/#website\"},\"primaryImageOfPage\":{\"@id\":\"https:\/\/melalepersian.com\/fr\/product\/enseignement-de-la-litterature-contemporaine\/#primaryimage\"},\"image\":{\"@id\":\"https:\/\/melalepersian.com\/fr\/product\/enseignement-de-la-litterature-contemporaine\/#primaryimage\"},\"thumbnailUrl\":\"https:\/\/melalepersian.com\/fr\/wp-content\/uploads\/2021\/08\/\u062f\u0648\u0631\u0647-\u0627\u062f\u0628\u06cc\u0627\u062a-\u0645\u0639\u0627\u0635\u0631.jpg\",\"datePublished\":\"2022-01-12T09:55:18+00:00\",\"dateModified\":\"2022-02-12T15:49:28+00:00\",\"breadcrumb\":{\"@id\":\"https:\/\/melalepersian.com\/fr\/product\/enseignement-de-la-litterature-contemporaine\/#breadcrumb\"},\"inLanguage\":\"fr-FR\",\"potentialAction\":[{\"@type\":\"ReadAction\",\"target\":[\"https:\/\/melalepersian.com\/fr\/product\/enseignement-de-la-litterature-contemporaine\/\"]}]},{\"@type\":\"ImageObject\",\"inLanguage\":\"fr-FR\",\"@id\":\"https:\/\/melalepersian.com\/fr\/product\/enseignement-de-la-litterature-contemporaine\/#primaryimage\",\"url\":\"https:\/\/melalepersian.com\/fr\/wp-content\/uploads\/2021\/08\/\u062f\u0648\u0631\u0647-\u0627\u062f\u0628\u06cc\u0627\u062a-\u0645\u0639\u0627\u0635\u0631.jpg\",\"contentUrl\":\"https:\/\/melalepersian.com\/fr\/wp-content\/uploads\/2021\/08\/\u062f\u0648\u0631\u0647-\u0627\u062f\u0628\u06cc\u0627\u062a-\u0645\u0639\u0627\u0635\u0631.jpg\",\"width\":800,\"height\":300,\"caption\":\"\u062f\u0648\u0631\u0647 \u0627\u062f\u0628\u06cc\u0627\u062a \u0645\u0639\u0627\u0635\u0631 \u0648 \u0634\u0639\u0631 \u0646\u06cc\u0645\u0627\u06cc\u06cc\"},{\"@type\":\"BreadcrumbList\",\"@id\":\"https:\/\/melalepersian.com\/fr\/product\/enseignement-de-la-litterature-contemporaine\/#breadcrumb\",\"itemListElement\":[{\"@type\":\"ListItem\",\"position\":1,\"name\":\"\u062e\u0627\u0646\u0647\",\"item\":\"https:\/\/melalepersian.com\/fr\/\"},{\"@type\":\"ListItem\",\"position\":2,\"name\":\"Shop\",\"item\":\"https:\/\/melalepersian.com\/fr\/shop\/\"},{\"@type\":\"ListItem\",\"position\":3,\"name\":\"Enseignement de la litt\u00e9rature contemporaine\"}]},{\"@type\":\"WebSite\",\"@id\":\"https:\/\/melalepersian.com\/fr\/#website\",\"url\":\"https:\/\/melalepersian.com\/fr\/\",\"name\":\"Centre \u00e9ducatif Nations Persanes - Centre de formation \u00e0 la culture et aux arts iraniens\",\"description\":\"Formation en litt\u00e9rature, langue, musique, architecture et tourisme de la terre d&#039;Iran\",\"publisher\":{\"@id\":\"https:\/\/melalepersian.com\/fr\/#organization\"},\"potentialAction\":[{\"@type\":\"SearchAction\",\"target\":{\"@type\":\"EntryPoint\",\"urlTemplate\":\"https:\/\/melalepersian.com\/fr\/?s={search_term_string}\"},\"query-input\":{\"@type\":\"PropertyValueSpecification\",\"valueRequired\":true,\"valueName\":\"search_term_string\"}}],\"inLanguage\":\"fr-FR\"},{\"@type\":\"Organization\",\"@id\":\"https:\/\/melalepersian.com\/fr\/#organization\",\"name\":\"Melale International Educational Complex\",\"url\":\"https:\/\/melalepersian.com\/fr\/\",\"logo\":{\"@type\":\"ImageObject\",\"inLanguage\":\"fr-FR\",\"@id\":\"https:\/\/melalepersian.com\/fr\/#\/schema\/logo\/image\/\",\"url\":\"https:\/\/melalepersian.com\/wp-content\/uploads\/2022\/02\/melalepersian-logo-500.svg\",\"contentUrl\":\"https:\/\/melalepersian.com\/wp-content\/uploads\/2022\/02\/melalepersian-logo-500.svg\",\"width\":676,\"height\":491,\"caption\":\"Melale International Educational Complex\"},\"image\":{\"@id\":\"https:\/\/melalepersian.com\/fr\/#\/schema\/logo\/image\/\"},\"sameAs\":[\"https:\/\/www.facebook.com\/melalepersian\",\"https:\/\/www.linkedin.com\/company\/melalepersian\/\",\"https:\/\/www.instagram.com\/melalepersian\/\"],\"description\":\"MelalePersian is the biggest online and offline shop for learning language, literature, architecture, and art of rich Persian heritage. With the aim of promoting and obtaining cultural interactions. The services have vast and divergence provided for interested individuals with considering to highest quality. This international, Iranian-French, company is trying to be the best representative of Iranian artistic works around the world.\",\"email\":\"info@melalepersian.com\",\"legalName\":\"MelalePersian\",\"foundingDate\":\"2020-07-23\",\"numberOfEmployees\":{\"@type\":\"QuantitativeValue\",\"minValue\":\"11\",\"maxValue\":\"50\"}}]}<\/script>\n<meta property=\"product:price:amount\" content=\"195\" \/>\n<meta property=\"product:price:currency\" content=\"USD\" \/>\n<meta property=\"og:availability\" content=\"instock\" \/>\n<meta property=\"product:availability\" content=\"instock\" \/>\n<meta property=\"product:condition\" content=\"new\" \/>\n<!-- \/ Yoast SEO Premium plugin. -->","yoast_head_json":{"title":"Enseignement de la litt\u00e9rature contemporaine","robots":{"index":"index","follow":"follow","max-snippet":"max-snippet:-1","max-image-preview":"max-image-preview:large","max-video-preview":"max-video-preview:-1"},"canonical":"https:\/\/melalepersian.com\/fr\/product\/enseignement-de-la-litterature-contemporaine\/","og_locale":"fr_FR","og_type":"article","og_title":"Enseignement de la litt\u00e9rature contemporaine","og_description":"Etude de la po\u00e9sie et la prose contemporaines est tr\u00e8s vari\u00e9e, fascinante et complexe en raison de leur \u00e9volution constante qui marque de nouveaux changements. Dans ce cours de plusieurs semestres, nous avons l'intention de pr\u00e9senter et analyser la po\u00e9sie iranienne d'aujourd'hui, loin des pr\u00e9jug\u00e9s et du d\u00e9ni ou l'approbation, au service de ceux qui sont int\u00e9ress\u00e9s. Rejoignez-vous pour ce voyage tortueux et fascinant.","og_url":"https:\/\/melalepersian.com\/fr\/product\/enseignement-de-la-litterature-contemporaine\/","og_site_name":"Centre \u00e9ducatif Nations Persanes - Centre de formation \u00e0 la culture et aux arts iraniens","article_publisher":"https:\/\/www.facebook.com\/melalepersian","article_modified_time":"2022-02-12T15:49:28+00:00","og_image":[{"width":800,"height":300,"url":"https:\/\/melalepersian.com\/fr\/wp-content\/uploads\/2021\/08\/\u062f\u0648\u0631\u0647-\u0627\u062f\u0628\u06cc\u0627\u062a-\u0645\u0639\u0627\u0635\u0631.jpg","type":"image\/jpeg"}],"twitter_card":"summary_large_image","twitter_misc":{"Prix":"&#36;195","Availability":"In stock"},"schema":{"@context":"https:\/\/schema.org","@graph":[{"@type":"WebPage","@id":"https:\/\/melalepersian.com\/fr\/product\/enseignement-de-la-litterature-contemporaine\/","url":"https:\/\/melalepersian.com\/fr\/product\/enseignement-de-la-litterature-contemporaine\/","name":"Enseignement de la litt\u00e9rature contemporaine","isPartOf":{"@id":"https:\/\/melalepersian.com\/fr\/#website"},"primaryImageOfPage":{"@id":"https:\/\/melalepersian.com\/fr\/product\/enseignement-de-la-litterature-contemporaine\/#primaryimage"},"image":{"@id":"https:\/\/melalepersian.com\/fr\/product\/enseignement-de-la-litterature-contemporaine\/#primaryimage"},"thumbnailUrl":"https:\/\/melalepersian.com\/fr\/wp-content\/uploads\/2021\/08\/\u062f\u0648\u0631\u0647-\u0627\u062f\u0628\u06cc\u0627\u062a-\u0645\u0639\u0627\u0635\u0631.jpg","datePublished":"2022-01-12T09:55:18+00:00","dateModified":"2022-02-12T15:49:28+00:00","breadcrumb":{"@id":"https:\/\/melalepersian.com\/fr\/product\/enseignement-de-la-litterature-contemporaine\/#breadcrumb"},"inLanguage":"fr-FR","potentialAction":[{"@type":"ReadAction","target":["https:\/\/melalepersian.com\/fr\/product\/enseignement-de-la-litterature-contemporaine\/"]}]},{"@type":"ImageObject","inLanguage":"fr-FR","@id":"https:\/\/melalepersian.com\/fr\/product\/enseignement-de-la-litterature-contemporaine\/#primaryimage","url":"https:\/\/melalepersian.com\/fr\/wp-content\/uploads\/2021\/08\/\u062f\u0648\u0631\u0647-\u0627\u062f\u0628\u06cc\u0627\u062a-\u0645\u0639\u0627\u0635\u0631.jpg","contentUrl":"https:\/\/melalepersian.com\/fr\/wp-content\/uploads\/2021\/08\/\u062f\u0648\u0631\u0647-\u0627\u062f\u0628\u06cc\u0627\u062a-\u0645\u0639\u0627\u0635\u0631.jpg","width":800,"height":300,"caption":"\u062f\u0648\u0631\u0647 \u0627\u062f\u0628\u06cc\u0627\u062a \u0645\u0639\u0627\u0635\u0631 \u0648 \u0634\u0639\u0631 \u0646\u06cc\u0645\u0627\u06cc\u06cc"},{"@type":"BreadcrumbList","@id":"https:\/\/melalepersian.com\/fr\/product\/enseignement-de-la-litterature-contemporaine\/#breadcrumb","itemListElement":[{"@type":"ListItem","position":1,"name":"\u062e\u0627\u0646\u0647","item":"https:\/\/melalepersian.com\/fr\/"},{"@type":"ListItem","position":2,"name":"Shop","item":"https:\/\/melalepersian.com\/fr\/shop\/"},{"@type":"ListItem","position":3,"name":"Enseignement de la litt\u00e9rature contemporaine"}]},{"@type":"WebSite","@id":"https:\/\/melalepersian.com\/fr\/#website","url":"https:\/\/melalepersian.com\/fr\/","name":"Centre \u00e9ducatif Nations Persanes - Centre de formation \u00e0 la culture et aux arts iraniens","description":"Formation en litt\u00e9rature, langue, musique, architecture et tourisme de la terre d&#039;Iran","publisher":{"@id":"https:\/\/melalepersian.com\/fr\/#organization"},"potentialAction":[{"@type":"SearchAction","target":{"@type":"EntryPoint","urlTemplate":"https:\/\/melalepersian.com\/fr\/?s={search_term_string}"},"query-input":{"@type":"PropertyValueSpecification","valueRequired":true,"valueName":"search_term_string"}}],"inLanguage":"fr-FR"},{"@type":"Organization","@id":"https:\/\/melalepersian.com\/fr\/#organization","name":"Melale International Educational Complex","url":"https:\/\/melalepersian.com\/fr\/","logo":{"@type":"ImageObject","inLanguage":"fr-FR","@id":"https:\/\/melalepersian.com\/fr\/#\/schema\/logo\/image\/","url":"https:\/\/melalepersian.com\/wp-content\/uploads\/2022\/02\/melalepersian-logo-500.svg","contentUrl":"https:\/\/melalepersian.com\/wp-content\/uploads\/2022\/02\/melalepersian-logo-500.svg","width":676,"height":491,"caption":"Melale International Educational Complex"},"image":{"@id":"https:\/\/melalepersian.com\/fr\/#\/schema\/logo\/image\/"},"sameAs":["https:\/\/www.facebook.com\/melalepersian","https:\/\/www.linkedin.com\/company\/melalepersian\/","https:\/\/www.instagram.com\/melalepersian\/"],"description":"MelalePersian is the biggest online and offline shop for learning language, literature, architecture, and art of rich Persian heritage. With the aim of promoting and obtaining cultural interactions. The services have vast and divergence provided for interested individuals with considering to highest quality. This international, Iranian-French, company is trying to be the best representative of Iranian artistic works around the world.","email":"info@melalepersian.com","legalName":"MelalePersian","foundingDate":"2020-07-23","numberOfEmployees":{"@type":"QuantitativeValue","minValue":"11","maxValue":"50"}}]},"product_price_amount":"195","product_price_currency":"USD","og_availability":"instock","product_availability":"instock","product_condition":"new"},"_links":{"self":[{"href":"https:\/\/melalepersian.com\/fr\/wp-json\/wp\/v2\/product\/232651","targetHints":{"allow":["GET"]}}],"collection":[{"href":"https:\/\/melalepersian.com\/fr\/wp-json\/wp\/v2\/product"}],"about":[{"href":"https:\/\/melalepersian.com\/fr\/wp-json\/wp\/v2\/types\/product"}],"replies":[{"embeddable":true,"href":"https:\/\/melalepersian.com\/fr\/wp-json\/wp\/v2\/comments?post=232651"}],"version-history":[{"count":1,"href":"https:\/\/melalepersian.com\/fr\/wp-json\/wp\/v2\/product\/232651\/revisions"}],"predecessor-version":[{"id":233761,"href":"https:\/\/melalepersian.com\/fr\/wp-json\/wp\/v2\/product\/232651\/revisions\/233761"}],"wp:featuredmedia":[{"embeddable":true,"href":"https:\/\/melalepersian.com\/fr\/wp-json\/wp\/v2\/media\/230943"}],"wp:attachment":[{"href":"https:\/\/melalepersian.com\/fr\/wp-json\/wp\/v2\/media?parent=232651"}],"wp:term":[{"taxonomy":"product_brand","embeddable":true,"href":"https:\/\/melalepersian.com\/fr\/wp-json\/wp\/v2\/product_brand?post=232651"},{"taxonomy":"product_cat","embeddable":true,"href":"https:\/\/melalepersian.com\/fr\/wp-json\/wp\/v2\/product_cat?post=232651"},{"taxonomy":"product_tag","embeddable":true,"href":"https:\/\/melalepersian.com\/fr\/wp-json\/wp\/v2\/product_tag?post=232651"}],"curies":[{"name":"wp","href":"https:\/\/api.w.org\/{rel}","templated":true}]}}