{"id":232648,"date":"2022-01-15T09:01:36","date_gmt":"2022-01-15T05:31:36","guid":{"rendered":"https:\/\/melalepersian.com\/?post_type=product&#038;p=232648"},"modified":"2022-03-16T11:18:45","modified_gmt":"2022-03-16T07:48:45","slug":"introduction-a-la-musique-folklorique-regionale-de-liran","status":"publish","type":"product","link":"https:\/\/melalepersian.com\/fr\/product\/introduction-a-la-musique-folklorique-regionale-de-liran\/","title":{"rendered":"Introduction \u00e0 la musique folklorique (r\u00e9gionale) de l&rsquo;Iran"},"content":{"rendered":"<figure class=\"wp-block-embed is-type-video is-provider-youtube wp-block-embed-youtube wp-embed-aspect-4-3 wp-has-aspect-ratio\"><div class=\"wp-block-embed__wrapper\">\n<iframe title=\"\u0645\u0648\u0633\u06cc\u0642\u06cc \u0628\u0644\u0648\u0686\u06cc \u0645\u062c\u0646\u0648\u0646 \u0646\u0628\u0648 \u0627\u0632 \u0628\u0627\u0646\u0648 \u0633\u06cc\u0645\u0627 \u0628\u06cc\u0646\u0627\" width=\"800\" height=\"600\" src=\"https:\/\/www.youtube.com\/embed\/9BP06w8fouQ?feature=oembed\" frameborder=\"0\" allow=\"accelerometer; autoplay; clipboard-write; encrypted-media; gyroscope; picture-in-picture; web-share\" referrerpolicy=\"strict-origin-when-cross-origin\" allowfullscreen><\/iframe>\n<\/div><\/figure><p>Le cours de la musique des r\u00e9gions de l\u2019Iran aborde les points suivants sur les airs de chaque r\u00e9gion d&rsquo;Iran:<\/p><ul class=\"wp-block-list\"><li>A) Port\u00e9e g\u00e9ographique et \u00e9tendue spatiale des m\u00e9lodies<\/li><li>B) Interactions avec les r\u00e9gions et territoires voisins<\/li><li>C) Principaux instruments de musique communs de chaque r\u00e9gion<\/li><li>D) M\u00e9thodes d&rsquo;interpr\u00e9tation et divers types musicaux dans chaque r\u00e9gion (musique rituelle, th\u00e9rapeutique, religieuse et types particuliers)<\/li><li>E) Caract\u00e9ristiques musicales et terminologie musicale sp\u00e9cifique \u00e0 chaque r\u00e9gion<\/li><li>F) Esprit global des m\u00e9lodies et concepts introduits dans les m\u00e9lodies de la r\u00e9gion en question<\/li><li>G) Musiciens et chanteurs c\u00e9l\u00e8res de chaque r\u00e9gion, chants distingu\u00e9s et \u00e9coute des fameux morceaux de musique<\/li><\/ul><p><\/p><p>Les s\u00e9ances de ce cours sont organis\u00e9es en <strong>22 heures<\/strong> et se pr\u00e9sentent comme suit:<\/p>[course_sections]","protected":false},"excerpt":{"rendered":"<p>Le vaste territoire de l&rsquo;Iran abrite une vari\u00e9t\u00e9 de groupes ethniques, dont chacun poss\u00e8de une riche culture musicale. L\u2019ensemble de ces cultures forment le patrimoine color\u00e9 de la musique folklorique iranienne. Cette collection de la culture vocale iranienne porte des noms tels que la musique r\u00e9gionale, locale, indig\u00e8ne, r\u00e9gionale et folklorique ou la musique Maqami, avec une longue histoire et la trace des origines musicales iraniennes doit \u00eatre cherch\u00e9e dans ces airs.<\/p>\n","protected":false},"featured_media":232893,"comment_status":"open","ping_status":"closed","template":"","meta":{"_acf_changed":false},"product_brand":[],"product_cat":[778],"product_tag":[],"class_list":{"0":"post-232648","1":"product","2":"type-product","3":"status-publish","4":"has-post-thumbnail","6":"product_cat-music","8":"first","9":"instock","10":"shipping-taxable","11":"product-type-simple"},"acf":[],"yoast_head":"<!-- This site is optimized with the Yoast SEO Premium plugin v23.8 (Yoast SEO v24.1) - https:\/\/yoast.com\/wordpress\/plugins\/seo\/ -->\n<title>Introduction \u00e0 la musique folklorique (r\u00e9gionale) de l&#039;Iran<\/title>\n<meta name=\"robots\" content=\"index, follow, max-snippet:-1, max-image-preview:large, max-video-preview:-1\" \/>\n<link rel=\"canonical\" href=\"https:\/\/melalepersian.com\/fr\/product\/introduction-a-la-musique-folklorique-regionale-de-liran\/\" \/>\n<meta property=\"og:locale\" content=\"fr_FR\" \/>\n<meta property=\"og:type\" content=\"article\" \/>\n<meta property=\"og:title\" content=\"Introduction \u00e0 la musique folklorique (r\u00e9gionale) de l&#039;Iran\" \/>\n<meta property=\"og:description\" content=\"Le vaste territoire de l&#039;Iran abrite une vari\u00e9t\u00e9 de groupes ethniques, dont chacun poss\u00e8de une riche culture musicale. L\u2019ensemble de ces cultures forment le patrimoine color\u00e9 de la musique folklorique iranienne. Cette collection de la culture vocale iranienne porte des noms tels que la musique r\u00e9gionale, locale, indig\u00e8ne, r\u00e9gionale et folklorique ou la musique Maqami, avec une longue histoire et la trace des origines musicales iraniennes doit \u00eatre cherch\u00e9e dans ces airs.\" \/>\n<meta property=\"og:url\" content=\"https:\/\/melalepersian.com\/fr\/product\/introduction-a-la-musique-folklorique-regionale-de-liran\/\" \/>\n<meta property=\"og:site_name\" content=\"Centre \u00e9ducatif Nations Persanes - Centre de formation \u00e0 la culture et aux arts iraniens\" \/>\n<meta property=\"article:publisher\" content=\"https:\/\/www.facebook.com\/melalepersian\" \/>\n<meta property=\"article:modified_time\" content=\"2022-03-16T07:48:45+00:00\" \/>\n<meta property=\"og:image\" content=\"https:\/\/melalepersian.com\/fr\/wp-content\/uploads\/2022\/01\/\u0646\u0642\u0634\u0647-\u06af\u0631\u062f\u0634\u06af\u0631\u06cc-\u062a\u0627\u0631\u06cc\u062e\u06cc-\u062d\u0648\u0632\u0647-\u0627\u06cc\u0631\u0627\u0646-\u0628\u0632\u0631\u06af.webp\" \/>\n\t<meta property=\"og:image:width\" content=\"960\" \/>\n\t<meta property=\"og:image:height\" content=\"360\" \/>\n\t<meta property=\"og:image:type\" content=\"image\/webp\" \/>\n<meta name=\"twitter:card\" content=\"summary_large_image\" \/>\n<meta name=\"twitter:label1\" content=\"Prix\" \/>\n\t<meta name=\"twitter:data1\" content=\"\" \/>\n\t<meta name=\"twitter:label2\" content=\"Availability\" \/>\n\t<meta name=\"twitter:data2\" content=\"In stock\" \/>\n<script type=\"application\/ld+json\" class=\"yoast-schema-graph\">{\"@context\":\"https:\/\/schema.org\",\"@graph\":[{\"@type\":\"WebPage\",\"@id\":\"https:\/\/melalepersian.com\/fr\/product\/introduction-a-la-musique-folklorique-regionale-de-liran\/\",\"url\":\"https:\/\/melalepersian.com\/fr\/product\/introduction-a-la-musique-folklorique-regionale-de-liran\/\",\"name\":\"Introduction \u00e0 la musique folklorique (r\u00e9gionale) de l'Iran\",\"isPartOf\":{\"@id\":\"https:\/\/melalepersian.com\/fr\/#website\"},\"primaryImageOfPage\":{\"@id\":\"https:\/\/melalepersian.com\/fr\/product\/introduction-a-la-musique-folklorique-regionale-de-liran\/#primaryimage\"},\"image\":{\"@id\":\"https:\/\/melalepersian.com\/fr\/product\/introduction-a-la-musique-folklorique-regionale-de-liran\/#primaryimage\"},\"thumbnailUrl\":\"https:\/\/melalepersian.com\/fr\/wp-content\/uploads\/2022\/01\/\u0646\u0642\u0634\u0647-\u06af\u0631\u062f\u0634\u06af\u0631\u06cc-\u062a\u0627\u0631\u06cc\u062e\u06cc-\u062d\u0648\u0632\u0647-\u0627\u06cc\u0631\u0627\u0646-\u0628\u0632\u0631\u06af.webp\",\"datePublished\":\"2022-01-15T05:31:36+00:00\",\"dateModified\":\"2022-03-16T07:48:45+00:00\",\"breadcrumb\":{\"@id\":\"https:\/\/melalepersian.com\/fr\/product\/introduction-a-la-musique-folklorique-regionale-de-liran\/#breadcrumb\"},\"inLanguage\":\"fr-FR\",\"potentialAction\":[{\"@type\":\"ReadAction\",\"target\":[\"https:\/\/melalepersian.com\/fr\/product\/introduction-a-la-musique-folklorique-regionale-de-liran\/\"]}]},{\"@type\":\"ImageObject\",\"inLanguage\":\"fr-FR\",\"@id\":\"https:\/\/melalepersian.com\/fr\/product\/introduction-a-la-musique-folklorique-regionale-de-liran\/#primaryimage\",\"url\":\"https:\/\/melalepersian.com\/fr\/wp-content\/uploads\/2022\/01\/\u0646\u0642\u0634\u0647-\u06af\u0631\u062f\u0634\u06af\u0631\u06cc-\u062a\u0627\u0631\u06cc\u062e\u06cc-\u062d\u0648\u0632\u0647-\u0627\u06cc\u0631\u0627\u0646-\u0628\u0632\u0631\u06af.webp\",\"contentUrl\":\"https:\/\/melalepersian.com\/fr\/wp-content\/uploads\/2022\/01\/\u0646\u0642\u0634\u0647-\u06af\u0631\u062f\u0634\u06af\u0631\u06cc-\u062a\u0627\u0631\u06cc\u062e\u06cc-\u062d\u0648\u0632\u0647-\u0627\u06cc\u0631\u0627\u0646-\u0628\u0632\u0631\u06af.webp\",\"width\":960,\"height\":360,\"caption\":\"\u0646\u0642\u0634\u0647 \u06af\u0631\u062f\u0634\u06af\u0631\u06cc \u062a\u0627\u0631\u06cc\u062e\u06cc\u200c\u062d\u0648\u0632\u0647 \u0627\u06cc\u0631\u0627\u0646 \u0628\u0632\u0631\u06af\"},{\"@type\":\"BreadcrumbList\",\"@id\":\"https:\/\/melalepersian.com\/fr\/product\/introduction-a-la-musique-folklorique-regionale-de-liran\/#breadcrumb\",\"itemListElement\":[{\"@type\":\"ListItem\",\"position\":1,\"name\":\"\u062e\u0627\u0646\u0647\",\"item\":\"https:\/\/melalepersian.com\/fr\/\"},{\"@type\":\"ListItem\",\"position\":2,\"name\":\"Shop\",\"item\":\"https:\/\/melalepersian.com\/fr\/shop\/\"},{\"@type\":\"ListItem\",\"position\":3,\"name\":\"Introduction \u00e0 la musique folklorique (r\u00e9gionale) de l&#8217;Iran\"}]},{\"@type\":\"WebSite\",\"@id\":\"https:\/\/melalepersian.com\/fr\/#website\",\"url\":\"https:\/\/melalepersian.com\/fr\/\",\"name\":\"Centre \u00e9ducatif Nations Persanes - Centre de formation \u00e0 la culture et aux arts iraniens\",\"description\":\"Formation en litt\u00e9rature, langue, musique, architecture et tourisme de la terre d&#039;Iran\",\"publisher\":{\"@id\":\"https:\/\/melalepersian.com\/fr\/#organization\"},\"potentialAction\":[{\"@type\":\"SearchAction\",\"target\":{\"@type\":\"EntryPoint\",\"urlTemplate\":\"https:\/\/melalepersian.com\/fr\/?s={search_term_string}\"},\"query-input\":{\"@type\":\"PropertyValueSpecification\",\"valueRequired\":true,\"valueName\":\"search_term_string\"}}],\"inLanguage\":\"fr-FR\"},{\"@type\":\"Organization\",\"@id\":\"https:\/\/melalepersian.com\/fr\/#organization\",\"name\":\"Melale International Educational Complex\",\"url\":\"https:\/\/melalepersian.com\/fr\/\",\"logo\":{\"@type\":\"ImageObject\",\"inLanguage\":\"fr-FR\",\"@id\":\"https:\/\/melalepersian.com\/fr\/#\/schema\/logo\/image\/\",\"url\":\"https:\/\/melalepersian.com\/wp-content\/uploads\/2022\/02\/melalepersian-logo-500.svg\",\"contentUrl\":\"https:\/\/melalepersian.com\/wp-content\/uploads\/2022\/02\/melalepersian-logo-500.svg\",\"width\":676,\"height\":491,\"caption\":\"Melale International Educational Complex\"},\"image\":{\"@id\":\"https:\/\/melalepersian.com\/fr\/#\/schema\/logo\/image\/\"},\"sameAs\":[\"https:\/\/www.facebook.com\/melalepersian\",\"https:\/\/www.linkedin.com\/company\/melalepersian\/\",\"https:\/\/www.instagram.com\/melalepersian\/\"],\"description\":\"MelalePersian is the biggest online and offline shop for learning language, literature, architecture, and art of rich Persian heritage. With the aim of promoting and obtaining cultural interactions. The services have vast and divergence provided for interested individuals with considering to highest quality. This international, Iranian-French, company is trying to be the best representative of Iranian artistic works around the world.\",\"email\":\"info@melalepersian.com\",\"legalName\":\"MelalePersian\",\"foundingDate\":\"2020-07-23\",\"numberOfEmployees\":{\"@type\":\"QuantitativeValue\",\"minValue\":\"11\",\"maxValue\":\"50\"}}]}<\/script>\n<meta property=\"product:price:amount\" content=\"0\" \/>\n<meta property=\"product:price:currency\" content=\"USD\" \/>\n<meta property=\"og:availability\" content=\"instock\" \/>\n<meta property=\"product:availability\" content=\"instock\" \/>\n<meta property=\"product:condition\" content=\"new\" \/>\n<!-- \/ Yoast SEO Premium plugin. -->","yoast_head_json":{"title":"Introduction \u00e0 la musique folklorique (r\u00e9gionale) de l'Iran","robots":{"index":"index","follow":"follow","max-snippet":"max-snippet:-1","max-image-preview":"max-image-preview:large","max-video-preview":"max-video-preview:-1"},"canonical":"https:\/\/melalepersian.com\/fr\/product\/introduction-a-la-musique-folklorique-regionale-de-liran\/","og_locale":"fr_FR","og_type":"article","og_title":"Introduction \u00e0 la musique folklorique (r\u00e9gionale) de l'Iran","og_description":"Le vaste territoire de l'Iran abrite une vari\u00e9t\u00e9 de groupes ethniques, dont chacun poss\u00e8de une riche culture musicale. L\u2019ensemble de ces cultures forment le patrimoine color\u00e9 de la musique folklorique iranienne. Cette collection de la culture vocale iranienne porte des noms tels que la musique r\u00e9gionale, locale, indig\u00e8ne, r\u00e9gionale et folklorique ou la musique Maqami, avec une longue histoire et la trace des origines musicales iraniennes doit \u00eatre cherch\u00e9e dans ces airs.","og_url":"https:\/\/melalepersian.com\/fr\/product\/introduction-a-la-musique-folklorique-regionale-de-liran\/","og_site_name":"Centre \u00e9ducatif Nations Persanes - Centre de formation \u00e0 la culture et aux arts iraniens","article_publisher":"https:\/\/www.facebook.com\/melalepersian","article_modified_time":"2022-03-16T07:48:45+00:00","og_image":[{"width":960,"height":360,"url":"https:\/\/melalepersian.com\/fr\/wp-content\/uploads\/2022\/01\/\u0646\u0642\u0634\u0647-\u06af\u0631\u062f\u0634\u06af\u0631\u06cc-\u062a\u0627\u0631\u06cc\u062e\u06cc-\u062d\u0648\u0632\u0647-\u0627\u06cc\u0631\u0627\u0646-\u0628\u0632\u0631\u06af.webp","type":"image\/webp"}],"twitter_card":"summary_large_image","twitter_misc":{"Prix":"","Availability":"In stock"},"schema":{"@context":"https:\/\/schema.org","@graph":[{"@type":"WebPage","@id":"https:\/\/melalepersian.com\/fr\/product\/introduction-a-la-musique-folklorique-regionale-de-liran\/","url":"https:\/\/melalepersian.com\/fr\/product\/introduction-a-la-musique-folklorique-regionale-de-liran\/","name":"Introduction \u00e0 la musique folklorique (r\u00e9gionale) de l'Iran","isPartOf":{"@id":"https:\/\/melalepersian.com\/fr\/#website"},"primaryImageOfPage":{"@id":"https:\/\/melalepersian.com\/fr\/product\/introduction-a-la-musique-folklorique-regionale-de-liran\/#primaryimage"},"image":{"@id":"https:\/\/melalepersian.com\/fr\/product\/introduction-a-la-musique-folklorique-regionale-de-liran\/#primaryimage"},"thumbnailUrl":"https:\/\/melalepersian.com\/fr\/wp-content\/uploads\/2022\/01\/\u0646\u0642\u0634\u0647-\u06af\u0631\u062f\u0634\u06af\u0631\u06cc-\u062a\u0627\u0631\u06cc\u062e\u06cc-\u062d\u0648\u0632\u0647-\u0627\u06cc\u0631\u0627\u0646-\u0628\u0632\u0631\u06af.webp","datePublished":"2022-01-15T05:31:36+00:00","dateModified":"2022-03-16T07:48:45+00:00","breadcrumb":{"@id":"https:\/\/melalepersian.com\/fr\/product\/introduction-a-la-musique-folklorique-regionale-de-liran\/#breadcrumb"},"inLanguage":"fr-FR","potentialAction":[{"@type":"ReadAction","target":["https:\/\/melalepersian.com\/fr\/product\/introduction-a-la-musique-folklorique-regionale-de-liran\/"]}]},{"@type":"ImageObject","inLanguage":"fr-FR","@id":"https:\/\/melalepersian.com\/fr\/product\/introduction-a-la-musique-folklorique-regionale-de-liran\/#primaryimage","url":"https:\/\/melalepersian.com\/fr\/wp-content\/uploads\/2022\/01\/\u0646\u0642\u0634\u0647-\u06af\u0631\u062f\u0634\u06af\u0631\u06cc-\u062a\u0627\u0631\u06cc\u062e\u06cc-\u062d\u0648\u0632\u0647-\u0627\u06cc\u0631\u0627\u0646-\u0628\u0632\u0631\u06af.webp","contentUrl":"https:\/\/melalepersian.com\/fr\/wp-content\/uploads\/2022\/01\/\u0646\u0642\u0634\u0647-\u06af\u0631\u062f\u0634\u06af\u0631\u06cc-\u062a\u0627\u0631\u06cc\u062e\u06cc-\u062d\u0648\u0632\u0647-\u0627\u06cc\u0631\u0627\u0646-\u0628\u0632\u0631\u06af.webp","width":960,"height":360,"caption":"\u0646\u0642\u0634\u0647 \u06af\u0631\u062f\u0634\u06af\u0631\u06cc \u062a\u0627\u0631\u06cc\u062e\u06cc\u200c\u062d\u0648\u0632\u0647 \u0627\u06cc\u0631\u0627\u0646 \u0628\u0632\u0631\u06af"},{"@type":"BreadcrumbList","@id":"https:\/\/melalepersian.com\/fr\/product\/introduction-a-la-musique-folklorique-regionale-de-liran\/#breadcrumb","itemListElement":[{"@type":"ListItem","position":1,"name":"\u062e\u0627\u0646\u0647","item":"https:\/\/melalepersian.com\/fr\/"},{"@type":"ListItem","position":2,"name":"Shop","item":"https:\/\/melalepersian.com\/fr\/shop\/"},{"@type":"ListItem","position":3,"name":"Introduction \u00e0 la musique folklorique (r\u00e9gionale) de l&#8217;Iran"}]},{"@type":"WebSite","@id":"https:\/\/melalepersian.com\/fr\/#website","url":"https:\/\/melalepersian.com\/fr\/","name":"Centre \u00e9ducatif Nations Persanes - Centre de formation \u00e0 la culture et aux arts iraniens","description":"Formation en litt\u00e9rature, langue, musique, architecture et tourisme de la terre d&#039;Iran","publisher":{"@id":"https:\/\/melalepersian.com\/fr\/#organization"},"potentialAction":[{"@type":"SearchAction","target":{"@type":"EntryPoint","urlTemplate":"https:\/\/melalepersian.com\/fr\/?s={search_term_string}"},"query-input":{"@type":"PropertyValueSpecification","valueRequired":true,"valueName":"search_term_string"}}],"inLanguage":"fr-FR"},{"@type":"Organization","@id":"https:\/\/melalepersian.com\/fr\/#organization","name":"Melale International Educational Complex","url":"https:\/\/melalepersian.com\/fr\/","logo":{"@type":"ImageObject","inLanguage":"fr-FR","@id":"https:\/\/melalepersian.com\/fr\/#\/schema\/logo\/image\/","url":"https:\/\/melalepersian.com\/wp-content\/uploads\/2022\/02\/melalepersian-logo-500.svg","contentUrl":"https:\/\/melalepersian.com\/wp-content\/uploads\/2022\/02\/melalepersian-logo-500.svg","width":676,"height":491,"caption":"Melale International Educational Complex"},"image":{"@id":"https:\/\/melalepersian.com\/fr\/#\/schema\/logo\/image\/"},"sameAs":["https:\/\/www.facebook.com\/melalepersian","https:\/\/www.linkedin.com\/company\/melalepersian\/","https:\/\/www.instagram.com\/melalepersian\/"],"description":"MelalePersian is the biggest online and offline shop for learning language, literature, architecture, and art of rich Persian heritage. With the aim of promoting and obtaining cultural interactions. The services have vast and divergence provided for interested individuals with considering to highest quality. This international, Iranian-French, company is trying to be the best representative of Iranian artistic works around the world.","email":"info@melalepersian.com","legalName":"MelalePersian","foundingDate":"2020-07-23","numberOfEmployees":{"@type":"QuantitativeValue","minValue":"11","maxValue":"50"}}]},"product_price_currency":"USD","og_availability":"instock","product_availability":"instock","product_condition":"new"},"_links":{"self":[{"href":"https:\/\/melalepersian.com\/fr\/wp-json\/wp\/v2\/product\/232648","targetHints":{"allow":["GET"]}}],"collection":[{"href":"https:\/\/melalepersian.com\/fr\/wp-json\/wp\/v2\/product"}],"about":[{"href":"https:\/\/melalepersian.com\/fr\/wp-json\/wp\/v2\/types\/product"}],"replies":[{"embeddable":true,"href":"https:\/\/melalepersian.com\/fr\/wp-json\/wp\/v2\/comments?post=232648"}],"version-history":[{"count":0,"href":"https:\/\/melalepersian.com\/fr\/wp-json\/wp\/v2\/product\/232648\/revisions"}],"wp:featuredmedia":[{"embeddable":true,"href":"https:\/\/melalepersian.com\/fr\/wp-json\/wp\/v2\/media\/232893"}],"wp:attachment":[{"href":"https:\/\/melalepersian.com\/fr\/wp-json\/wp\/v2\/media?parent=232648"}],"wp:term":[{"taxonomy":"product_brand","embeddable":true,"href":"https:\/\/melalepersian.com\/fr\/wp-json\/wp\/v2\/product_brand?post=232648"},{"taxonomy":"product_cat","embeddable":true,"href":"https:\/\/melalepersian.com\/fr\/wp-json\/wp\/v2\/product_cat?post=232648"},{"taxonomy":"product_tag","embeddable":true,"href":"https:\/\/melalepersian.com\/fr\/wp-json\/wp\/v2\/product_tag?post=232648"}],"curies":[{"name":"wp","href":"https:\/\/api.w.org\/{rel}","templated":true}]}}