{"id":232642,"date":"2022-01-12T13:03:52","date_gmt":"2022-01-12T09:24:48","guid":{"rendered":"https:\/\/melalepersian.com\/?post_type=product&#038;p=232642"},"modified":"2025-01-19T08:40:15","modified_gmt":"2025-01-19T05:10:15","slug":"persane-juridique","status":"publish","type":"product","link":"https:\/\/melalepersian.com\/fr\/product\/persane-juridique\/","title":{"rendered":"Enseignement en ligne de la langue persane avec les objectifs sp\u00e9cifiques (juridiqes)"},"content":{"rendered":"","protected":false},"excerpt":{"rendered":"<p>En raison du style particulier des textes et des documents juridiques, la compr\u00e9hension du langage juridique est tr\u00e8s importante. Dans notre \u00e9tablissement, nous avons con\u00e7u des cours de la langue persane juridique qui s&rsquo;adressent \u00e0 ceux qui, ayant un niveau interm\u00e9diaire, ont besoin de comprendre le langage juridique.<\/p>\n","protected":false},"featured_media":237210,"comment_status":"open","ping_status":"closed","template":"","meta":{"_acf_changed":false},"product_brand":[],"product_cat":[799],"product_tag":[],"class_list":{"0":"post-232642","1":"product","2":"type-product","3":"status-publish","4":"has-post-thumbnail","6":"product_cat-enseignement-de-la-langue-persane","8":"first","9":"instock","10":"sale","11":"shipping-taxable","12":"purchasable","13":"product-type-simple"},"acf":[],"yoast_head":"<!-- This site is optimized with the Yoast SEO Premium plugin v23.8 (Yoast SEO v24.1) - https:\/\/yoast.com\/wordpress\/plugins\/seo\/ -->\n<title>Enseignement en ligne de la langue persane avec les objectifs sp\u00e9cifiques (juridiqes)<\/title>\n<meta name=\"robots\" content=\"index, follow, max-snippet:-1, max-image-preview:large, max-video-preview:-1\" \/>\n<link rel=\"canonical\" href=\"https:\/\/melalepersian.com\/fr\/product\/persane-juridique\/\" \/>\n<meta property=\"og:locale\" content=\"fr_FR\" \/>\n<meta property=\"og:type\" content=\"article\" \/>\n<meta property=\"og:title\" content=\"Enseignement en ligne de la langue persane avec les objectifs sp\u00e9cifiques (juridiqes)\" \/>\n<meta property=\"og:description\" content=\"En raison du style particulier des textes et des documents juridiques, la compr\u00e9hension du langage juridique est tr\u00e8s importante. Dans notre \u00e9tablissement, nous avons con\u00e7u des cours de la langue persane juridique qui s&#039;adressent \u00e0 ceux qui, ayant un niveau interm\u00e9diaire, ont besoin de comprendre le langage juridique.\" \/>\n<meta property=\"og:url\" content=\"https:\/\/melalepersian.com\/fr\/product\/persane-juridique\/\" \/>\n<meta property=\"og:site_name\" content=\"Centre \u00e9ducatif Nations Persanes - Centre de formation \u00e0 la culture et aux arts iraniens\" \/>\n<meta property=\"article:publisher\" content=\"https:\/\/www.facebook.com\/melalepersian\" \/>\n<meta property=\"article:modified_time\" content=\"2025-01-19T05:10:15+00:00\" \/>\n<meta property=\"og:image\" content=\"https:\/\/melalepersian.com\/fr\/wp-content\/uploads\/2022\/01\/Enseignement-en-ligne-de-la-langue-persane-avec-les-objectifs-specifiques-juridiqes.jpg\" \/>\n\t<meta property=\"og:image:width\" content=\"1200\" \/>\n\t<meta property=\"og:image:height\" content=\"800\" \/>\n\t<meta property=\"og:image:type\" content=\"image\/jpeg\" \/>\n<meta name=\"twitter:card\" content=\"summary_large_image\" \/>\n<meta name=\"twitter:label1\" content=\"Prix\" \/>\n\t<meta name=\"twitter:data1\" content=\"&#036;840 Le prix initial \u00e9tait\u00a0: &#036;840.&#036;770Le prix actuel est\u00a0: &#036;770.\" \/>\n\t<meta name=\"twitter:label2\" content=\"Availability\" \/>\n\t<meta name=\"twitter:data2\" content=\"In stock\" \/>\n<script type=\"application\/ld+json\" class=\"yoast-schema-graph\">{\"@context\":\"https:\/\/schema.org\",\"@graph\":[{\"@type\":\"WebPage\",\"@id\":\"https:\/\/melalepersian.com\/fr\/product\/persane-juridique\/\",\"url\":\"https:\/\/melalepersian.com\/fr\/product\/persane-juridique\/\",\"name\":\"Enseignement en ligne de la langue persane avec les objectifs sp\u00e9cifiques (juridiqes)\",\"isPartOf\":{\"@id\":\"https:\/\/melalepersian.com\/fr\/#website\"},\"primaryImageOfPage\":{\"@id\":\"https:\/\/melalepersian.com\/fr\/product\/persane-juridique\/#primaryimage\"},\"image\":{\"@id\":\"https:\/\/melalepersian.com\/fr\/product\/persane-juridique\/#primaryimage\"},\"thumbnailUrl\":\"https:\/\/melalepersian.com\/fr\/wp-content\/uploads\/2022\/01\/Enseignement-en-ligne-de-la-langue-persane-avec-les-objectifs-specifiques-juridiqes.jpg\",\"datePublished\":\"2022-01-12T09:24:48+00:00\",\"dateModified\":\"2025-01-19T05:10:15+00:00\",\"breadcrumb\":{\"@id\":\"https:\/\/melalepersian.com\/fr\/product\/persane-juridique\/#breadcrumb\"},\"inLanguage\":\"fr-FR\",\"potentialAction\":[{\"@type\":\"ReadAction\",\"target\":[\"https:\/\/melalepersian.com\/fr\/product\/persane-juridique\/\"]}]},{\"@type\":\"ImageObject\",\"inLanguage\":\"fr-FR\",\"@id\":\"https:\/\/melalepersian.com\/fr\/product\/persane-juridique\/#primaryimage\",\"url\":\"https:\/\/melalepersian.com\/fr\/wp-content\/uploads\/2022\/01\/Enseignement-en-ligne-de-la-langue-persane-avec-les-objectifs-specifiques-juridiqes.jpg\",\"contentUrl\":\"https:\/\/melalepersian.com\/fr\/wp-content\/uploads\/2022\/01\/Enseignement-en-ligne-de-la-langue-persane-avec-les-objectifs-specifiques-juridiqes.jpg\",\"width\":1200,\"height\":800},{\"@type\":\"BreadcrumbList\",\"@id\":\"https:\/\/melalepersian.com\/fr\/product\/persane-juridique\/#breadcrumb\",\"itemListElement\":[{\"@type\":\"ListItem\",\"position\":1,\"name\":\"\u062e\u0627\u0646\u0647\",\"item\":\"https:\/\/melalepersian.com\/fr\/\"},{\"@type\":\"ListItem\",\"position\":2,\"name\":\"Shop\",\"item\":\"https:\/\/melalepersian.com\/fr\/shop\/\"},{\"@type\":\"ListItem\",\"position\":3,\"name\":\"Enseignement en ligne de la langue persane avec les objectifs sp\u00e9cifiques (juridiqes)\"}]},{\"@type\":\"WebSite\",\"@id\":\"https:\/\/melalepersian.com\/fr\/#website\",\"url\":\"https:\/\/melalepersian.com\/fr\/\",\"name\":\"Centre \u00e9ducatif Nations Persanes - Centre de formation \u00e0 la culture et aux arts iraniens\",\"description\":\"Formation en litt\u00e9rature, langue, musique, architecture et tourisme de la terre d&#039;Iran\",\"publisher\":{\"@id\":\"https:\/\/melalepersian.com\/fr\/#organization\"},\"potentialAction\":[{\"@type\":\"SearchAction\",\"target\":{\"@type\":\"EntryPoint\",\"urlTemplate\":\"https:\/\/melalepersian.com\/fr\/?s={search_term_string}\"},\"query-input\":{\"@type\":\"PropertyValueSpecification\",\"valueRequired\":true,\"valueName\":\"search_term_string\"}}],\"inLanguage\":\"fr-FR\"},{\"@type\":\"Organization\",\"@id\":\"https:\/\/melalepersian.com\/fr\/#organization\",\"name\":\"Melale International Educational Complex\",\"url\":\"https:\/\/melalepersian.com\/fr\/\",\"logo\":{\"@type\":\"ImageObject\",\"inLanguage\":\"fr-FR\",\"@id\":\"https:\/\/melalepersian.com\/fr\/#\/schema\/logo\/image\/\",\"url\":\"https:\/\/melalepersian.com\/wp-content\/uploads\/2022\/02\/melalepersian-logo-500.svg\",\"contentUrl\":\"https:\/\/melalepersian.com\/wp-content\/uploads\/2022\/02\/melalepersian-logo-500.svg\",\"width\":676,\"height\":491,\"caption\":\"Melale International Educational Complex\"},\"image\":{\"@id\":\"https:\/\/melalepersian.com\/fr\/#\/schema\/logo\/image\/\"},\"sameAs\":[\"https:\/\/www.facebook.com\/melalepersian\",\"https:\/\/www.linkedin.com\/company\/melalepersian\/\",\"https:\/\/www.instagram.com\/melalepersian\/\"],\"description\":\"MelalePersian is the biggest online and offline shop for learning language, literature, architecture, and art of rich Persian heritage. With the aim of promoting and obtaining cultural interactions. The services have vast and divergence provided for interested individuals with considering to highest quality. This international, Iranian-French, company is trying to be the best representative of Iranian artistic works around the world.\",\"email\":\"info@melalepersian.com\",\"legalName\":\"MelalePersian\",\"foundingDate\":\"2020-07-23\",\"numberOfEmployees\":{\"@type\":\"QuantitativeValue\",\"minValue\":\"11\",\"maxValue\":\"50\"}}]}<\/script>\n<meta property=\"product:price:amount\" content=\"770\" \/>\n<meta property=\"product:price:currency\" content=\"USD\" \/>\n<meta property=\"og:availability\" content=\"instock\" \/>\n<meta property=\"product:availability\" content=\"instock\" \/>\n<meta property=\"product:condition\" content=\"new\" \/>\n<!-- \/ Yoast SEO Premium plugin. -->","yoast_head_json":{"title":"Enseignement en ligne de la langue persane avec les objectifs sp\u00e9cifiques (juridiqes)","robots":{"index":"index","follow":"follow","max-snippet":"max-snippet:-1","max-image-preview":"max-image-preview:large","max-video-preview":"max-video-preview:-1"},"canonical":"https:\/\/melalepersian.com\/fr\/product\/persane-juridique\/","og_locale":"fr_FR","og_type":"article","og_title":"Enseignement en ligne de la langue persane avec les objectifs sp\u00e9cifiques (juridiqes)","og_description":"En raison du style particulier des textes et des documents juridiques, la compr\u00e9hension du langage juridique est tr\u00e8s importante. Dans notre \u00e9tablissement, nous avons con\u00e7u des cours de la langue persane juridique qui s'adressent \u00e0 ceux qui, ayant un niveau interm\u00e9diaire, ont besoin de comprendre le langage juridique.","og_url":"https:\/\/melalepersian.com\/fr\/product\/persane-juridique\/","og_site_name":"Centre \u00e9ducatif Nations Persanes - Centre de formation \u00e0 la culture et aux arts iraniens","article_publisher":"https:\/\/www.facebook.com\/melalepersian","article_modified_time":"2025-01-19T05:10:15+00:00","og_image":[{"width":1200,"height":800,"url":"https:\/\/melalepersian.com\/fr\/wp-content\/uploads\/2022\/01\/Enseignement-en-ligne-de-la-langue-persane-avec-les-objectifs-specifiques-juridiqes.jpg","type":"image\/jpeg"}],"twitter_card":"summary_large_image","twitter_misc":{"Prix":"&#36;840 Le prix initial \u00e9tait\u00a0: &#036;840.&#36;770Le prix actuel est\u00a0: &#036;770.","Availability":"In stock"},"schema":{"@context":"https:\/\/schema.org","@graph":[{"@type":"WebPage","@id":"https:\/\/melalepersian.com\/fr\/product\/persane-juridique\/","url":"https:\/\/melalepersian.com\/fr\/product\/persane-juridique\/","name":"Enseignement en ligne de la langue persane avec les objectifs sp\u00e9cifiques (juridiqes)","isPartOf":{"@id":"https:\/\/melalepersian.com\/fr\/#website"},"primaryImageOfPage":{"@id":"https:\/\/melalepersian.com\/fr\/product\/persane-juridique\/#primaryimage"},"image":{"@id":"https:\/\/melalepersian.com\/fr\/product\/persane-juridique\/#primaryimage"},"thumbnailUrl":"https:\/\/melalepersian.com\/fr\/wp-content\/uploads\/2022\/01\/Enseignement-en-ligne-de-la-langue-persane-avec-les-objectifs-specifiques-juridiqes.jpg","datePublished":"2022-01-12T09:24:48+00:00","dateModified":"2025-01-19T05:10:15+00:00","breadcrumb":{"@id":"https:\/\/melalepersian.com\/fr\/product\/persane-juridique\/#breadcrumb"},"inLanguage":"fr-FR","potentialAction":[{"@type":"ReadAction","target":["https:\/\/melalepersian.com\/fr\/product\/persane-juridique\/"]}]},{"@type":"ImageObject","inLanguage":"fr-FR","@id":"https:\/\/melalepersian.com\/fr\/product\/persane-juridique\/#primaryimage","url":"https:\/\/melalepersian.com\/fr\/wp-content\/uploads\/2022\/01\/Enseignement-en-ligne-de-la-langue-persane-avec-les-objectifs-specifiques-juridiqes.jpg","contentUrl":"https:\/\/melalepersian.com\/fr\/wp-content\/uploads\/2022\/01\/Enseignement-en-ligne-de-la-langue-persane-avec-les-objectifs-specifiques-juridiqes.jpg","width":1200,"height":800},{"@type":"BreadcrumbList","@id":"https:\/\/melalepersian.com\/fr\/product\/persane-juridique\/#breadcrumb","itemListElement":[{"@type":"ListItem","position":1,"name":"\u062e\u0627\u0646\u0647","item":"https:\/\/melalepersian.com\/fr\/"},{"@type":"ListItem","position":2,"name":"Shop","item":"https:\/\/melalepersian.com\/fr\/shop\/"},{"@type":"ListItem","position":3,"name":"Enseignement en ligne de la langue persane avec les objectifs sp\u00e9cifiques (juridiqes)"}]},{"@type":"WebSite","@id":"https:\/\/melalepersian.com\/fr\/#website","url":"https:\/\/melalepersian.com\/fr\/","name":"Centre \u00e9ducatif Nations Persanes - Centre de formation \u00e0 la culture et aux arts iraniens","description":"Formation en litt\u00e9rature, langue, musique, architecture et tourisme de la terre d&#039;Iran","publisher":{"@id":"https:\/\/melalepersian.com\/fr\/#organization"},"potentialAction":[{"@type":"SearchAction","target":{"@type":"EntryPoint","urlTemplate":"https:\/\/melalepersian.com\/fr\/?s={search_term_string}"},"query-input":{"@type":"PropertyValueSpecification","valueRequired":true,"valueName":"search_term_string"}}],"inLanguage":"fr-FR"},{"@type":"Organization","@id":"https:\/\/melalepersian.com\/fr\/#organization","name":"Melale International Educational Complex","url":"https:\/\/melalepersian.com\/fr\/","logo":{"@type":"ImageObject","inLanguage":"fr-FR","@id":"https:\/\/melalepersian.com\/fr\/#\/schema\/logo\/image\/","url":"https:\/\/melalepersian.com\/wp-content\/uploads\/2022\/02\/melalepersian-logo-500.svg","contentUrl":"https:\/\/melalepersian.com\/wp-content\/uploads\/2022\/02\/melalepersian-logo-500.svg","width":676,"height":491,"caption":"Melale International Educational Complex"},"image":{"@id":"https:\/\/melalepersian.com\/fr\/#\/schema\/logo\/image\/"},"sameAs":["https:\/\/www.facebook.com\/melalepersian","https:\/\/www.linkedin.com\/company\/melalepersian\/","https:\/\/www.instagram.com\/melalepersian\/"],"description":"MelalePersian is the biggest online and offline shop for learning language, literature, architecture, and art of rich Persian heritage. With the aim of promoting and obtaining cultural interactions. The services have vast and divergence provided for interested individuals with considering to highest quality. This international, Iranian-French, company is trying to be the best representative of Iranian artistic works around the world.","email":"info@melalepersian.com","legalName":"MelalePersian","foundingDate":"2020-07-23","numberOfEmployees":{"@type":"QuantitativeValue","minValue":"11","maxValue":"50"}}]},"product_price_amount":"770","product_price_currency":"USD","og_availability":"instock","product_availability":"instock","product_condition":"new"},"_links":{"self":[{"href":"https:\/\/melalepersian.com\/fr\/wp-json\/wp\/v2\/product\/232642","targetHints":{"allow":["GET"]}}],"collection":[{"href":"https:\/\/melalepersian.com\/fr\/wp-json\/wp\/v2\/product"}],"about":[{"href":"https:\/\/melalepersian.com\/fr\/wp-json\/wp\/v2\/types\/product"}],"replies":[{"embeddable":true,"href":"https:\/\/melalepersian.com\/fr\/wp-json\/wp\/v2\/comments?post=232642"}],"version-history":[{"count":1,"href":"https:\/\/melalepersian.com\/fr\/wp-json\/wp\/v2\/product\/232642\/revisions"}],"predecessor-version":[{"id":237211,"href":"https:\/\/melalepersian.com\/fr\/wp-json\/wp\/v2\/product\/232642\/revisions\/237211"}],"wp:featuredmedia":[{"embeddable":true,"href":"https:\/\/melalepersian.com\/fr\/wp-json\/wp\/v2\/media\/237210"}],"wp:attachment":[{"href":"https:\/\/melalepersian.com\/fr\/wp-json\/wp\/v2\/media?parent=232642"}],"wp:term":[{"taxonomy":"product_brand","embeddable":true,"href":"https:\/\/melalepersian.com\/fr\/wp-json\/wp\/v2\/product_brand?post=232642"},{"taxonomy":"product_cat","embeddable":true,"href":"https:\/\/melalepersian.com\/fr\/wp-json\/wp\/v2\/product_cat?post=232642"},{"taxonomy":"product_tag","embeddable":true,"href":"https:\/\/melalepersian.com\/fr\/wp-json\/wp\/v2\/product_tag?post=232642"}],"curies":[{"name":"wp","href":"https:\/\/api.w.org\/{rel}","templated":true}]}}