{"id":232634,"date":"2021-12-10T12:25:25","date_gmt":"2022-01-29T08:43:00","guid":{"rendered":"https:\/\/melalepersian.com\/?post_type=product&#038;p=232634"},"modified":"2025-01-18T13:21:43","modified_gmt":"2025-01-18T09:51:43","slug":"enseignement-en-ligne-de-la-langue-persane","status":"publish","type":"product","link":"https:\/\/melalepersian.com\/fr\/product\/enseignement-en-ligne-de-la-langue-persane\/","title":{"rendered":"Enseignement en ligne de la langue persane (5 \u00e0 7 ans)"},"content":{"rendered":"","protected":false},"excerpt":{"rendered":"<p>L\u2019apprentissage d\u2019une deuxi\u00e8me langue doit \u00eatre comme celui de la premi\u00e8re langue. Par cons\u00e9quent, dans ce cours, nous renfor\u00e7ons les comp\u00e9tences de compr\u00e9hension orale et d&rsquo;expression orale de l&rsquo;apprenant en utilisant des jeux et des m\u00e9thodes implicites Pour ceux qui souhaitent participer \u00e0 ces cours, nous avons envisag\u00e9 une s\u00e9ance de conseil gratuite afin de pr\u00e9ciser le niveau de langue, les besoins, le nombre et les horaires des s\u00e9ances n\u00e9cessaires.<\/p>\n","protected":false},"featured_media":237201,"comment_status":"open","ping_status":"closed","template":"","meta":{"_acf_changed":false},"product_brand":[],"product_cat":[792],"product_tag":[],"class_list":{"0":"post-232634","1":"product","2":"type-product","3":"status-publish","4":"has-post-thumbnail","6":"product_cat-enseignement-de-la-langue-persane-enfants","8":"first","9":"instock","10":"sale","11":"shipping-taxable","12":"purchasable","13":"product-type-variable"},"acf":[],"yoast_head":"<!-- This site is optimized with the Yoast SEO Premium plugin v23.8 (Yoast SEO v24.1) - https:\/\/yoast.com\/wordpress\/plugins\/seo\/ -->\n<title>Enseignement en ligne de la langue persane (5 \u00e0 7 ans)<\/title>\n<meta name=\"robots\" content=\"index, follow, max-snippet:-1, max-image-preview:large, max-video-preview:-1\" \/>\n<link rel=\"canonical\" href=\"https:\/\/melalepersian.com\/fr\/product\/enseignement-en-ligne-de-la-langue-persane\/\" \/>\n<meta property=\"og:locale\" content=\"fr_FR\" \/>\n<meta property=\"og:type\" content=\"article\" \/>\n<meta property=\"og:title\" content=\"Enseignement en ligne de la langue persane (5 \u00e0 7 ans)\" \/>\n<meta property=\"og:description\" content=\"L\u2019apprentissage d\u2019une deuxi\u00e8me langue doit \u00eatre comme celui de la premi\u00e8re langue. Par cons\u00e9quent, dans ce cours, nous renfor\u00e7ons les comp\u00e9tences de compr\u00e9hension orale et d&#039;expression orale de l&#039;apprenant en utilisant des jeux et des m\u00e9thodes implicites Pour ceux qui souhaitent participer \u00e0 ces cours, nous avons envisag\u00e9 une s\u00e9ance de conseil gratuite afin de pr\u00e9ciser le niveau de langue, les besoins, le nombre et les horaires des s\u00e9ances n\u00e9cessaires.\" \/>\n<meta property=\"og:url\" content=\"https:\/\/melalepersian.com\/fr\/product\/enseignement-en-ligne-de-la-langue-persane\/\" \/>\n<meta property=\"og:site_name\" content=\"Centre \u00e9ducatif Nations Persanes - Centre de formation \u00e0 la culture et aux arts iraniens\" \/>\n<meta property=\"article:publisher\" content=\"https:\/\/www.facebook.com\/melalepersian\" \/>\n<meta property=\"article:modified_time\" content=\"2025-01-18T09:51:43+00:00\" \/>\n<meta property=\"og:image\" content=\"https:\/\/melalepersian.com\/fr\/wp-content\/uploads\/2021\/12\/schoolchilds-distance-education-having-online-lesson.jpg\" \/>\n\t<meta property=\"og:image:width\" content=\"1200\" \/>\n\t<meta property=\"og:image:height\" content=\"800\" \/>\n\t<meta property=\"og:image:type\" content=\"image\/jpeg\" \/>\n<meta name=\"twitter:card\" content=\"summary_large_image\" \/>\n<meta name=\"twitter:label1\" content=\"Availability\" \/>\n\t<meta name=\"twitter:data1\" content=\"In stock\" \/>\n<script type=\"application\/ld+json\" class=\"yoast-schema-graph\">{\"@context\":\"https:\/\/schema.org\",\"@graph\":[{\"@type\":\"WebPage\",\"@id\":\"https:\/\/melalepersian.com\/fr\/product\/enseignement-en-ligne-de-la-langue-persane\/\",\"url\":\"https:\/\/melalepersian.com\/fr\/product\/enseignement-en-ligne-de-la-langue-persane\/\",\"name\":\"Enseignement en ligne de la langue persane (5 \u00e0 7 ans)\",\"isPartOf\":{\"@id\":\"https:\/\/melalepersian.com\/fr\/#website\"},\"primaryImageOfPage\":{\"@id\":\"https:\/\/melalepersian.com\/fr\/product\/enseignement-en-ligne-de-la-langue-persane\/#primaryimage\"},\"image\":{\"@id\":\"https:\/\/melalepersian.com\/fr\/product\/enseignement-en-ligne-de-la-langue-persane\/#primaryimage\"},\"thumbnailUrl\":\"https:\/\/melalepersian.com\/fr\/wp-content\/uploads\/2021\/12\/schoolchilds-distance-education-having-online-lesson.jpg\",\"datePublished\":\"2022-01-29T08:43:00+00:00\",\"dateModified\":\"2025-01-18T09:51:43+00:00\",\"breadcrumb\":{\"@id\":\"https:\/\/melalepersian.com\/fr\/product\/enseignement-en-ligne-de-la-langue-persane\/#breadcrumb\"},\"inLanguage\":\"fr-FR\",\"potentialAction\":[{\"@type\":\"ReadAction\",\"target\":[\"https:\/\/melalepersian.com\/fr\/product\/enseignement-en-ligne-de-la-langue-persane\/\"]}]},{\"@type\":\"ImageObject\",\"inLanguage\":\"fr-FR\",\"@id\":\"https:\/\/melalepersian.com\/fr\/product\/enseignement-en-ligne-de-la-langue-persane\/#primaryimage\",\"url\":\"https:\/\/melalepersian.com\/fr\/wp-content\/uploads\/2021\/12\/schoolchilds-distance-education-having-online-lesson.jpg\",\"contentUrl\":\"https:\/\/melalepersian.com\/fr\/wp-content\/uploads\/2021\/12\/schoolchilds-distance-education-having-online-lesson.jpg\",\"width\":1200,\"height\":800},{\"@type\":\"BreadcrumbList\",\"@id\":\"https:\/\/melalepersian.com\/fr\/product\/enseignement-en-ligne-de-la-langue-persane\/#breadcrumb\",\"itemListElement\":[{\"@type\":\"ListItem\",\"position\":1,\"name\":\"\u062e\u0627\u0646\u0647\",\"item\":\"https:\/\/melalepersian.com\/fr\/\"},{\"@type\":\"ListItem\",\"position\":2,\"name\":\"Shop\",\"item\":\"https:\/\/melalepersian.com\/fr\/shop\/\"},{\"@type\":\"ListItem\",\"position\":3,\"name\":\"Enseignement en ligne de la langue persane (5 \u00e0 7 ans)\"}]},{\"@type\":\"WebSite\",\"@id\":\"https:\/\/melalepersian.com\/fr\/#website\",\"url\":\"https:\/\/melalepersian.com\/fr\/\",\"name\":\"Centre \u00e9ducatif Nations Persanes - Centre de formation \u00e0 la culture et aux arts iraniens\",\"description\":\"Formation en litt\u00e9rature, langue, musique, architecture et tourisme de la terre d&#039;Iran\",\"publisher\":{\"@id\":\"https:\/\/melalepersian.com\/fr\/#organization\"},\"potentialAction\":[{\"@type\":\"SearchAction\",\"target\":{\"@type\":\"EntryPoint\",\"urlTemplate\":\"https:\/\/melalepersian.com\/fr\/?s={search_term_string}\"},\"query-input\":{\"@type\":\"PropertyValueSpecification\",\"valueRequired\":true,\"valueName\":\"search_term_string\"}}],\"inLanguage\":\"fr-FR\"},{\"@type\":\"Organization\",\"@id\":\"https:\/\/melalepersian.com\/fr\/#organization\",\"name\":\"Melale International Educational Complex\",\"url\":\"https:\/\/melalepersian.com\/fr\/\",\"logo\":{\"@type\":\"ImageObject\",\"inLanguage\":\"fr-FR\",\"@id\":\"https:\/\/melalepersian.com\/fr\/#\/schema\/logo\/image\/\",\"url\":\"https:\/\/melalepersian.com\/wp-content\/uploads\/2022\/02\/melalepersian-logo-500.svg\",\"contentUrl\":\"https:\/\/melalepersian.com\/wp-content\/uploads\/2022\/02\/melalepersian-logo-500.svg\",\"width\":676,\"height\":491,\"caption\":\"Melale International Educational Complex\"},\"image\":{\"@id\":\"https:\/\/melalepersian.com\/fr\/#\/schema\/logo\/image\/\"},\"sameAs\":[\"https:\/\/www.facebook.com\/melalepersian\",\"https:\/\/www.linkedin.com\/company\/melalepersian\/\",\"https:\/\/www.instagram.com\/melalepersian\/\"],\"description\":\"MelalePersian is the biggest online and offline shop for learning language, literature, architecture, and art of rich Persian heritage. With the aim of promoting and obtaining cultural interactions. The services have vast and divergence provided for interested individuals with considering to highest quality. This international, Iranian-French, company is trying to be the best representative of Iranian artistic works around the world.\",\"email\":\"info@melalepersian.com\",\"legalName\":\"MelalePersian\",\"foundingDate\":\"2020-07-23\",\"numberOfEmployees\":{\"@type\":\"QuantitativeValue\",\"minValue\":\"11\",\"maxValue\":\"50\"}}]}<\/script>\n<meta property=\"og:availability\" content=\"instock\" \/>\n<meta property=\"product:availability\" content=\"instock\" \/>\n<meta property=\"product:condition\" content=\"new\" \/>\n<!-- \/ Yoast SEO Premium plugin. -->","yoast_head_json":{"title":"Enseignement en ligne de la langue persane (5 \u00e0 7 ans)","robots":{"index":"index","follow":"follow","max-snippet":"max-snippet:-1","max-image-preview":"max-image-preview:large","max-video-preview":"max-video-preview:-1"},"canonical":"https:\/\/melalepersian.com\/fr\/product\/enseignement-en-ligne-de-la-langue-persane\/","og_locale":"fr_FR","og_type":"article","og_title":"Enseignement en ligne de la langue persane (5 \u00e0 7 ans)","og_description":"L\u2019apprentissage d\u2019une deuxi\u00e8me langue doit \u00eatre comme celui de la premi\u00e8re langue. Par cons\u00e9quent, dans ce cours, nous renfor\u00e7ons les comp\u00e9tences de compr\u00e9hension orale et d'expression orale de l'apprenant en utilisant des jeux et des m\u00e9thodes implicites Pour ceux qui souhaitent participer \u00e0 ces cours, nous avons envisag\u00e9 une s\u00e9ance de conseil gratuite afin de pr\u00e9ciser le niveau de langue, les besoins, le nombre et les horaires des s\u00e9ances n\u00e9cessaires.","og_url":"https:\/\/melalepersian.com\/fr\/product\/enseignement-en-ligne-de-la-langue-persane\/","og_site_name":"Centre \u00e9ducatif Nations Persanes - Centre de formation \u00e0 la culture et aux arts iraniens","article_publisher":"https:\/\/www.facebook.com\/melalepersian","article_modified_time":"2025-01-18T09:51:43+00:00","og_image":[{"width":1200,"height":800,"url":"https:\/\/melalepersian.com\/fr\/wp-content\/uploads\/2021\/12\/schoolchilds-distance-education-having-online-lesson.jpg","type":"image\/jpeg"}],"twitter_card":"summary_large_image","twitter_misc":{"Availability":"In stock"},"schema":{"@context":"https:\/\/schema.org","@graph":[{"@type":"WebPage","@id":"https:\/\/melalepersian.com\/fr\/product\/enseignement-en-ligne-de-la-langue-persane\/","url":"https:\/\/melalepersian.com\/fr\/product\/enseignement-en-ligne-de-la-langue-persane\/","name":"Enseignement en ligne de la langue persane (5 \u00e0 7 ans)","isPartOf":{"@id":"https:\/\/melalepersian.com\/fr\/#website"},"primaryImageOfPage":{"@id":"https:\/\/melalepersian.com\/fr\/product\/enseignement-en-ligne-de-la-langue-persane\/#primaryimage"},"image":{"@id":"https:\/\/melalepersian.com\/fr\/product\/enseignement-en-ligne-de-la-langue-persane\/#primaryimage"},"thumbnailUrl":"https:\/\/melalepersian.com\/fr\/wp-content\/uploads\/2021\/12\/schoolchilds-distance-education-having-online-lesson.jpg","datePublished":"2022-01-29T08:43:00+00:00","dateModified":"2025-01-18T09:51:43+00:00","breadcrumb":{"@id":"https:\/\/melalepersian.com\/fr\/product\/enseignement-en-ligne-de-la-langue-persane\/#breadcrumb"},"inLanguage":"fr-FR","potentialAction":[{"@type":"ReadAction","target":["https:\/\/melalepersian.com\/fr\/product\/enseignement-en-ligne-de-la-langue-persane\/"]}]},{"@type":"ImageObject","inLanguage":"fr-FR","@id":"https:\/\/melalepersian.com\/fr\/product\/enseignement-en-ligne-de-la-langue-persane\/#primaryimage","url":"https:\/\/melalepersian.com\/fr\/wp-content\/uploads\/2021\/12\/schoolchilds-distance-education-having-online-lesson.jpg","contentUrl":"https:\/\/melalepersian.com\/fr\/wp-content\/uploads\/2021\/12\/schoolchilds-distance-education-having-online-lesson.jpg","width":1200,"height":800},{"@type":"BreadcrumbList","@id":"https:\/\/melalepersian.com\/fr\/product\/enseignement-en-ligne-de-la-langue-persane\/#breadcrumb","itemListElement":[{"@type":"ListItem","position":1,"name":"\u062e\u0627\u0646\u0647","item":"https:\/\/melalepersian.com\/fr\/"},{"@type":"ListItem","position":2,"name":"Shop","item":"https:\/\/melalepersian.com\/fr\/shop\/"},{"@type":"ListItem","position":3,"name":"Enseignement en ligne de la langue persane (5 \u00e0 7 ans)"}]},{"@type":"WebSite","@id":"https:\/\/melalepersian.com\/fr\/#website","url":"https:\/\/melalepersian.com\/fr\/","name":"Centre \u00e9ducatif Nations Persanes - Centre de formation \u00e0 la culture et aux arts iraniens","description":"Formation en litt\u00e9rature, langue, musique, architecture et tourisme de la terre d&#039;Iran","publisher":{"@id":"https:\/\/melalepersian.com\/fr\/#organization"},"potentialAction":[{"@type":"SearchAction","target":{"@type":"EntryPoint","urlTemplate":"https:\/\/melalepersian.com\/fr\/?s={search_term_string}"},"query-input":{"@type":"PropertyValueSpecification","valueRequired":true,"valueName":"search_term_string"}}],"inLanguage":"fr-FR"},{"@type":"Organization","@id":"https:\/\/melalepersian.com\/fr\/#organization","name":"Melale International Educational Complex","url":"https:\/\/melalepersian.com\/fr\/","logo":{"@type":"ImageObject","inLanguage":"fr-FR","@id":"https:\/\/melalepersian.com\/fr\/#\/schema\/logo\/image\/","url":"https:\/\/melalepersian.com\/wp-content\/uploads\/2022\/02\/melalepersian-logo-500.svg","contentUrl":"https:\/\/melalepersian.com\/wp-content\/uploads\/2022\/02\/melalepersian-logo-500.svg","width":676,"height":491,"caption":"Melale International Educational Complex"},"image":{"@id":"https:\/\/melalepersian.com\/fr\/#\/schema\/logo\/image\/"},"sameAs":["https:\/\/www.facebook.com\/melalepersian","https:\/\/www.linkedin.com\/company\/melalepersian\/","https:\/\/www.instagram.com\/melalepersian\/"],"description":"MelalePersian is the biggest online and offline shop for learning language, literature, architecture, and art of rich Persian heritage. With the aim of promoting and obtaining cultural interactions. The services have vast and divergence provided for interested individuals with considering to highest quality. This international, Iranian-French, company is trying to be the best representative of Iranian artistic works around the world.","email":"info@melalepersian.com","legalName":"MelalePersian","foundingDate":"2020-07-23","numberOfEmployees":{"@type":"QuantitativeValue","minValue":"11","maxValue":"50"}}]},"og_availability":"instock","product_availability":"instock","product_condition":"new"},"_links":{"self":[{"href":"https:\/\/melalepersian.com\/fr\/wp-json\/wp\/v2\/product\/232634","targetHints":{"allow":["GET"]}}],"collection":[{"href":"https:\/\/melalepersian.com\/fr\/wp-json\/wp\/v2\/product"}],"about":[{"href":"https:\/\/melalepersian.com\/fr\/wp-json\/wp\/v2\/types\/product"}],"replies":[{"embeddable":true,"href":"https:\/\/melalepersian.com\/fr\/wp-json\/wp\/v2\/comments?post=232634"}],"version-history":[{"count":1,"href":"https:\/\/melalepersian.com\/fr\/wp-json\/wp\/v2\/product\/232634\/revisions"}],"predecessor-version":[{"id":237202,"href":"https:\/\/melalepersian.com\/fr\/wp-json\/wp\/v2\/product\/232634\/revisions\/237202"}],"wp:featuredmedia":[{"embeddable":true,"href":"https:\/\/melalepersian.com\/fr\/wp-json\/wp\/v2\/media\/237201"}],"wp:attachment":[{"href":"https:\/\/melalepersian.com\/fr\/wp-json\/wp\/v2\/media?parent=232634"}],"wp:term":[{"taxonomy":"product_brand","embeddable":true,"href":"https:\/\/melalepersian.com\/fr\/wp-json\/wp\/v2\/product_brand?post=232634"},{"taxonomy":"product_cat","embeddable":true,"href":"https:\/\/melalepersian.com\/fr\/wp-json\/wp\/v2\/product_cat?post=232634"},{"taxonomy":"product_tag","embeddable":true,"href":"https:\/\/melalepersian.com\/fr\/wp-json\/wp\/v2\/product_tag?post=232634"}],"curies":[{"name":"wp","href":"https:\/\/api.w.org\/{rel}","templated":true}]}}