{"id":232616,"date":"2022-01-13T13:25:32","date_gmt":"2022-01-12T05:30:38","guid":{"rendered":"https:\/\/melalepersian.com\/?post_type=product&#038;p=232616"},"modified":"2022-04-11T12:43:51","modified_gmt":"2022-04-11T08:13:51","slug":"decouverte-de-larchitecture-villageoise-iranienne","status":"publish","type":"product","link":"https:\/\/melalepersian.com\/fr\/product\/decouverte-de-larchitecture-villageoise-iranienne\/","title":{"rendered":"D\u00e9couverte de l&rsquo;architecture villageoise iranienne (architecture sans architecte)"},"content":{"rendered":"<p><strong>M\u00e9thode d&rsquo;enseignement:<\/strong><\/p>\n<ul>\n<li>Vid\u00e9o de pr\u00e9sentation ainsi que des photos, des cartes et des sch\u00e9mas d&rsquo;architecture.<\/li>\n<\/ul>\n<p><strong>A qui s&rsquo;adresse ce cours?<\/strong><\/p>\n<ul>\n<li>Disciplines architecture<\/li>\n<li>restauration, g\u00e9nie urbain<\/li>\n<\/ul>\n","protected":false},"excerpt":{"rendered":"<p>Les villages iraniens sont des symboles de la fa\u00e7on dont les gens g\u00e8rent les conditions g\u00e9ographiques et climatiques de la r\u00e9gion o\u00f9 ils vivaient. Une telle rencontre a donn\u00e9 lieu \u00e0 des chefs-d&rsquo;\u0153uvre qui montrent comment le contexte rural et son architecture se sont form\u00e9s en parfaite harmonie avec son environnement. Le but de ce cours est de d\u00e9couvrir la typologie de l&rsquo;architecture rurale dans diff\u00e9rentes r\u00e9gions de l&rsquo;Iran, qui sera \u00e9tudi\u00e9e sous les aspects spatial et physique, social, \u00e9conomique et culturel.<\/p>\n","protected":false},"featured_media":229640,"comment_status":"open","ping_status":"closed","template":"","meta":{"_acf_changed":false},"product_brand":[],"product_cat":[776],"product_tag":[],"class_list":{"0":"post-232616","1":"product","2":"type-product","3":"status-publish","4":"has-post-thumbnail","6":"product_cat-architecture","8":"first","9":"instock","10":"shipping-taxable","11":"product-type-simple"},"acf":[],"yoast_head":"<!-- This site is optimized with the Yoast SEO Premium plugin v23.8 (Yoast SEO v24.1) - https:\/\/yoast.com\/wordpress\/plugins\/seo\/ -->\n<title>D\u00e9couverte de l&#039;architecture villageoise iranienne (architecture sans architecte)<\/title>\n<meta name=\"robots\" content=\"index, follow, max-snippet:-1, max-image-preview:large, max-video-preview:-1\" \/>\n<link rel=\"canonical\" href=\"https:\/\/melalepersian.com\/fr\/product\/decouverte-de-larchitecture-villageoise-iranienne\/\" \/>\n<meta property=\"og:locale\" content=\"fr_FR\" \/>\n<meta property=\"og:type\" content=\"article\" \/>\n<meta property=\"og:title\" content=\"D\u00e9couverte de l&#039;architecture villageoise iranienne (architecture sans architecte)\" \/>\n<meta property=\"og:description\" content=\"Les villages iraniens sont des symboles de la fa\u00e7on dont les gens g\u00e8rent les conditions g\u00e9ographiques et climatiques de la r\u00e9gion o\u00f9 ils vivaient. Une telle rencontre a donn\u00e9 lieu \u00e0 des chefs-d&#039;\u0153uvre qui montrent comment le contexte rural et son architecture se sont form\u00e9s en parfaite harmonie avec son environnement. Le but de ce cours est de d\u00e9couvrir la typologie de l&#039;architecture rurale dans diff\u00e9rentes r\u00e9gions de l&#039;Iran, qui sera \u00e9tudi\u00e9e sous les aspects spatial et physique, social, \u00e9conomique et culturel.\" \/>\n<meta property=\"og:url\" content=\"https:\/\/melalepersian.com\/fr\/product\/decouverte-de-larchitecture-villageoise-iranienne\/\" \/>\n<meta property=\"og:site_name\" content=\"Centre \u00e9ducatif Nations Persanes - Centre de formation \u00e0 la culture et aux arts iraniens\" \/>\n<meta property=\"article:publisher\" content=\"https:\/\/www.facebook.com\/melalepersian\" \/>\n<meta property=\"article:modified_time\" content=\"2022-04-11T08:13:51+00:00\" \/>\n<meta property=\"og:image\" content=\"https:\/\/melalepersian.com\/fr\/wp-content\/uploads\/2021\/07\/iran-villages.jpg\" \/>\n\t<meta property=\"og:image:width\" content=\"800\" \/>\n\t<meta property=\"og:image:height\" content=\"300\" \/>\n\t<meta property=\"og:image:type\" content=\"image\/jpeg\" \/>\n<meta name=\"twitter:card\" content=\"summary_large_image\" \/>\n<meta name=\"twitter:label1\" content=\"Prix\" \/>\n\t<meta name=\"twitter:data1\" content=\"\" \/>\n\t<meta name=\"twitter:label2\" content=\"Availability\" \/>\n\t<meta name=\"twitter:data2\" content=\"In stock\" \/>\n<script type=\"application\/ld+json\" class=\"yoast-schema-graph\">{\"@context\":\"https:\/\/schema.org\",\"@graph\":[{\"@type\":\"WebPage\",\"@id\":\"https:\/\/melalepersian.com\/fr\/product\/decouverte-de-larchitecture-villageoise-iranienne\/\",\"url\":\"https:\/\/melalepersian.com\/fr\/product\/decouverte-de-larchitecture-villageoise-iranienne\/\",\"name\":\"D\u00e9couverte de l'architecture villageoise iranienne (architecture sans architecte)\",\"isPartOf\":{\"@id\":\"https:\/\/melalepersian.com\/fr\/#website\"},\"primaryImageOfPage\":{\"@id\":\"https:\/\/melalepersian.com\/fr\/product\/decouverte-de-larchitecture-villageoise-iranienne\/#primaryimage\"},\"image\":{\"@id\":\"https:\/\/melalepersian.com\/fr\/product\/decouverte-de-larchitecture-villageoise-iranienne\/#primaryimage\"},\"thumbnailUrl\":\"https:\/\/melalepersian.com\/fr\/wp-content\/uploads\/2021\/07\/iran-villages.jpg\",\"datePublished\":\"2022-01-12T05:30:38+00:00\",\"dateModified\":\"2022-04-11T08:13:51+00:00\",\"breadcrumb\":{\"@id\":\"https:\/\/melalepersian.com\/fr\/product\/decouverte-de-larchitecture-villageoise-iranienne\/#breadcrumb\"},\"inLanguage\":\"fr-FR\",\"potentialAction\":[{\"@type\":\"ReadAction\",\"target\":[\"https:\/\/melalepersian.com\/fr\/product\/decouverte-de-larchitecture-villageoise-iranienne\/\"]}]},{\"@type\":\"ImageObject\",\"inLanguage\":\"fr-FR\",\"@id\":\"https:\/\/melalepersian.com\/fr\/product\/decouverte-de-larchitecture-villageoise-iranienne\/#primaryimage\",\"url\":\"https:\/\/melalepersian.com\/fr\/wp-content\/uploads\/2021\/07\/iran-villages.jpg\",\"contentUrl\":\"https:\/\/melalepersian.com\/fr\/wp-content\/uploads\/2021\/07\/iran-villages.jpg\",\"width\":800,\"height\":300,\"caption\":\"\u0631\u0648\u0633\u062a\u0627\u0647\u0627\u06cc \u0627\u06cc\u0631\u0627\u0646\"},{\"@type\":\"BreadcrumbList\",\"@id\":\"https:\/\/melalepersian.com\/fr\/product\/decouverte-de-larchitecture-villageoise-iranienne\/#breadcrumb\",\"itemListElement\":[{\"@type\":\"ListItem\",\"position\":1,\"name\":\"\u062e\u0627\u0646\u0647\",\"item\":\"https:\/\/melalepersian.com\/fr\/\"},{\"@type\":\"ListItem\",\"position\":2,\"name\":\"Shop\",\"item\":\"https:\/\/melalepersian.com\/fr\/shop\/\"},{\"@type\":\"ListItem\",\"position\":3,\"name\":\"D\u00e9couverte de l&#8217;architecture villageoise iranienne (architecture sans architecte)\"}]},{\"@type\":\"WebSite\",\"@id\":\"https:\/\/melalepersian.com\/fr\/#website\",\"url\":\"https:\/\/melalepersian.com\/fr\/\",\"name\":\"Centre \u00e9ducatif Nations Persanes - Centre de formation \u00e0 la culture et aux arts iraniens\",\"description\":\"Formation en litt\u00e9rature, langue, musique, architecture et tourisme de la terre d&#039;Iran\",\"publisher\":{\"@id\":\"https:\/\/melalepersian.com\/fr\/#organization\"},\"potentialAction\":[{\"@type\":\"SearchAction\",\"target\":{\"@type\":\"EntryPoint\",\"urlTemplate\":\"https:\/\/melalepersian.com\/fr\/?s={search_term_string}\"},\"query-input\":{\"@type\":\"PropertyValueSpecification\",\"valueRequired\":true,\"valueName\":\"search_term_string\"}}],\"inLanguage\":\"fr-FR\"},{\"@type\":\"Organization\",\"@id\":\"https:\/\/melalepersian.com\/fr\/#organization\",\"name\":\"Melale International Educational Complex\",\"url\":\"https:\/\/melalepersian.com\/fr\/\",\"logo\":{\"@type\":\"ImageObject\",\"inLanguage\":\"fr-FR\",\"@id\":\"https:\/\/melalepersian.com\/fr\/#\/schema\/logo\/image\/\",\"url\":\"https:\/\/melalepersian.com\/wp-content\/uploads\/2022\/02\/melalepersian-logo-500.svg\",\"contentUrl\":\"https:\/\/melalepersian.com\/wp-content\/uploads\/2022\/02\/melalepersian-logo-500.svg\",\"width\":676,\"height\":491,\"caption\":\"Melale International Educational Complex\"},\"image\":{\"@id\":\"https:\/\/melalepersian.com\/fr\/#\/schema\/logo\/image\/\"},\"sameAs\":[\"https:\/\/www.facebook.com\/melalepersian\",\"https:\/\/www.linkedin.com\/company\/melalepersian\/\",\"https:\/\/www.instagram.com\/melalepersian\/\"],\"description\":\"MelalePersian is the biggest online and offline shop for learning language, literature, architecture, and art of rich Persian heritage. With the aim of promoting and obtaining cultural interactions. The services have vast and divergence provided for interested individuals with considering to highest quality. This international, Iranian-French, company is trying to be the best representative of Iranian artistic works around the world.\",\"email\":\"info@melalepersian.com\",\"legalName\":\"MelalePersian\",\"foundingDate\":\"2020-07-23\",\"numberOfEmployees\":{\"@type\":\"QuantitativeValue\",\"minValue\":\"11\",\"maxValue\":\"50\"}}]}<\/script>\n<meta property=\"product:price:amount\" content=\"0\" \/>\n<meta property=\"product:price:currency\" content=\"USD\" \/>\n<meta property=\"og:availability\" content=\"instock\" \/>\n<meta property=\"product:availability\" content=\"instock\" \/>\n<meta property=\"product:condition\" content=\"new\" \/>\n<!-- \/ Yoast SEO Premium plugin. -->","yoast_head_json":{"title":"D\u00e9couverte de l'architecture villageoise iranienne (architecture sans architecte)","robots":{"index":"index","follow":"follow","max-snippet":"max-snippet:-1","max-image-preview":"max-image-preview:large","max-video-preview":"max-video-preview:-1"},"canonical":"https:\/\/melalepersian.com\/fr\/product\/decouverte-de-larchitecture-villageoise-iranienne\/","og_locale":"fr_FR","og_type":"article","og_title":"D\u00e9couverte de l'architecture villageoise iranienne (architecture sans architecte)","og_description":"Les villages iraniens sont des symboles de la fa\u00e7on dont les gens g\u00e8rent les conditions g\u00e9ographiques et climatiques de la r\u00e9gion o\u00f9 ils vivaient. Une telle rencontre a donn\u00e9 lieu \u00e0 des chefs-d'\u0153uvre qui montrent comment le contexte rural et son architecture se sont form\u00e9s en parfaite harmonie avec son environnement. Le but de ce cours est de d\u00e9couvrir la typologie de l'architecture rurale dans diff\u00e9rentes r\u00e9gions de l'Iran, qui sera \u00e9tudi\u00e9e sous les aspects spatial et physique, social, \u00e9conomique et culturel.","og_url":"https:\/\/melalepersian.com\/fr\/product\/decouverte-de-larchitecture-villageoise-iranienne\/","og_site_name":"Centre \u00e9ducatif Nations Persanes - Centre de formation \u00e0 la culture et aux arts iraniens","article_publisher":"https:\/\/www.facebook.com\/melalepersian","article_modified_time":"2022-04-11T08:13:51+00:00","og_image":[{"width":800,"height":300,"url":"https:\/\/melalepersian.com\/fr\/wp-content\/uploads\/2021\/07\/iran-villages.jpg","type":"image\/jpeg"}],"twitter_card":"summary_large_image","twitter_misc":{"Prix":"","Availability":"In stock"},"schema":{"@context":"https:\/\/schema.org","@graph":[{"@type":"WebPage","@id":"https:\/\/melalepersian.com\/fr\/product\/decouverte-de-larchitecture-villageoise-iranienne\/","url":"https:\/\/melalepersian.com\/fr\/product\/decouverte-de-larchitecture-villageoise-iranienne\/","name":"D\u00e9couverte de l'architecture villageoise iranienne (architecture sans architecte)","isPartOf":{"@id":"https:\/\/melalepersian.com\/fr\/#website"},"primaryImageOfPage":{"@id":"https:\/\/melalepersian.com\/fr\/product\/decouverte-de-larchitecture-villageoise-iranienne\/#primaryimage"},"image":{"@id":"https:\/\/melalepersian.com\/fr\/product\/decouverte-de-larchitecture-villageoise-iranienne\/#primaryimage"},"thumbnailUrl":"https:\/\/melalepersian.com\/fr\/wp-content\/uploads\/2021\/07\/iran-villages.jpg","datePublished":"2022-01-12T05:30:38+00:00","dateModified":"2022-04-11T08:13:51+00:00","breadcrumb":{"@id":"https:\/\/melalepersian.com\/fr\/product\/decouverte-de-larchitecture-villageoise-iranienne\/#breadcrumb"},"inLanguage":"fr-FR","potentialAction":[{"@type":"ReadAction","target":["https:\/\/melalepersian.com\/fr\/product\/decouverte-de-larchitecture-villageoise-iranienne\/"]}]},{"@type":"ImageObject","inLanguage":"fr-FR","@id":"https:\/\/melalepersian.com\/fr\/product\/decouverte-de-larchitecture-villageoise-iranienne\/#primaryimage","url":"https:\/\/melalepersian.com\/fr\/wp-content\/uploads\/2021\/07\/iran-villages.jpg","contentUrl":"https:\/\/melalepersian.com\/fr\/wp-content\/uploads\/2021\/07\/iran-villages.jpg","width":800,"height":300,"caption":"\u0631\u0648\u0633\u062a\u0627\u0647\u0627\u06cc \u0627\u06cc\u0631\u0627\u0646"},{"@type":"BreadcrumbList","@id":"https:\/\/melalepersian.com\/fr\/product\/decouverte-de-larchitecture-villageoise-iranienne\/#breadcrumb","itemListElement":[{"@type":"ListItem","position":1,"name":"\u062e\u0627\u0646\u0647","item":"https:\/\/melalepersian.com\/fr\/"},{"@type":"ListItem","position":2,"name":"Shop","item":"https:\/\/melalepersian.com\/fr\/shop\/"},{"@type":"ListItem","position":3,"name":"D\u00e9couverte de l&#8217;architecture villageoise iranienne (architecture sans architecte)"}]},{"@type":"WebSite","@id":"https:\/\/melalepersian.com\/fr\/#website","url":"https:\/\/melalepersian.com\/fr\/","name":"Centre \u00e9ducatif Nations Persanes - Centre de formation \u00e0 la culture et aux arts iraniens","description":"Formation en litt\u00e9rature, langue, musique, architecture et tourisme de la terre d&#039;Iran","publisher":{"@id":"https:\/\/melalepersian.com\/fr\/#organization"},"potentialAction":[{"@type":"SearchAction","target":{"@type":"EntryPoint","urlTemplate":"https:\/\/melalepersian.com\/fr\/?s={search_term_string}"},"query-input":{"@type":"PropertyValueSpecification","valueRequired":true,"valueName":"search_term_string"}}],"inLanguage":"fr-FR"},{"@type":"Organization","@id":"https:\/\/melalepersian.com\/fr\/#organization","name":"Melale International Educational Complex","url":"https:\/\/melalepersian.com\/fr\/","logo":{"@type":"ImageObject","inLanguage":"fr-FR","@id":"https:\/\/melalepersian.com\/fr\/#\/schema\/logo\/image\/","url":"https:\/\/melalepersian.com\/wp-content\/uploads\/2022\/02\/melalepersian-logo-500.svg","contentUrl":"https:\/\/melalepersian.com\/wp-content\/uploads\/2022\/02\/melalepersian-logo-500.svg","width":676,"height":491,"caption":"Melale International Educational Complex"},"image":{"@id":"https:\/\/melalepersian.com\/fr\/#\/schema\/logo\/image\/"},"sameAs":["https:\/\/www.facebook.com\/melalepersian","https:\/\/www.linkedin.com\/company\/melalepersian\/","https:\/\/www.instagram.com\/melalepersian\/"],"description":"MelalePersian is the biggest online and offline shop for learning language, literature, architecture, and art of rich Persian heritage. With the aim of promoting and obtaining cultural interactions. The services have vast and divergence provided for interested individuals with considering to highest quality. This international, Iranian-French, company is trying to be the best representative of Iranian artistic works around the world.","email":"info@melalepersian.com","legalName":"MelalePersian","foundingDate":"2020-07-23","numberOfEmployees":{"@type":"QuantitativeValue","minValue":"11","maxValue":"50"}}]},"product_price_currency":"USD","og_availability":"instock","product_availability":"instock","product_condition":"new"},"_links":{"self":[{"href":"https:\/\/melalepersian.com\/fr\/wp-json\/wp\/v2\/product\/232616","targetHints":{"allow":["GET"]}}],"collection":[{"href":"https:\/\/melalepersian.com\/fr\/wp-json\/wp\/v2\/product"}],"about":[{"href":"https:\/\/melalepersian.com\/fr\/wp-json\/wp\/v2\/types\/product"}],"replies":[{"embeddable":true,"href":"https:\/\/melalepersian.com\/fr\/wp-json\/wp\/v2\/comments?post=232616"}],"version-history":[{"count":0,"href":"https:\/\/melalepersian.com\/fr\/wp-json\/wp\/v2\/product\/232616\/revisions"}],"wp:featuredmedia":[{"embeddable":true,"href":"https:\/\/melalepersian.com\/fr\/wp-json\/wp\/v2\/media\/229640"}],"wp:attachment":[{"href":"https:\/\/melalepersian.com\/fr\/wp-json\/wp\/v2\/media?parent=232616"}],"wp:term":[{"taxonomy":"product_brand","embeddable":true,"href":"https:\/\/melalepersian.com\/fr\/wp-json\/wp\/v2\/product_brand?post=232616"},{"taxonomy":"product_cat","embeddable":true,"href":"https:\/\/melalepersian.com\/fr\/wp-json\/wp\/v2\/product_cat?post=232616"},{"taxonomy":"product_tag","embeddable":true,"href":"https:\/\/melalepersian.com\/fr\/wp-json\/wp\/v2\/product_tag?post=232616"}],"curies":[{"name":"wp","href":"https:\/\/api.w.org\/{rel}","templated":true}]}}