{"id":232563,"date":"2022-01-09T12:33:39","date_gmt":"2022-01-09T09:03:39","guid":{"rendered":"https:\/\/melalepersian.com\/product\/%d8%a2%d8%b4%d9%86%d8%a7%db%8c%db%8c-%d8%a8%d8%a7-%d8%b4%d8%a7%d9%87%d9%86%d8%a7%d9%85%d9%87-%db%b1\/"},"modified":"2022-07-21T09:01:05","modified_gmt":"2022-07-21T04:31:05","slug":"introduction-a-shahname-1","status":"publish","type":"product","link":"https:\/\/melalepersian.com\/fr\/product\/introduction-a-shahname-1\/","title":{"rendered":"Introduction \u00e0 Shahname &#8211; 1"},"content":{"rendered":"<p>Shahnameh de Ferdowsi est un livre explicite et clair sans aucune mention d&rsquo;ambigu\u00eft\u00e9, d&rsquo;ironie, d&rsquo;abstractionnisme, vus dans des po\u00e8mes mystiques.<br \/>L\u2019\u00eatre humain se face \u00e0 l\u2019\u00eatre humain qui est attach\u00e9 \u00e0 tous les dons de cette vie terrestre. Il conna\u00eet la vie apr\u00e8s la mort sans se pr\u00e9cipiter ni faire d&rsquo;\u00e9vang\u00e9lisation. Tout coule en \u00e9quilibre et en lien avec la nature.<\/p>\n<p>Dr Mohammad Ali Eslami Nedoshan<\/p>\n<p>Shahnameh est le l\u2019\u00e9preuve d&rsquo;identit\u00e9 et de pens\u00e9e humaines pendant l&rsquo;histoire du peuple persan. En lisant Shahnameh, nous r\u00e9visons la rationalit\u00e9, l&rsquo;\u00e9thique et la connaissance des croyances du pass\u00e9.<br \/>Avec Shahnameh, on peut revoir la vie pass\u00e9e et pr\u00e9sente, respirer tous les moments de la vie. C&rsquo;est un savoir et un phare de vie, plein d&rsquo;amertume et de douceur<\/p>\n<p>Contenu des r\u00e9unions:<\/p>\n[course_sections]<p><\/p><p style=\"font-size:23px\"><\/p><p><strong>A qui s&rsquo;adresse ce cours?<\/strong><\/p>\n<ul>\n<li>Tous ceux qui s\u2019int\u00e9ressent aux mythes, les \u00e9pop\u00e9es, l&rsquo;histoire, les comportements, les origines et les croyances du pass\u00e9<\/li>\n<\/ul>\n<p><strong>D\u00e9tails du cours:<\/strong><\/p>\n<ul>\n<li>Pr\u00e9requis : Int\u00e9r\u00eat et amour envers la litt\u00e9rature, la culture et le mythe<\/li>\n<li>12 S\u00e9ances<\/li>\n<\/ul>\n<p><strong>Comp\u00e9tences acquises:<\/strong><\/p>\n<ul>\n<li>Lire la po\u00e9sie<\/li>\n<li>D\u00e9couvrir le mythe<\/li>\n<li>Analyser Shahnameh<\/li>\n<\/ul><p><\/p>","protected":false},"excerpt":{"rendered":"<p>Shahnameh de Ferdowsi est un livre explicite et clair sans aucune mention d&rsquo;ambigu\u00eft\u00e9, d&rsquo;ironie, d&rsquo;abstractionnisme, vus dans des po\u00e8mes mystiques.<br \/>L\u2019\u00eatre humain se face \u00e0 l\u2019\u00eatre humain qui est attach\u00e9 \u00e0 tous les dons de cette vie terrestre. Il conna\u00eet la vie apr\u00e8s la mort sans se pr\u00e9cipiter ni faire d&rsquo;\u00e9vang\u00e9lisation. Tout coule en \u00e9quilibre et en lien avec la nature.<\/p>\n<p>Dr Mohammad Ali Eslami Nedoshan<\/p>\n","protected":false},"featured_media":229704,"comment_status":"open","ping_status":"closed","template":"","meta":{"_acf_changed":false},"product_brand":[],"product_cat":[770],"product_tag":[],"class_list":{"0":"post-232563","1":"product","2":"type-product","3":"status-publish","4":"has-post-thumbnail","6":"product_cat-persian-literature","8":"first","9":"instock","10":"shipping-taxable","11":"purchasable","12":"product-type-simple"},"acf":[],"yoast_head":"<!-- This site is optimized with the Yoast SEO Premium plugin v23.8 (Yoast SEO v24.1) - https:\/\/yoast.com\/wordpress\/plugins\/seo\/ -->\n<title>Introduction \u00e0 Shahname - 1<\/title>\n<meta name=\"description\" content=\"\u0634\u0627\u0647\u0646\u0627\u0645\u0647 \u0633\u0646\u062f \u0647\u0648\u06cc\u062a \u0648 \u0627\u0646\u062f\u06cc\u0634\u0647\u200c\u06cc \u0622\u062f\u0645\u06cc \u062f\u0631 \u0641\u0631\u0627\u0632 \u0648 \u0646\u0634\u06cc\u0628 \u062a\u0627\u0631\u06cc\u062e \u0628\u0634\u0631\u06cc \u0648 \u0642\u0648\u0645 \u067e\u0627\u0631\u0633\u06cc \u0627\u0633\u062a. \u0628\u0627 \u062e\u0648\u0627\u0646\u062f\u0646 \u0634\u0627\u0647\u0646\u0627\u0645\u0647\u060c \u062e\u0631\u062f\u0648\u0631\u0632\u06cc \u0648 \u0634\u0646\u0627\u062e\u062a \u0628\u0627\u0648\u0631\u0647\u0627\u06cc \u06af\u0630\u0634\u062a\u06af\u0627\u0646 \u0631\u0627 \u0645\u0631\u0648\u0631 \u06a9\u0646\u06cc\u0645.\" \/>\n<meta name=\"robots\" content=\"index, follow, max-snippet:-1, max-image-preview:large, max-video-preview:-1\" \/>\n<link rel=\"canonical\" href=\"https:\/\/melalepersian.com\/fr\/product\/introduction-a-shahname-1\/\" \/>\n<meta property=\"og:locale\" content=\"fr_FR\" \/>\n<meta property=\"og:type\" content=\"article\" \/>\n<meta property=\"og:title\" content=\"Introduction \u00e0 Shahname - 1\" \/>\n<meta property=\"og:description\" content=\"\u0634\u0627\u0647\u0646\u0627\u0645\u0647 \u0633\u0646\u062f \u0647\u0648\u06cc\u062a \u0648 \u0627\u0646\u062f\u06cc\u0634\u0647\u200c\u06cc \u0622\u062f\u0645\u06cc \u062f\u0631 \u0641\u0631\u0627\u0632 \u0648 \u0646\u0634\u06cc\u0628 \u062a\u0627\u0631\u06cc\u062e \u0628\u0634\u0631\u06cc \u0648 \u0642\u0648\u0645 \u067e\u0627\u0631\u0633\u06cc \u0627\u0633\u062a. \u0628\u0627 \u062e\u0648\u0627\u0646\u062f\u0646 \u0634\u0627\u0647\u0646\u0627\u0645\u0647\u060c \u062e\u0631\u062f\u0648\u0631\u0632\u06cc \u0648 \u0634\u0646\u0627\u062e\u062a \u0628\u0627\u0648\u0631\u0647\u0627\u06cc \u06af\u0630\u0634\u062a\u06af\u0627\u0646 \u0631\u0627 \u0645\u0631\u0648\u0631 \u06a9\u0646\u06cc\u0645.\" \/>\n<meta property=\"og:url\" content=\"https:\/\/melalepersian.com\/fr\/product\/introduction-a-shahname-1\/\" \/>\n<meta property=\"og:site_name\" content=\"Centre \u00e9ducatif Nations Persanes - Centre de formation \u00e0 la culture et aux arts iraniens\" \/>\n<meta property=\"article:publisher\" content=\"https:\/\/www.facebook.com\/melalepersian\" \/>\n<meta property=\"article:modified_time\" content=\"2022-07-21T04:31:05+00:00\" \/>\n<meta property=\"og:image\" content=\"https:\/\/melalepersian.com\/fr\/wp-content\/uploads\/2021\/07\/ferdosi.jpg\" \/>\n\t<meta property=\"og:image:width\" content=\"800\" \/>\n\t<meta property=\"og:image:height\" content=\"300\" \/>\n\t<meta property=\"og:image:type\" content=\"image\/jpeg\" \/>\n<meta name=\"twitter:card\" content=\"summary_large_image\" \/>\n<meta name=\"twitter:label1\" content=\"Prix\" \/>\n\t<meta name=\"twitter:data1\" content=\"&#036;195\" \/>\n\t<meta name=\"twitter:label2\" content=\"Availability\" \/>\n\t<meta name=\"twitter:data2\" content=\"In stock\" \/>\n<script type=\"application\/ld+json\" class=\"yoast-schema-graph\">{\"@context\":\"https:\/\/schema.org\",\"@graph\":[{\"@type\":\"WebPage\",\"@id\":\"https:\/\/melalepersian.com\/fr\/product\/introduction-a-shahname-1\/\",\"url\":\"https:\/\/melalepersian.com\/fr\/product\/introduction-a-shahname-1\/\",\"name\":\"Introduction \u00e0 Shahname - 1\",\"isPartOf\":{\"@id\":\"https:\/\/melalepersian.com\/fr\/#website\"},\"primaryImageOfPage\":{\"@id\":\"https:\/\/melalepersian.com\/fr\/product\/introduction-a-shahname-1\/#primaryimage\"},\"image\":{\"@id\":\"https:\/\/melalepersian.com\/fr\/product\/introduction-a-shahname-1\/#primaryimage\"},\"thumbnailUrl\":\"https:\/\/melalepersian.com\/fr\/wp-content\/uploads\/2021\/07\/ferdosi.jpg\",\"datePublished\":\"2022-01-09T09:03:39+00:00\",\"dateModified\":\"2022-07-21T04:31:05+00:00\",\"description\":\"\u0634\u0627\u0647\u0646\u0627\u0645\u0647 \u0633\u0646\u062f \u0647\u0648\u06cc\u062a \u0648 \u0627\u0646\u062f\u06cc\u0634\u0647\u200c\u06cc \u0622\u062f\u0645\u06cc \u062f\u0631 \u0641\u0631\u0627\u0632 \u0648 \u0646\u0634\u06cc\u0628 \u062a\u0627\u0631\u06cc\u062e \u0628\u0634\u0631\u06cc \u0648 \u0642\u0648\u0645 \u067e\u0627\u0631\u0633\u06cc \u0627\u0633\u062a. \u0628\u0627 \u062e\u0648\u0627\u0646\u062f\u0646 \u0634\u0627\u0647\u0646\u0627\u0645\u0647\u060c \u062e\u0631\u062f\u0648\u0631\u0632\u06cc \u0648 \u0634\u0646\u0627\u062e\u062a \u0628\u0627\u0648\u0631\u0647\u0627\u06cc \u06af\u0630\u0634\u062a\u06af\u0627\u0646 \u0631\u0627 \u0645\u0631\u0648\u0631 \u06a9\u0646\u06cc\u0645.\",\"breadcrumb\":{\"@id\":\"https:\/\/melalepersian.com\/fr\/product\/introduction-a-shahname-1\/#breadcrumb\"},\"inLanguage\":\"fr-FR\",\"potentialAction\":[{\"@type\":\"ReadAction\",\"target\":[\"https:\/\/melalepersian.com\/fr\/product\/introduction-a-shahname-1\/\"]}]},{\"@type\":\"ImageObject\",\"inLanguage\":\"fr-FR\",\"@id\":\"https:\/\/melalepersian.com\/fr\/product\/introduction-a-shahname-1\/#primaryimage\",\"url\":\"https:\/\/melalepersian.com\/fr\/wp-content\/uploads\/2021\/07\/ferdosi.jpg\",\"contentUrl\":\"https:\/\/melalepersian.com\/fr\/wp-content\/uploads\/2021\/07\/ferdosi.jpg\",\"width\":800,\"height\":300,\"caption\":\"\u0641\u0631\u062f\u0648\u0633\u06cc\"},{\"@type\":\"BreadcrumbList\",\"@id\":\"https:\/\/melalepersian.com\/fr\/product\/introduction-a-shahname-1\/#breadcrumb\",\"itemListElement\":[{\"@type\":\"ListItem\",\"position\":1,\"name\":\"\u062e\u0627\u0646\u0647\",\"item\":\"https:\/\/melalepersian.com\/fr\/\"},{\"@type\":\"ListItem\",\"position\":2,\"name\":\"Shop\",\"item\":\"https:\/\/melalepersian.com\/fr\/shop\/\"},{\"@type\":\"ListItem\",\"position\":3,\"name\":\"Introduction \u00e0 Shahname &#8211; 1\"}]},{\"@type\":\"WebSite\",\"@id\":\"https:\/\/melalepersian.com\/fr\/#website\",\"url\":\"https:\/\/melalepersian.com\/fr\/\",\"name\":\"Centre \u00e9ducatif Nations Persanes - Centre de formation \u00e0 la culture et aux arts iraniens\",\"description\":\"Formation en litt\u00e9rature, langue, musique, architecture et tourisme de la terre d&#039;Iran\",\"publisher\":{\"@id\":\"https:\/\/melalepersian.com\/fr\/#organization\"},\"potentialAction\":[{\"@type\":\"SearchAction\",\"target\":{\"@type\":\"EntryPoint\",\"urlTemplate\":\"https:\/\/melalepersian.com\/fr\/?s={search_term_string}\"},\"query-input\":{\"@type\":\"PropertyValueSpecification\",\"valueRequired\":true,\"valueName\":\"search_term_string\"}}],\"inLanguage\":\"fr-FR\"},{\"@type\":\"Organization\",\"@id\":\"https:\/\/melalepersian.com\/fr\/#organization\",\"name\":\"Melale International Educational Complex\",\"url\":\"https:\/\/melalepersian.com\/fr\/\",\"logo\":{\"@type\":\"ImageObject\",\"inLanguage\":\"fr-FR\",\"@id\":\"https:\/\/melalepersian.com\/fr\/#\/schema\/logo\/image\/\",\"url\":\"https:\/\/melalepersian.com\/wp-content\/uploads\/2022\/02\/melalepersian-logo-500.svg\",\"contentUrl\":\"https:\/\/melalepersian.com\/wp-content\/uploads\/2022\/02\/melalepersian-logo-500.svg\",\"width\":676,\"height\":491,\"caption\":\"Melale International Educational Complex\"},\"image\":{\"@id\":\"https:\/\/melalepersian.com\/fr\/#\/schema\/logo\/image\/\"},\"sameAs\":[\"https:\/\/www.facebook.com\/melalepersian\",\"https:\/\/www.linkedin.com\/company\/melalepersian\/\",\"https:\/\/www.instagram.com\/melalepersian\/\"],\"description\":\"MelalePersian is the biggest online and offline shop for learning language, literature, architecture, and art of rich Persian heritage. With the aim of promoting and obtaining cultural interactions. The services have vast and divergence provided for interested individuals with considering to highest quality. This international, Iranian-French, company is trying to be the best representative of Iranian artistic works around the world.\",\"email\":\"info@melalepersian.com\",\"legalName\":\"MelalePersian\",\"foundingDate\":\"2020-07-23\",\"numberOfEmployees\":{\"@type\":\"QuantitativeValue\",\"minValue\":\"11\",\"maxValue\":\"50\"}}]}<\/script>\n<meta property=\"product:price:amount\" content=\"195\" \/>\n<meta property=\"product:price:currency\" content=\"USD\" \/>\n<meta property=\"og:availability\" content=\"instock\" \/>\n<meta property=\"product:availability\" content=\"instock\" \/>\n<meta property=\"product:condition\" content=\"new\" \/>\n<!-- \/ Yoast SEO Premium plugin. -->","yoast_head_json":{"title":"Introduction \u00e0 Shahname - 1","description":"\u0634\u0627\u0647\u0646\u0627\u0645\u0647 \u0633\u0646\u062f \u0647\u0648\u06cc\u062a \u0648 \u0627\u0646\u062f\u06cc\u0634\u0647\u200c\u06cc \u0622\u062f\u0645\u06cc \u062f\u0631 \u0641\u0631\u0627\u0632 \u0648 \u0646\u0634\u06cc\u0628 \u062a\u0627\u0631\u06cc\u062e \u0628\u0634\u0631\u06cc \u0648 \u0642\u0648\u0645 \u067e\u0627\u0631\u0633\u06cc \u0627\u0633\u062a. \u0628\u0627 \u062e\u0648\u0627\u0646\u062f\u0646 \u0634\u0627\u0647\u0646\u0627\u0645\u0647\u060c \u062e\u0631\u062f\u0648\u0631\u0632\u06cc \u0648 \u0634\u0646\u0627\u062e\u062a \u0628\u0627\u0648\u0631\u0647\u0627\u06cc \u06af\u0630\u0634\u062a\u06af\u0627\u0646 \u0631\u0627 \u0645\u0631\u0648\u0631 \u06a9\u0646\u06cc\u0645.","robots":{"index":"index","follow":"follow","max-snippet":"max-snippet:-1","max-image-preview":"max-image-preview:large","max-video-preview":"max-video-preview:-1"},"canonical":"https:\/\/melalepersian.com\/fr\/product\/introduction-a-shahname-1\/","og_locale":"fr_FR","og_type":"article","og_title":"Introduction \u00e0 Shahname - 1","og_description":"\u0634\u0627\u0647\u0646\u0627\u0645\u0647 \u0633\u0646\u062f \u0647\u0648\u06cc\u062a \u0648 \u0627\u0646\u062f\u06cc\u0634\u0647\u200c\u06cc \u0622\u062f\u0645\u06cc \u062f\u0631 \u0641\u0631\u0627\u0632 \u0648 \u0646\u0634\u06cc\u0628 \u062a\u0627\u0631\u06cc\u062e \u0628\u0634\u0631\u06cc \u0648 \u0642\u0648\u0645 \u067e\u0627\u0631\u0633\u06cc \u0627\u0633\u062a. \u0628\u0627 \u062e\u0648\u0627\u0646\u062f\u0646 \u0634\u0627\u0647\u0646\u0627\u0645\u0647\u060c \u062e\u0631\u062f\u0648\u0631\u0632\u06cc \u0648 \u0634\u0646\u0627\u062e\u062a \u0628\u0627\u0648\u0631\u0647\u0627\u06cc \u06af\u0630\u0634\u062a\u06af\u0627\u0646 \u0631\u0627 \u0645\u0631\u0648\u0631 \u06a9\u0646\u06cc\u0645.","og_url":"https:\/\/melalepersian.com\/fr\/product\/introduction-a-shahname-1\/","og_site_name":"Centre \u00e9ducatif Nations Persanes - Centre de formation \u00e0 la culture et aux arts iraniens","article_publisher":"https:\/\/www.facebook.com\/melalepersian","article_modified_time":"2022-07-21T04:31:05+00:00","og_image":[{"width":800,"height":300,"url":"https:\/\/melalepersian.com\/fr\/wp-content\/uploads\/2021\/07\/ferdosi.jpg","type":"image\/jpeg"}],"twitter_card":"summary_large_image","twitter_misc":{"Prix":"&#36;195","Availability":"In stock"},"schema":{"@context":"https:\/\/schema.org","@graph":[{"@type":"WebPage","@id":"https:\/\/melalepersian.com\/fr\/product\/introduction-a-shahname-1\/","url":"https:\/\/melalepersian.com\/fr\/product\/introduction-a-shahname-1\/","name":"Introduction \u00e0 Shahname - 1","isPartOf":{"@id":"https:\/\/melalepersian.com\/fr\/#website"},"primaryImageOfPage":{"@id":"https:\/\/melalepersian.com\/fr\/product\/introduction-a-shahname-1\/#primaryimage"},"image":{"@id":"https:\/\/melalepersian.com\/fr\/product\/introduction-a-shahname-1\/#primaryimage"},"thumbnailUrl":"https:\/\/melalepersian.com\/fr\/wp-content\/uploads\/2021\/07\/ferdosi.jpg","datePublished":"2022-01-09T09:03:39+00:00","dateModified":"2022-07-21T04:31:05+00:00","description":"\u0634\u0627\u0647\u0646\u0627\u0645\u0647 \u0633\u0646\u062f \u0647\u0648\u06cc\u062a \u0648 \u0627\u0646\u062f\u06cc\u0634\u0647\u200c\u06cc \u0622\u062f\u0645\u06cc \u062f\u0631 \u0641\u0631\u0627\u0632 \u0648 \u0646\u0634\u06cc\u0628 \u062a\u0627\u0631\u06cc\u062e \u0628\u0634\u0631\u06cc \u0648 \u0642\u0648\u0645 \u067e\u0627\u0631\u0633\u06cc \u0627\u0633\u062a. \u0628\u0627 \u062e\u0648\u0627\u0646\u062f\u0646 \u0634\u0627\u0647\u0646\u0627\u0645\u0647\u060c \u062e\u0631\u062f\u0648\u0631\u0632\u06cc \u0648 \u0634\u0646\u0627\u062e\u062a \u0628\u0627\u0648\u0631\u0647\u0627\u06cc \u06af\u0630\u0634\u062a\u06af\u0627\u0646 \u0631\u0627 \u0645\u0631\u0648\u0631 \u06a9\u0646\u06cc\u0645.","breadcrumb":{"@id":"https:\/\/melalepersian.com\/fr\/product\/introduction-a-shahname-1\/#breadcrumb"},"inLanguage":"fr-FR","potentialAction":[{"@type":"ReadAction","target":["https:\/\/melalepersian.com\/fr\/product\/introduction-a-shahname-1\/"]}]},{"@type":"ImageObject","inLanguage":"fr-FR","@id":"https:\/\/melalepersian.com\/fr\/product\/introduction-a-shahname-1\/#primaryimage","url":"https:\/\/melalepersian.com\/fr\/wp-content\/uploads\/2021\/07\/ferdosi.jpg","contentUrl":"https:\/\/melalepersian.com\/fr\/wp-content\/uploads\/2021\/07\/ferdosi.jpg","width":800,"height":300,"caption":"\u0641\u0631\u062f\u0648\u0633\u06cc"},{"@type":"BreadcrumbList","@id":"https:\/\/melalepersian.com\/fr\/product\/introduction-a-shahname-1\/#breadcrumb","itemListElement":[{"@type":"ListItem","position":1,"name":"\u062e\u0627\u0646\u0647","item":"https:\/\/melalepersian.com\/fr\/"},{"@type":"ListItem","position":2,"name":"Shop","item":"https:\/\/melalepersian.com\/fr\/shop\/"},{"@type":"ListItem","position":3,"name":"Introduction \u00e0 Shahname &#8211; 1"}]},{"@type":"WebSite","@id":"https:\/\/melalepersian.com\/fr\/#website","url":"https:\/\/melalepersian.com\/fr\/","name":"Centre \u00e9ducatif Nations Persanes - Centre de formation \u00e0 la culture et aux arts iraniens","description":"Formation en litt\u00e9rature, langue, musique, architecture et tourisme de la terre d&#039;Iran","publisher":{"@id":"https:\/\/melalepersian.com\/fr\/#organization"},"potentialAction":[{"@type":"SearchAction","target":{"@type":"EntryPoint","urlTemplate":"https:\/\/melalepersian.com\/fr\/?s={search_term_string}"},"query-input":{"@type":"PropertyValueSpecification","valueRequired":true,"valueName":"search_term_string"}}],"inLanguage":"fr-FR"},{"@type":"Organization","@id":"https:\/\/melalepersian.com\/fr\/#organization","name":"Melale International Educational Complex","url":"https:\/\/melalepersian.com\/fr\/","logo":{"@type":"ImageObject","inLanguage":"fr-FR","@id":"https:\/\/melalepersian.com\/fr\/#\/schema\/logo\/image\/","url":"https:\/\/melalepersian.com\/wp-content\/uploads\/2022\/02\/melalepersian-logo-500.svg","contentUrl":"https:\/\/melalepersian.com\/wp-content\/uploads\/2022\/02\/melalepersian-logo-500.svg","width":676,"height":491,"caption":"Melale International Educational Complex"},"image":{"@id":"https:\/\/melalepersian.com\/fr\/#\/schema\/logo\/image\/"},"sameAs":["https:\/\/www.facebook.com\/melalepersian","https:\/\/www.linkedin.com\/company\/melalepersian\/","https:\/\/www.instagram.com\/melalepersian\/"],"description":"MelalePersian is the biggest online and offline shop for learning language, literature, architecture, and art of rich Persian heritage. With the aim of promoting and obtaining cultural interactions. The services have vast and divergence provided for interested individuals with considering to highest quality. This international, Iranian-French, company is trying to be the best representative of Iranian artistic works around the world.","email":"info@melalepersian.com","legalName":"MelalePersian","foundingDate":"2020-07-23","numberOfEmployees":{"@type":"QuantitativeValue","minValue":"11","maxValue":"50"}}]},"product_price_amount":"195","product_price_currency":"USD","og_availability":"instock","product_availability":"instock","product_condition":"new"},"_links":{"self":[{"href":"https:\/\/melalepersian.com\/fr\/wp-json\/wp\/v2\/product\/232563","targetHints":{"allow":["GET"]}}],"collection":[{"href":"https:\/\/melalepersian.com\/fr\/wp-json\/wp\/v2\/product"}],"about":[{"href":"https:\/\/melalepersian.com\/fr\/wp-json\/wp\/v2\/types\/product"}],"replies":[{"embeddable":true,"href":"https:\/\/melalepersian.com\/fr\/wp-json\/wp\/v2\/comments?post=232563"}],"version-history":[{"count":0,"href":"https:\/\/melalepersian.com\/fr\/wp-json\/wp\/v2\/product\/232563\/revisions"}],"wp:featuredmedia":[{"embeddable":true,"href":"https:\/\/melalepersian.com\/fr\/wp-json\/wp\/v2\/media\/229704"}],"wp:attachment":[{"href":"https:\/\/melalepersian.com\/fr\/wp-json\/wp\/v2\/media?parent=232563"}],"wp:term":[{"taxonomy":"product_brand","embeddable":true,"href":"https:\/\/melalepersian.com\/fr\/wp-json\/wp\/v2\/product_brand?post=232563"},{"taxonomy":"product_cat","embeddable":true,"href":"https:\/\/melalepersian.com\/fr\/wp-json\/wp\/v2\/product_cat?post=232563"},{"taxonomy":"product_tag","embeddable":true,"href":"https:\/\/melalepersian.com\/fr\/wp-json\/wp\/v2\/product_tag?post=232563"}],"curies":[{"name":"wp","href":"https:\/\/api.w.org\/{rel}","templated":true}]}}